{"id":32983,"date":"2026-04-18T15:16:37","date_gmt":"2026-04-18T13:16:37","guid":{"rendered":"https:\/\/cohea.be\/produit\/i-create-volume-295ml\/"},"modified":"2026-04-24T16:04:58","modified_gmt":"2026-04-24T14:04:58","slug":"i-create-volume-295ml","status":"publish","type":"product","link":"https:\/\/cohea.be\/en\/produit\/i-create-volume-295ml\/","title":{"rendered":"I Create Volume (295ml)"},"content":{"rendered":"<p><!--more-->Water, Aqua-EAU, Aloe Barbadensis (Aloe Vera) Leaf Gel*, Cyamop-sistetragonolobus (guar) Gum* Sorbitol, Sclerotium Gum Citrus Aurantium Amara (Bitter Orange) Flower Water*, Camellia Sinensis Organic African Rooibos Leaf Extract*Gluconolactone, Sodium Benzoate, Calcium Gluconate, Potassium Sorbate Hydrolysed Rice Protein, Glycerin, Chamomilla Recutita (Matricaria) Flower Extract*, Eucalyptus Globulus Leaf Extract*, Ginkgo Biloba Leaf Extract*, Aspalathus Linearis Leaf Extract*, Eucalyptus Globulus Extract*, Citric Acid, Maltodex , Honey Extract*, Linalol\u2020.<\/p>\n<p>&nbsp;<\/p>\n<p>*Certifi\u00e9 biologique<\/p>\n<p>\u2020 Un composant naturel des huiles essentielles<\/p>\n","protected":false},"excerpt":{"rendered":"<div class=\"woocommerce-product-details__short-description\">\n<p><strong>295ml<\/strong><\/p>\n<p><strong>Augmentez le volume<\/strong>\u00a0de vos boucles gr\u00e2ce \u00e0 cette lotion fluide et volumatrice \u00e0 base de miel, d\u2019acides amin\u00e9s de riz et d\u2019aloe Vera.<\/p>\n<p>Certifi\u00e9e biologique, elle apportera\u00a0<strong>souplesse et brillance<\/strong>\u00a0\u00e0 vos cheveux, m\u00eame les plus fins.<\/p>\n<\/div>\n","protected":false},"featured_media":20185,"comment_status":"open","ping_status":"closed","template":"","meta":[],"product_brand":[],"product_cat":[198,214,481],"product_tag":[],"class_list":{"0":"post-32983","1":"product","2":"type-product","3":"status-publish","4":"has-post-thumbnail","6":"product_cat-coiffer-definir","7":"product_cat-innersense-organic-beauty","8":"product_cat-laits-coiffants","9":"yith_product_brand-innersense-organic-beauty","11":"first","12":"instock","13":"taxable","14":"shipping-taxable","15":"purchasable","16":"product-type-simple"},"yoast_head":"<!-- This site is optimized with the Yoast SEO plugin v27.4 - https:\/\/yoast.com\/product\/yoast-seo-wordpress\/ -->\n<title>I Create Volume (295ml) &#8211; COHEA<\/title>\n<meta name=\"robots\" content=\"index, follow, max-snippet:-1, max-image-preview:large, max-video-preview:-1\" \/>\n<link rel=\"canonical\" href=\"https:\/\/cohea.be\/produit\/i-create-volume-295ml\/\" \/>\n<meta property=\"og:locale\" content=\"en_US\" \/>\n<meta property=\"og:type\" content=\"article\" \/>\n<meta property=\"og:title\" content=\"I Create Volume (295ml) &#8211; COHEA\" \/>\n<meta property=\"og:description\" content=\"295ml  Augmentez le volume\u00a0de vos boucles gr\u00e2ce \u00e0 cette lotion fluide et volumatrice \u00e0 base de miel, d\u2019acides amin\u00e9s de riz et d\u2019aloe Vera.  Certifi\u00e9e biologique, elle apportera\u00a0souplesse et brillance\u00a0\u00e0 vos cheveux, m\u00eame les plus fins.\" \/>\n<meta property=\"og:url\" content=\"https:\/\/cohea.be\/produit\/i-create-volume-295ml\/\" \/>\n<meta property=\"og:site_name\" content=\"COHEA\" \/>\n<meta property=\"article:modified_time\" content=\"2026-04-24T14:04:58+00:00\" \/>\n<meta property=\"og:image\" content=\"https:\/\/cohea.be\/wp-content\/uploads\/2021\/08\/I-Create-Volume-10oz-Innersense-Organic-Beauty.jpg\" \/>\n\t<meta property=\"og:image:width\" content=\"1000\" \/>\n\t<meta property=\"og:image:height\" content=\"1000\" \/>\n\t<meta property=\"og:image:type\" content=\"image\/jpeg\" \/>\n<meta name=\"twitter:card\" content=\"summary_large_image\" \/>\n<meta name=\"twitter:label1\" content=\"Est. reading time\" \/>\n\t<meta name=\"twitter:data1\" content=\"1 minute\" \/>\n<script type=\"application\/ld+json\" class=\"yoast-schema-graph\">{\"@context\":\"https:\\\/\\\/schema.org\",\"@graph\":[{\"@type\":\"WebPage\",\"@id\":\"https:\\\/\\\/cohea.be\\\/produit\\\/i-create-volume-295ml\\\/\",\"url\":\"https:\\\/\\\/cohea.be\\\/produit\\\/i-create-volume-295ml\\\/\",\"name\":\"I Create Volume (295ml) &#8211; COHEA\",\"isPartOf\":{\"@id\":\"https:\\\/\\\/cohea.be\\\/#website\"},\"primaryImageOfPage\":{\"@id\":\"https:\\\/\\\/cohea.be\\\/produit\\\/i-create-volume-295ml\\\/#primaryimage\"},\"image\":{\"@id\":\"https:\\\/\\\/cohea.be\\\/produit\\\/i-create-volume-295ml\\\/#primaryimage\"},\"thumbnailUrl\":\"https:\\\/\\\/cohea.be\\\/wp-content\\\/uploads\\\/2021\\\/08\\\/I-Create-Volume-10oz-Innersense-Organic-Beauty.jpg\",\"datePublished\":\"2026-04-18T13:16:37+00:00\",\"dateModified\":\"2026-04-24T14:04:58+00:00\",\"breadcrumb\":{\"@id\":\"https:\\\/\\\/cohea.be\\\/produit\\\/i-create-volume-295ml\\\/#breadcrumb\"},\"inLanguage\":\"en-US\",\"potentialAction\":[{\"@type\":\"ReadAction\",\"target\":[\"https:\\\/\\\/cohea.be\\\/produit\\\/i-create-volume-295ml\\\/\"]}]},{\"@type\":\"ImageObject\",\"inLanguage\":\"en-US\",\"@id\":\"https:\\\/\\\/cohea.be\\\/produit\\\/i-create-volume-295ml\\\/#primaryimage\",\"url\":\"https:\\\/\\\/cohea.be\\\/wp-content\\\/uploads\\\/2021\\\/08\\\/I-Create-Volume-10oz-Innersense-Organic-Beauty.jpg\",\"contentUrl\":\"https:\\\/\\\/cohea.be\\\/wp-content\\\/uploads\\\/2021\\\/08\\\/I-Create-Volume-10oz-Innersense-Organic-Beauty.jpg\",\"width\":\"1000\",\"height\":\"1000\"},{\"@type\":\"BreadcrumbList\",\"@id\":\"https:\\\/\\\/cohea.be\\\/produit\\\/i-create-volume-295ml\\\/#breadcrumb\",\"itemListElement\":[{\"@type\":\"ListItem\",\"position\":1,\"name\":\"Accueil\",\"item\":\"https:\\\/\\\/cohea.be\\\/en\\\/main-home\\\/\"},{\"@type\":\"ListItem\",\"position\":2,\"name\":\"Shop\",\"item\":\"https:\\\/\\\/cohea.be\\\/en\\\/shop\\\/\"},{\"@type\":\"ListItem\",\"position\":3,\"name\":\"I Create Volume (295ml)\"}]},{\"@type\":\"WebSite\",\"@id\":\"https:\\\/\\\/cohea.be\\\/#website\",\"url\":\"https:\\\/\\\/cohea.be\\\/\",\"name\":\"COHEA\",\"description\":\"\",\"publisher\":{\"@id\":\"https:\\\/\\\/cohea.be\\\/#organization\"},\"potentialAction\":[{\"@type\":\"SearchAction\",\"target\":{\"@type\":\"EntryPoint\",\"urlTemplate\":\"https:\\\/\\\/cohea.be\\\/?s={search_term_string}\"},\"query-input\":{\"@type\":\"PropertyValueSpecification\",\"valueRequired\":true,\"valueName\":\"search_term_string\"}}],\"inLanguage\":\"en-US\"},{\"@type\":\"Organization\",\"@id\":\"https:\\\/\\\/cohea.be\\\/#organization\",\"name\":\"COHEA\",\"url\":\"https:\\\/\\\/cohea.be\\\/\",\"logo\":{\"@type\":\"ImageObject\",\"inLanguage\":\"en-US\",\"@id\":\"https:\\\/\\\/cohea.be\\\/#\\\/schema\\\/logo\\\/image\\\/\",\"url\":\"http:\\\/\\\/cohea.be\\\/wp-content\\\/uploads\\\/2018\\\/09\\\/LOGO-NOIR-1.png\",\"contentUrl\":\"http:\\\/\\\/cohea.be\\\/wp-content\\\/uploads\\\/2018\\\/09\\\/LOGO-NOIR-1.png\",\"width\":4920,\"height\":1604,\"caption\":\"COHEA\"},\"image\":{\"@id\":\"https:\\\/\\\/cohea.be\\\/#\\\/schema\\\/logo\\\/image\\\/\"}}]}<\/script>\n<!-- \/ Yoast SEO plugin. -->","yoast_head_json":{"title":"I Create Volume (295ml) &#8211; COHEA","robots":{"index":"index","follow":"follow","max-snippet":"max-snippet:-1","max-image-preview":"max-image-preview:large","max-video-preview":"max-video-preview:-1"},"canonical":"https:\/\/cohea.be\/produit\/i-create-volume-295ml\/","og_locale":"en_US","og_type":"article","og_title":"I Create Volume (295ml) &#8211; COHEA","og_description":"295ml  Augmentez le volume\u00a0de vos boucles gr\u00e2ce \u00e0 cette lotion fluide et volumatrice \u00e0 base de miel, d\u2019acides amin\u00e9s de riz et d\u2019aloe Vera.  Certifi\u00e9e biologique, elle apportera\u00a0souplesse et brillance\u00a0\u00e0 vos cheveux, m\u00eame les plus fins.","og_url":"https:\/\/cohea.be\/produit\/i-create-volume-295ml\/","og_site_name":"COHEA","article_modified_time":"2026-04-24T14:04:58+00:00","og_image":[{"width":1000,"height":1000,"url":"https:\/\/cohea.be\/wp-content\/uploads\/2021\/08\/I-Create-Volume-10oz-Innersense-Organic-Beauty.jpg","type":"image\/jpeg"}],"twitter_card":"summary_large_image","twitter_misc":{"Est. reading time":"1 minute"},"schema":{"@context":"https:\/\/schema.org","@graph":[{"@type":"WebPage","@id":"https:\/\/cohea.be\/produit\/i-create-volume-295ml\/","url":"https:\/\/cohea.be\/produit\/i-create-volume-295ml\/","name":"I Create Volume (295ml) &#8211; COHEA","isPartOf":{"@id":"https:\/\/cohea.be\/#website"},"primaryImageOfPage":{"@id":"https:\/\/cohea.be\/produit\/i-create-volume-295ml\/#primaryimage"},"image":{"@id":"https:\/\/cohea.be\/produit\/i-create-volume-295ml\/#primaryimage"},"thumbnailUrl":"https:\/\/cohea.be\/wp-content\/uploads\/2021\/08\/I-Create-Volume-10oz-Innersense-Organic-Beauty.jpg","datePublished":"2026-04-18T13:16:37+00:00","dateModified":"2026-04-24T14:04:58+00:00","breadcrumb":{"@id":"https:\/\/cohea.be\/produit\/i-create-volume-295ml\/#breadcrumb"},"inLanguage":"en-US","potentialAction":[{"@type":"ReadAction","target":["https:\/\/cohea.be\/produit\/i-create-volume-295ml\/"]}]},{"@type":"ImageObject","inLanguage":"en-US","@id":"https:\/\/cohea.be\/produit\/i-create-volume-295ml\/#primaryimage","url":"https:\/\/cohea.be\/wp-content\/uploads\/2021\/08\/I-Create-Volume-10oz-Innersense-Organic-Beauty.jpg","contentUrl":"https:\/\/cohea.be\/wp-content\/uploads\/2021\/08\/I-Create-Volume-10oz-Innersense-Organic-Beauty.jpg","width":"1000","height":"1000"},{"@type":"BreadcrumbList","@id":"https:\/\/cohea.be\/produit\/i-create-volume-295ml\/#breadcrumb","itemListElement":[{"@type":"ListItem","position":1,"name":"Accueil","item":"https:\/\/cohea.be\/en\/main-home\/"},{"@type":"ListItem","position":2,"name":"Shop","item":"https:\/\/cohea.be\/en\/shop\/"},{"@type":"ListItem","position":3,"name":"I Create Volume (295ml)"}]},{"@type":"WebSite","@id":"https:\/\/cohea.be\/#website","url":"https:\/\/cohea.be\/","name":"COHEA","description":"","publisher":{"@id":"https:\/\/cohea.be\/#organization"},"potentialAction":[{"@type":"SearchAction","target":{"@type":"EntryPoint","urlTemplate":"https:\/\/cohea.be\/?s={search_term_string}"},"query-input":{"@type":"PropertyValueSpecification","valueRequired":true,"valueName":"search_term_string"}}],"inLanguage":"en-US"},{"@type":"Organization","@id":"https:\/\/cohea.be\/#organization","name":"COHEA","url":"https:\/\/cohea.be\/","logo":{"@type":"ImageObject","inLanguage":"en-US","@id":"https:\/\/cohea.be\/#\/schema\/logo\/image\/","url":"http:\/\/cohea.be\/wp-content\/uploads\/2018\/09\/LOGO-NOIR-1.png","contentUrl":"http:\/\/cohea.be\/wp-content\/uploads\/2018\/09\/LOGO-NOIR-1.png","width":4920,"height":1604,"caption":"COHEA"},"image":{"@id":"https:\/\/cohea.be\/#\/schema\/logo\/image\/"}}]}},"jetpack_sharing_enabled":true,"_links":{"self":[{"href":"https:\/\/cohea.be\/en\/wp-json\/wp\/v2\/product\/32983","targetHints":{"allow":["GET"]}}],"collection":[{"href":"https:\/\/cohea.be\/en\/wp-json\/wp\/v2\/product"}],"about":[{"href":"https:\/\/cohea.be\/en\/wp-json\/wp\/v2\/types\/product"}],"replies":[{"embeddable":true,"href":"https:\/\/cohea.be\/en\/wp-json\/wp\/v2\/comments?post=32983"}],"wp:featuredmedia":[{"embeddable":true,"href":"https:\/\/cohea.be\/en\/wp-json\/wp\/v2\/media\/20185"}],"wp:attachment":[{"href":"https:\/\/cohea.be\/en\/wp-json\/wp\/v2\/media?parent=32983"}],"wp:term":[{"taxonomy":"product_brand","embeddable":true,"href":"https:\/\/cohea.be\/en\/wp-json\/wp\/v2\/product_brand?post=32983"},{"taxonomy":"product_cat","embeddable":true,"href":"https:\/\/cohea.be\/en\/wp-json\/wp\/v2\/product_cat?post=32983"},{"taxonomy":"product_tag","embeddable":true,"href":"https:\/\/cohea.be\/en\/wp-json\/wp\/v2\/product_tag?post=32983"}],"curies":[{"name":"wp","href":"https:\/\/api.w.org\/{rel}","templated":true}]}}