{"id":32769,"date":"2026-01-31T12:15:02","date_gmt":"2026-01-31T11:15:02","guid":{"rendered":"https:\/\/cohea.be\/produit\/sweet-spirit-leave-in-fragrance-free-295ml\/"},"modified":"2026-01-31T12:15:02","modified_gmt":"2026-01-31T11:15:02","slug":"sweet-spirit-leave-in-fragrance-free-295ml","status":"publish","type":"product","link":"https:\/\/cohea.be\/en\/produit\/sweet-spirit-leave-in-fragrance-free-295ml\/","title":{"rendered":"Sweet spirit leave-in Fragrance Free (295ml)"},"content":{"rendered":"<p>Aqua, Aloe Barbadensis Leaf Gel<sup><a href=\"https:\/\/www.cosmeterie.com\/innersense-organic-beauty\/sweet-spirit-leave-in-conditioner#cite_note-72a58921d203d38ef-1\">[1]<\/a><\/sup>, Cetearylalcohol, Glycerin, Distearoylethyl Dimonium Chlorid, Caprylic\/Capric Triglyceride, Hydrolyzed Quinoa<sup><a href=\"https:\/\/www.cosmeterie.com\/innersense-organic-beauty\/sweet-spirit-leave-in-conditioner#cite_note-72a58921d203d38ef-1\">[1]<\/a><\/sup>, Gluconolactone, Sodium Benzoate, Calcium Gluconate, Potassium Sorbate, Benzyl Acetate,\u00a0<span title=\"Allergen\">Linalyl Acetate<\/span>, Citronellal, Abies Balsamea (Balsam Canada) Needle Oil<sup><a href=\"https:\/\/www.cosmeterie.com\/innersense-organic-beauty\/sweet-spirit-leave-in-conditioner#cite_note-72a58921d203d38ef-1\">[1]<\/a><\/sup>,\u00a0<span title=\"Allergen\">Juniperus Virginiana (Cedarwood) Oil<sup><a href=\"https:\/\/www.cosmeterie.com\/innersense-organic-beauty\/sweet-spirit-leave-in-conditioner#cite_note-72a58921d203d38ef-1\">[1]<\/a><\/sup><\/span>,\u00a0<span title=\"Allergen\">Alpha-Terpineol<\/span>,\u00a0<span title=\"Allergen\">Amyl Cinnamal<\/span>,\u00a0<span title=\"Allergen\">Linalool<\/span>, Pogostemon, Cablin (Patchouli) Leaf Oil, Salvia Sclarea (Clary) Oil, Citrus Reticulata Peel Oil, Mentha Citrata Herb Oil, Eugenia Cayophyllus (Clove) Oil, Michelia Alba Leaf Oil,\u00a0<span title=\"Allergen\">Lavandula Angustifolia Oil<\/span>, Citrus Lemon Peel Oil, Citrus Aurantifolia Oil,\u00a0<span title=\"Allergen\">Lavandula Hybrida Oil<\/span>, Cinnamomum Camphora (Camphor) Bark Oil, Alpha-Ionone,\u00a0<span title=\"Allergen\">Evernia Prunastri Extract<\/span>, Anisaldehyde, Cistus Ladaniferus Resin,\u00a0<span title=\"Allergen\">Menthol<\/span>, Myristica Fragrans Kernel Oil,\u00a0<span title=\"Allergen\">Jasminum Grandiflorum Flower Extract<\/span>, Neroli,\u00a0<span title=\"Allergen\">Benzaldehyde<\/span>, Chamomilla Recutita (Matricaria) Flower Extract<sup><a href=\"https:\/\/www.cosmeterie.com\/innersense-organic-beauty\/sweet-spirit-leave-in-conditioner#cite_note-72a58921d203d38ef-1\">[1]<\/a><\/sup>,\u00a0<span title=\"Allergen\">Eucalyptus Globulus Leaf Extract<sup><a href=\"https:\/\/www.cosmeterie.com\/innersense-organic-beauty\/sweet-spirit-leave-in-conditioner#cite_note-72a58921d203d38ef-1\">[1]<\/a><\/sup><\/span>, Ginkgo Biloba Leaf Extract<sup><a href=\"https:\/\/www.cosmeterie.com\/innersense-organic-beauty\/sweet-spirit-leave-in-conditioner#cite_note-72a58921d203d38ef-1\">[1]<\/a><\/sup>, Aspalathus Linearis Leaf Extract<sup><a href=\"https:\/\/www.cosmeterie.com\/innersense-organic-beauty\/sweet-spirit-leave-in-conditioner#cite_note-72a58921d203d38ef-1\">[1]<\/a><\/sup>, Mel (Honey) Extract<sup><a href=\"https:\/\/www.cosmeterie.com\/innersense-organic-beauty\/sweet-spirit-leave-in-conditioner#cite_note-72a58921d203d38ef-1\">[1]<\/a><\/sup>, Calophyllum Inophyllum (Tamanu) Oil, Rosmarinus Officinalis Oil, Citric Acid,\u00a0<span title=\"Allergen\">Eugenol<\/span>,\u00a0<span title=\"Allergen\">Limonene<\/span><\/p>\n","protected":false},"excerpt":{"rendered":"<div class=\"woocommerce-product-details__short-description\">\n<p>295ml<\/p>\n<p>D\u00e9di\u00e9e \u00e0 la puret\u00e9, \u00e0 la tranquillit\u00e9 d&#8217;esprit et \u00e0 la pratique des soins personnels, Innersense vous donne les moyens d&#8217;agir, vous informe et vous inspire en associant soins capillaires et bien-\u00eatre. Fond\u00e9e par deux professionnels de la beaut\u00e9 qui partageaient une passion pour les cheveux, la marque vous fait retomber amoureux de votre chevelure. Pour celles et ceux qui ont le cuir chevelu sensible, le Sweet Spirit Leave in Conditioner &#8211; Fragrance Free <strong>d\u00e9m\u00eale<\/strong>, <strong>lisse<\/strong> et <strong>adoucit<\/strong> les cheveux gr\u00e2ce \u00e0 une version <strong>sans parfum<\/strong> de son spray best-seller.<\/p>\n<\/div>\n","protected":false},"featured_media":32768,"comment_status":"open","ping_status":"closed","template":"","meta":[],"product_brand":[],"product_cat":[229,219,235],"product_tag":[],"class_list":{"0":"post-32769","1":"product","2":"type-product","3":"status-publish","4":"has-post-thumbnail","6":"product_cat-leave-in-conditioners","7":"product_cat-hydrate-detangle","8":"product_cat-innersense-organic-beauty-en","9":"yith_product_brand-innersense-organic-beauty-en","11":"first","12":"instock","13":"taxable","14":"shipping-taxable","15":"product-type-simple"},"yoast_head":"<!-- This site is optimized with the Yoast SEO plugin v27.3 - https:\/\/yoast.com\/product\/yoast-seo-wordpress\/ -->\n<title>Sweet spirit leave-in Fragrance Free (295ml) &#8211; COHEA<\/title>\n<meta name=\"robots\" content=\"index, follow, max-snippet:-1, max-image-preview:large, max-video-preview:-1\" \/>\n<link rel=\"canonical\" href=\"https:\/\/cohea.be\/en\/produit\/sweet-spirit-leave-in-fragrance-free-295ml\/\" \/>\n<meta property=\"og:locale\" content=\"en_US\" \/>\n<meta property=\"og:type\" content=\"article\" \/>\n<meta property=\"og:title\" content=\"Sweet spirit leave-in Fragrance Free (295ml) &#8211; COHEA\" \/>\n<meta property=\"og:description\" content=\"295ml  D\u00e9di\u00e9e \u00e0 la puret\u00e9, \u00e0 la tranquillit\u00e9 d&#039;esprit et \u00e0 la pratique des soins personnels, Innersense vous donne les moyens d&#039;agir, vous informe et vous inspire en associant soins capillaires et bien-\u00eatre. Fond\u00e9e par deux professionnels de la beaut\u00e9 qui partageaient une passion pour les cheveux, la marque vous fait retomber amoureux de votre chevelure. Pour celles et ceux qui ont le cuir chevelu sensible, le Sweet Spirit Leave in Conditioner - Fragrance Free d\u00e9m\u00eale, lisse et adoucit les cheveux gr\u00e2ce \u00e0 une version sans parfum de son spray best-seller.\" \/>\n<meta property=\"og:url\" content=\"https:\/\/cohea.be\/en\/produit\/sweet-spirit-leave-in-fragrance-free-295ml\/\" \/>\n<meta property=\"og:site_name\" content=\"COHEA\" \/>\n<meta name=\"twitter:card\" content=\"summary_large_image\" \/>\n<meta name=\"twitter:label1\" content=\"Est. reading time\" \/>\n\t<meta name=\"twitter:data1\" content=\"1 minute\" \/>\n<script type=\"application\/ld+json\" class=\"yoast-schema-graph\">{\"@context\":\"https:\\\/\\\/schema.org\",\"@graph\":[{\"@type\":\"WebPage\",\"@id\":\"https:\\\/\\\/cohea.be\\\/en\\\/produit\\\/sweet-spirit-leave-in-fragrance-free-295ml\\\/\",\"url\":\"https:\\\/\\\/cohea.be\\\/en\\\/produit\\\/sweet-spirit-leave-in-fragrance-free-295ml\\\/\",\"name\":\"Sweet spirit leave-in Fragrance Free (295ml) &#8211; COHEA\",\"isPartOf\":{\"@id\":\"https:\\\/\\\/cohea.be\\\/#website\"},\"primaryImageOfPage\":{\"@id\":\"https:\\\/\\\/cohea.be\\\/en\\\/produit\\\/sweet-spirit-leave-in-fragrance-free-295ml\\\/#primaryimage\"},\"image\":{\"@id\":\"https:\\\/\\\/cohea.be\\\/en\\\/produit\\\/sweet-spirit-leave-in-fragrance-free-295ml\\\/#primaryimage\"},\"thumbnailUrl\":\"https:\\\/\\\/cohea.be\\\/wp-content\\\/uploads\\\/2026\\\/01\\\/E-shop_vignette_produits-8.png\",\"datePublished\":\"2026-01-31T11:15:02+00:00\",\"breadcrumb\":{\"@id\":\"https:\\\/\\\/cohea.be\\\/en\\\/produit\\\/sweet-spirit-leave-in-fragrance-free-295ml\\\/#breadcrumb\"},\"inLanguage\":\"en-US\",\"potentialAction\":[{\"@type\":\"ReadAction\",\"target\":[\"https:\\\/\\\/cohea.be\\\/en\\\/produit\\\/sweet-spirit-leave-in-fragrance-free-295ml\\\/\"]}]},{\"@type\":\"ImageObject\",\"inLanguage\":\"en-US\",\"@id\":\"https:\\\/\\\/cohea.be\\\/en\\\/produit\\\/sweet-spirit-leave-in-fragrance-free-295ml\\\/#primaryimage\",\"url\":\"https:\\\/\\\/cohea.be\\\/wp-content\\\/uploads\\\/2026\\\/01\\\/E-shop_vignette_produits-8.png\",\"contentUrl\":\"https:\\\/\\\/cohea.be\\\/wp-content\\\/uploads\\\/2026\\\/01\\\/E-shop_vignette_produits-8.png\",\"width\":1080,\"height\":1080},{\"@type\":\"BreadcrumbList\",\"@id\":\"https:\\\/\\\/cohea.be\\\/en\\\/produit\\\/sweet-spirit-leave-in-fragrance-free-295ml\\\/#breadcrumb\",\"itemListElement\":[{\"@type\":\"ListItem\",\"position\":1,\"name\":\"Accueil\",\"item\":\"https:\\\/\\\/cohea.be\\\/en\\\/main-home\\\/\"},{\"@type\":\"ListItem\",\"position\":2,\"name\":\"Shop\",\"item\":\"https:\\\/\\\/cohea.be\\\/en\\\/shop\\\/\"},{\"@type\":\"ListItem\",\"position\":3,\"name\":\"Sweet spirit leave-in Fragrance Free (295ml)\"}]},{\"@type\":\"WebSite\",\"@id\":\"https:\\\/\\\/cohea.be\\\/#website\",\"url\":\"https:\\\/\\\/cohea.be\\\/\",\"name\":\"COHEA\",\"description\":\"\",\"publisher\":{\"@id\":\"https:\\\/\\\/cohea.be\\\/#organization\"},\"potentialAction\":[{\"@type\":\"SearchAction\",\"target\":{\"@type\":\"EntryPoint\",\"urlTemplate\":\"https:\\\/\\\/cohea.be\\\/?s={search_term_string}\"},\"query-input\":{\"@type\":\"PropertyValueSpecification\",\"valueRequired\":true,\"valueName\":\"search_term_string\"}}],\"inLanguage\":\"en-US\"},{\"@type\":\"Organization\",\"@id\":\"https:\\\/\\\/cohea.be\\\/#organization\",\"name\":\"COHEA\",\"url\":\"https:\\\/\\\/cohea.be\\\/\",\"logo\":{\"@type\":\"ImageObject\",\"inLanguage\":\"en-US\",\"@id\":\"https:\\\/\\\/cohea.be\\\/#\\\/schema\\\/logo\\\/image\\\/\",\"url\":\"http:\\\/\\\/cohea.be\\\/wp-content\\\/uploads\\\/2018\\\/09\\\/LOGO-NOIR-1.png\",\"contentUrl\":\"http:\\\/\\\/cohea.be\\\/wp-content\\\/uploads\\\/2018\\\/09\\\/LOGO-NOIR-1.png\",\"width\":4920,\"height\":1604,\"caption\":\"COHEA\"},\"image\":{\"@id\":\"https:\\\/\\\/cohea.be\\\/#\\\/schema\\\/logo\\\/image\\\/\"}}]}<\/script>\n<!-- \/ Yoast SEO plugin. -->","yoast_head_json":{"title":"Sweet spirit leave-in Fragrance Free (295ml) &#8211; COHEA","robots":{"index":"index","follow":"follow","max-snippet":"max-snippet:-1","max-image-preview":"max-image-preview:large","max-video-preview":"max-video-preview:-1"},"canonical":"https:\/\/cohea.be\/en\/produit\/sweet-spirit-leave-in-fragrance-free-295ml\/","og_locale":"en_US","og_type":"article","og_title":"Sweet spirit leave-in Fragrance Free (295ml) &#8211; COHEA","og_description":"295ml  D\u00e9di\u00e9e \u00e0 la puret\u00e9, \u00e0 la tranquillit\u00e9 d'esprit et \u00e0 la pratique des soins personnels, Innersense vous donne les moyens d'agir, vous informe et vous inspire en associant soins capillaires et bien-\u00eatre. Fond\u00e9e par deux professionnels de la beaut\u00e9 qui partageaient une passion pour les cheveux, la marque vous fait retomber amoureux de votre chevelure. Pour celles et ceux qui ont le cuir chevelu sensible, le Sweet Spirit Leave in Conditioner - Fragrance Free d\u00e9m\u00eale, lisse et adoucit les cheveux gr\u00e2ce \u00e0 une version sans parfum de son spray best-seller.","og_url":"https:\/\/cohea.be\/en\/produit\/sweet-spirit-leave-in-fragrance-free-295ml\/","og_site_name":"COHEA","twitter_card":"summary_large_image","twitter_misc":{"Est. reading time":"1 minute"},"schema":{"@context":"https:\/\/schema.org","@graph":[{"@type":"WebPage","@id":"https:\/\/cohea.be\/en\/produit\/sweet-spirit-leave-in-fragrance-free-295ml\/","url":"https:\/\/cohea.be\/en\/produit\/sweet-spirit-leave-in-fragrance-free-295ml\/","name":"Sweet spirit leave-in Fragrance Free (295ml) &#8211; COHEA","isPartOf":{"@id":"https:\/\/cohea.be\/#website"},"primaryImageOfPage":{"@id":"https:\/\/cohea.be\/en\/produit\/sweet-spirit-leave-in-fragrance-free-295ml\/#primaryimage"},"image":{"@id":"https:\/\/cohea.be\/en\/produit\/sweet-spirit-leave-in-fragrance-free-295ml\/#primaryimage"},"thumbnailUrl":"https:\/\/cohea.be\/wp-content\/uploads\/2026\/01\/E-shop_vignette_produits-8.png","datePublished":"2026-01-31T11:15:02+00:00","breadcrumb":{"@id":"https:\/\/cohea.be\/en\/produit\/sweet-spirit-leave-in-fragrance-free-295ml\/#breadcrumb"},"inLanguage":"en-US","potentialAction":[{"@type":"ReadAction","target":["https:\/\/cohea.be\/en\/produit\/sweet-spirit-leave-in-fragrance-free-295ml\/"]}]},{"@type":"ImageObject","inLanguage":"en-US","@id":"https:\/\/cohea.be\/en\/produit\/sweet-spirit-leave-in-fragrance-free-295ml\/#primaryimage","url":"https:\/\/cohea.be\/wp-content\/uploads\/2026\/01\/E-shop_vignette_produits-8.png","contentUrl":"https:\/\/cohea.be\/wp-content\/uploads\/2026\/01\/E-shop_vignette_produits-8.png","width":1080,"height":1080},{"@type":"BreadcrumbList","@id":"https:\/\/cohea.be\/en\/produit\/sweet-spirit-leave-in-fragrance-free-295ml\/#breadcrumb","itemListElement":[{"@type":"ListItem","position":1,"name":"Accueil","item":"https:\/\/cohea.be\/en\/main-home\/"},{"@type":"ListItem","position":2,"name":"Shop","item":"https:\/\/cohea.be\/en\/shop\/"},{"@type":"ListItem","position":3,"name":"Sweet spirit leave-in Fragrance Free (295ml)"}]},{"@type":"WebSite","@id":"https:\/\/cohea.be\/#website","url":"https:\/\/cohea.be\/","name":"COHEA","description":"","publisher":{"@id":"https:\/\/cohea.be\/#organization"},"potentialAction":[{"@type":"SearchAction","target":{"@type":"EntryPoint","urlTemplate":"https:\/\/cohea.be\/?s={search_term_string}"},"query-input":{"@type":"PropertyValueSpecification","valueRequired":true,"valueName":"search_term_string"}}],"inLanguage":"en-US"},{"@type":"Organization","@id":"https:\/\/cohea.be\/#organization","name":"COHEA","url":"https:\/\/cohea.be\/","logo":{"@type":"ImageObject","inLanguage":"en-US","@id":"https:\/\/cohea.be\/#\/schema\/logo\/image\/","url":"http:\/\/cohea.be\/wp-content\/uploads\/2018\/09\/LOGO-NOIR-1.png","contentUrl":"http:\/\/cohea.be\/wp-content\/uploads\/2018\/09\/LOGO-NOIR-1.png","width":4920,"height":1604,"caption":"COHEA"},"image":{"@id":"https:\/\/cohea.be\/#\/schema\/logo\/image\/"}}]}},"jetpack_sharing_enabled":true,"_links":{"self":[{"href":"https:\/\/cohea.be\/en\/wp-json\/wp\/v2\/product\/32769","targetHints":{"allow":["GET"]}}],"collection":[{"href":"https:\/\/cohea.be\/en\/wp-json\/wp\/v2\/product"}],"about":[{"href":"https:\/\/cohea.be\/en\/wp-json\/wp\/v2\/types\/product"}],"replies":[{"embeddable":true,"href":"https:\/\/cohea.be\/en\/wp-json\/wp\/v2\/comments?post=32769"}],"wp:featuredmedia":[{"embeddable":true,"href":"https:\/\/cohea.be\/en\/wp-json\/wp\/v2\/media\/32768"}],"wp:attachment":[{"href":"https:\/\/cohea.be\/en\/wp-json\/wp\/v2\/media?parent=32769"}],"wp:term":[{"taxonomy":"product_brand","embeddable":true,"href":"https:\/\/cohea.be\/en\/wp-json\/wp\/v2\/product_brand?post=32769"},{"taxonomy":"product_cat","embeddable":true,"href":"https:\/\/cohea.be\/en\/wp-json\/wp\/v2\/product_cat?post=32769"},{"taxonomy":"product_tag","embeddable":true,"href":"https:\/\/cohea.be\/en\/wp-json\/wp\/v2\/product_tag?post=32769"}],"curies":[{"name":"wp","href":"https:\/\/api.w.org\/{rel}","templated":true}]}}