{"id":32745,"date":"2026-01-24T16:38:31","date_gmt":"2026-01-24T15:38:31","guid":{"rendered":"https:\/\/cohea.be\/produit\/taie-doreiller-sandy-beach\/"},"modified":"2026-01-28T17:19:37","modified_gmt":"2026-01-28T16:19:37","slug":"taie-doreiller-sandy-beach","status":"publish","type":"product","link":"https:\/\/cohea.be\/en\/produit\/taie-doreiller-sandy-beach\/","title":{"rendered":"Pillowcase Sandy Beach"},"content":{"rendered":"<p><strong class=\"skrollable skrollable-between\" data-start=\"123\" data-end=\"163\">Beauty Pillow Sandy Beach (60 x 70 cm)<br \/>\n<\/strong>Satin<\/p>\n","protected":false},"excerpt":{"rendered":"<p class=\"skrollable skrollable-between\" data-start=\"95\" data-end=\"409\">The Beauty <strong class=\"skrollable skrollable-between\" data-start=\"123\" data-end=\"163\">Pillow Sandy Beach satin pillowcase (60 x 70 cm) <\/strong>is specially designed to care for your hair while you sleep. Thanks to its smooth, soft surface, it reduces friction, limits frizz, tangles and breakage, and helps preserve the hair&#8217;s natural moisture.<\/p>\n<p class=\"skrollable skrollable-between\" data-start=\"411\" data-end=\"728\">Your hair remains more supple, shinier and more manageable when you wake up, while becoming less greasy more slowly. This pillowcase is ideal for all hair types, including dry, curly hair or hair extensions. Son \u00e9l\u00e9gante couleur Champagne apporte \u00e9galement une touche de luxe \u00e0 votre literie. <\/p>\n","protected":false},"featured_media":32708,"comment_status":"open","ping_status":"closed","template":"","meta":[],"product_brand":[],"product_cat":[486],"product_tag":[],"class_list":{"0":"post-32745","1":"product","2":"type-product","3":"status-publish","4":"has-post-thumbnail","6":"product_cat-autres-en","7":"yith_product_brand-beauty-pillow","9":"first","10":"outofstock","11":"taxable","12":"shipping-taxable","13":"purchasable","14":"product-type-simple"},"yoast_head":"<!-- This site is optimized with the Yoast SEO plugin v27.4 - https:\/\/yoast.com\/product\/yoast-seo-wordpress\/ -->\n<title>Pillowcase Sandy Beach &#8211; COHEA<\/title>\n<meta name=\"robots\" content=\"index, follow, max-snippet:-1, max-image-preview:large, max-video-preview:-1\" \/>\n<link rel=\"canonical\" href=\"https:\/\/cohea.be\/en\/produit\/taie-doreiller-sandy-beach\/\" \/>\n<meta property=\"og:locale\" content=\"en_US\" \/>\n<meta property=\"og:type\" content=\"article\" \/>\n<meta property=\"og:title\" content=\"Pillowcase Sandy Beach &#8211; COHEA\" \/>\n<meta property=\"og:description\" content=\"The Beauty Pillow Sandy Beach satin pillowcase (60 x 70 cm) is specially designed to care for your hair while you sleep. Thanks to its smooth, soft surface, it reduces friction, limits frizz, tangles and breakage, and helps preserve the hair&#039;s natural moisture. Your hair remains more supple, shinier and more manageable when you wake up, while becoming less greasy more slowly. This pillowcase is ideal for all hair types, including dry, curly hair or hair extensions. Son \u00e9l\u00e9gante couleur Champagne apporte \u00e9galement une touche de luxe \u00e0 votre literie.\" \/>\n<meta property=\"og:url\" content=\"https:\/\/cohea.be\/en\/produit\/taie-doreiller-sandy-beach\/\" \/>\n<meta property=\"og:site_name\" content=\"COHEA\" \/>\n<meta property=\"article:modified_time\" content=\"2026-01-28T16:19:37+00:00\" \/>\n<meta property=\"og:image\" content=\"https:\/\/cohea.be\/wp-content\/uploads\/2026\/01\/34-1.png\" \/>\n\t<meta property=\"og:image:width\" content=\"1080\" \/>\n\t<meta property=\"og:image:height\" content=\"1080\" \/>\n\t<meta property=\"og:image:type\" content=\"image\/png\" \/>\n<meta name=\"twitter:card\" content=\"summary_large_image\" \/>\n<meta name=\"twitter:label1\" content=\"Est. reading time\" \/>\n\t<meta name=\"twitter:data1\" content=\"1 minute\" \/>\n<script type=\"application\/ld+json\" class=\"yoast-schema-graph\">{\"@context\":\"https:\\\/\\\/schema.org\",\"@graph\":[{\"@type\":\"WebPage\",\"@id\":\"https:\\\/\\\/cohea.be\\\/en\\\/produit\\\/taie-doreiller-sandy-beach\\\/\",\"url\":\"https:\\\/\\\/cohea.be\\\/en\\\/produit\\\/taie-doreiller-sandy-beach\\\/\",\"name\":\"Pillowcase Sandy Beach &#8211; COHEA\",\"isPartOf\":{\"@id\":\"https:\\\/\\\/cohea.be\\\/#website\"},\"primaryImageOfPage\":{\"@id\":\"https:\\\/\\\/cohea.be\\\/en\\\/produit\\\/taie-doreiller-sandy-beach\\\/#primaryimage\"},\"image\":{\"@id\":\"https:\\\/\\\/cohea.be\\\/en\\\/produit\\\/taie-doreiller-sandy-beach\\\/#primaryimage\"},\"thumbnailUrl\":\"https:\\\/\\\/cohea.be\\\/wp-content\\\/uploads\\\/2026\\\/01\\\/34-1.png\",\"datePublished\":\"2026-01-24T15:38:31+00:00\",\"dateModified\":\"2026-01-28T16:19:37+00:00\",\"breadcrumb\":{\"@id\":\"https:\\\/\\\/cohea.be\\\/en\\\/produit\\\/taie-doreiller-sandy-beach\\\/#breadcrumb\"},\"inLanguage\":\"en-US\",\"potentialAction\":[{\"@type\":\"ReadAction\",\"target\":[\"https:\\\/\\\/cohea.be\\\/en\\\/produit\\\/taie-doreiller-sandy-beach\\\/\"]}]},{\"@type\":\"ImageObject\",\"inLanguage\":\"en-US\",\"@id\":\"https:\\\/\\\/cohea.be\\\/en\\\/produit\\\/taie-doreiller-sandy-beach\\\/#primaryimage\",\"url\":\"https:\\\/\\\/cohea.be\\\/wp-content\\\/uploads\\\/2026\\\/01\\\/34-1.png\",\"contentUrl\":\"https:\\\/\\\/cohea.be\\\/wp-content\\\/uploads\\\/2026\\\/01\\\/34-1.png\",\"width\":1080,\"height\":1080},{\"@type\":\"BreadcrumbList\",\"@id\":\"https:\\\/\\\/cohea.be\\\/en\\\/produit\\\/taie-doreiller-sandy-beach\\\/#breadcrumb\",\"itemListElement\":[{\"@type\":\"ListItem\",\"position\":1,\"name\":\"Accueil\",\"item\":\"https:\\\/\\\/cohea.be\\\/en\\\/main-home\\\/\"},{\"@type\":\"ListItem\",\"position\":2,\"name\":\"Shop\",\"item\":\"https:\\\/\\\/cohea.be\\\/en\\\/shop\\\/\"},{\"@type\":\"ListItem\",\"position\":3,\"name\":\"Pillowcase Sandy Beach\"}]},{\"@type\":\"WebSite\",\"@id\":\"https:\\\/\\\/cohea.be\\\/#website\",\"url\":\"https:\\\/\\\/cohea.be\\\/\",\"name\":\"COHEA\",\"description\":\"\",\"publisher\":{\"@id\":\"https:\\\/\\\/cohea.be\\\/#organization\"},\"potentialAction\":[{\"@type\":\"SearchAction\",\"target\":{\"@type\":\"EntryPoint\",\"urlTemplate\":\"https:\\\/\\\/cohea.be\\\/?s={search_term_string}\"},\"query-input\":{\"@type\":\"PropertyValueSpecification\",\"valueRequired\":true,\"valueName\":\"search_term_string\"}}],\"inLanguage\":\"en-US\"},{\"@type\":\"Organization\",\"@id\":\"https:\\\/\\\/cohea.be\\\/#organization\",\"name\":\"COHEA\",\"url\":\"https:\\\/\\\/cohea.be\\\/\",\"logo\":{\"@type\":\"ImageObject\",\"inLanguage\":\"en-US\",\"@id\":\"https:\\\/\\\/cohea.be\\\/#\\\/schema\\\/logo\\\/image\\\/\",\"url\":\"http:\\\/\\\/cohea.be\\\/wp-content\\\/uploads\\\/2018\\\/09\\\/LOGO-NOIR-1.png\",\"contentUrl\":\"http:\\\/\\\/cohea.be\\\/wp-content\\\/uploads\\\/2018\\\/09\\\/LOGO-NOIR-1.png\",\"width\":4920,\"height\":1604,\"caption\":\"COHEA\"},\"image\":{\"@id\":\"https:\\\/\\\/cohea.be\\\/#\\\/schema\\\/logo\\\/image\\\/\"}}]}<\/script>\n<!-- \/ Yoast SEO plugin. -->","yoast_head_json":{"title":"Pillowcase Sandy Beach &#8211; COHEA","robots":{"index":"index","follow":"follow","max-snippet":"max-snippet:-1","max-image-preview":"max-image-preview:large","max-video-preview":"max-video-preview:-1"},"canonical":"https:\/\/cohea.be\/en\/produit\/taie-doreiller-sandy-beach\/","og_locale":"en_US","og_type":"article","og_title":"Pillowcase Sandy Beach &#8211; COHEA","og_description":"The Beauty Pillow Sandy Beach satin pillowcase (60 x 70 cm) is specially designed to care for your hair while you sleep. Thanks to its smooth, soft surface, it reduces friction, limits frizz, tangles and breakage, and helps preserve the hair's natural moisture. Your hair remains more supple, shinier and more manageable when you wake up, while becoming less greasy more slowly. This pillowcase is ideal for all hair types, including dry, curly hair or hair extensions. Son \u00e9l\u00e9gante couleur Champagne apporte \u00e9galement une touche de luxe \u00e0 votre literie.","og_url":"https:\/\/cohea.be\/en\/produit\/taie-doreiller-sandy-beach\/","og_site_name":"COHEA","article_modified_time":"2026-01-28T16:19:37+00:00","og_image":[{"width":1080,"height":1080,"url":"https:\/\/cohea.be\/wp-content\/uploads\/2026\/01\/34-1.png","type":"image\/png"}],"twitter_card":"summary_large_image","twitter_misc":{"Est. reading time":"1 minute"},"schema":{"@context":"https:\/\/schema.org","@graph":[{"@type":"WebPage","@id":"https:\/\/cohea.be\/en\/produit\/taie-doreiller-sandy-beach\/","url":"https:\/\/cohea.be\/en\/produit\/taie-doreiller-sandy-beach\/","name":"Pillowcase Sandy Beach &#8211; COHEA","isPartOf":{"@id":"https:\/\/cohea.be\/#website"},"primaryImageOfPage":{"@id":"https:\/\/cohea.be\/en\/produit\/taie-doreiller-sandy-beach\/#primaryimage"},"image":{"@id":"https:\/\/cohea.be\/en\/produit\/taie-doreiller-sandy-beach\/#primaryimage"},"thumbnailUrl":"https:\/\/cohea.be\/wp-content\/uploads\/2026\/01\/34-1.png","datePublished":"2026-01-24T15:38:31+00:00","dateModified":"2026-01-28T16:19:37+00:00","breadcrumb":{"@id":"https:\/\/cohea.be\/en\/produit\/taie-doreiller-sandy-beach\/#breadcrumb"},"inLanguage":"en-US","potentialAction":[{"@type":"ReadAction","target":["https:\/\/cohea.be\/en\/produit\/taie-doreiller-sandy-beach\/"]}]},{"@type":"ImageObject","inLanguage":"en-US","@id":"https:\/\/cohea.be\/en\/produit\/taie-doreiller-sandy-beach\/#primaryimage","url":"https:\/\/cohea.be\/wp-content\/uploads\/2026\/01\/34-1.png","contentUrl":"https:\/\/cohea.be\/wp-content\/uploads\/2026\/01\/34-1.png","width":1080,"height":1080},{"@type":"BreadcrumbList","@id":"https:\/\/cohea.be\/en\/produit\/taie-doreiller-sandy-beach\/#breadcrumb","itemListElement":[{"@type":"ListItem","position":1,"name":"Accueil","item":"https:\/\/cohea.be\/en\/main-home\/"},{"@type":"ListItem","position":2,"name":"Shop","item":"https:\/\/cohea.be\/en\/shop\/"},{"@type":"ListItem","position":3,"name":"Pillowcase Sandy Beach"}]},{"@type":"WebSite","@id":"https:\/\/cohea.be\/#website","url":"https:\/\/cohea.be\/","name":"COHEA","description":"","publisher":{"@id":"https:\/\/cohea.be\/#organization"},"potentialAction":[{"@type":"SearchAction","target":{"@type":"EntryPoint","urlTemplate":"https:\/\/cohea.be\/?s={search_term_string}"},"query-input":{"@type":"PropertyValueSpecification","valueRequired":true,"valueName":"search_term_string"}}],"inLanguage":"en-US"},{"@type":"Organization","@id":"https:\/\/cohea.be\/#organization","name":"COHEA","url":"https:\/\/cohea.be\/","logo":{"@type":"ImageObject","inLanguage":"en-US","@id":"https:\/\/cohea.be\/#\/schema\/logo\/image\/","url":"http:\/\/cohea.be\/wp-content\/uploads\/2018\/09\/LOGO-NOIR-1.png","contentUrl":"http:\/\/cohea.be\/wp-content\/uploads\/2018\/09\/LOGO-NOIR-1.png","width":4920,"height":1604,"caption":"COHEA"},"image":{"@id":"https:\/\/cohea.be\/#\/schema\/logo\/image\/"}}]}},"jetpack_sharing_enabled":true,"_links":{"self":[{"href":"https:\/\/cohea.be\/en\/wp-json\/wp\/v2\/product\/32745","targetHints":{"allow":["GET"]}}],"collection":[{"href":"https:\/\/cohea.be\/en\/wp-json\/wp\/v2\/product"}],"about":[{"href":"https:\/\/cohea.be\/en\/wp-json\/wp\/v2\/types\/product"}],"replies":[{"embeddable":true,"href":"https:\/\/cohea.be\/en\/wp-json\/wp\/v2\/comments?post=32745"}],"wp:featuredmedia":[{"embeddable":true,"href":"https:\/\/cohea.be\/en\/wp-json\/wp\/v2\/media\/32708"}],"wp:attachment":[{"href":"https:\/\/cohea.be\/en\/wp-json\/wp\/v2\/media?parent=32745"}],"wp:term":[{"taxonomy":"product_brand","embeddable":true,"href":"https:\/\/cohea.be\/en\/wp-json\/wp\/v2\/product_brand?post=32745"},{"taxonomy":"product_cat","embeddable":true,"href":"https:\/\/cohea.be\/en\/wp-json\/wp\/v2\/product_cat?post=32745"},{"taxonomy":"product_tag","embeddable":true,"href":"https:\/\/cohea.be\/en\/wp-json\/wp\/v2\/product_tag?post=32745"}],"curies":[{"name":"wp","href":"https:\/\/api.w.org\/{rel}","templated":true}]}}