{"id":31627,"date":"2025-07-02T16:11:52","date_gmt":"2025-07-02T14:11:52","guid":{"rendered":"https:\/\/cohea.be\/produit\/cocoa-hibiscus-repairing-styling-cream\/"},"modified":"2026-03-20T15:52:05","modified_gmt":"2026-03-20T14:52:05","slug":"cocoa-hibiscus-repairing-styling-cream","status":"publish","type":"product","link":"https:\/\/cohea.be\/en\/produit\/cocoa-hibiscus-repairing-styling-cream\/","title":{"rendered":"Cocoa Hibiscus Repairing Styling Cream"},"content":{"rendered":"<p>Aqua (eau), Caprylic\/capric Triglyceride (\u00e9mollient), Glycerin, (agent humectant) Rosmarinus Officinalis Leaf Water (eau florale de romarin), Cetearyl Olivate (\u00e9mulsifiant), Butyrospermum Parkii Butter (beurre de karit\u00e9), Cocos Nucifera Oil (huile de coco), Ricinus Communis Seed Oil (huile de ricin), Sorbitan Olivate (\u00e9mulsifiant), Theobroma Cacao Seed Butter (beurre de cacao), Cetearyl Alcohol (\u00e9mulsifiant), Hibiscus Sabdariffa Flower Extract (extrait d\u2019hibiscus), Parfum, Helianthus Annuus Seed Oil (huile de tournesol), Ipomoea Batatas Root Extract (extrait de patate douce), Xanthan Gum (gelifiant), Acacia Senegal Gum (gomme d\u2019acacia du S\u00e9n\u00e9gal), Tocopherol (vitamine E), Citric Acid (r\u00e9gulateur de Ph), Sodium Benzoate (conservateur), Potassium Sorbate (conservateur), Maltodextrin (amidon de ma\u00efs), Sodium Hydroxide (r\u00e9gulateur de Ph), Hexyl Cinnamal (agent parfumant), Limonene (agent parfumant), Coumarin (agent parfumant), Linalool (agent parfumant).<br \/>\n98 % d\u2019ingr\u00e9dients d\u2019origine naturelle.<\/p>\n","protected":false},"excerpt":{"rendered":"<p><strong>250ml<\/strong><\/p>\n<p data-start=\"87\" data-end=\"249\">Les Ateliers Cr\u00e9pus&#8217;s Cacao Hibiscus Repairing Styling Cream nourishes, protects, and makes it easier to style curly to kinky hair (types 4c to 3a).<\/p>\n<p data-start=\"251\" data-end=\"324\">Formulated with 98% naturally derived ingredients, it contains:<\/p>\n<ul data-start=\"326\" data-end=\"609\">\n<li data-start=\"326\" data-end=\"391\">\n<p data-start=\"328\" data-end=\"391\">Cocoa butter: nourishes, protects, and locks in moisture.<\/p>\n<\/li>\n<li data-start=\"392\" data-end=\"463\">\n<p data-start=\"394\" data-end=\"463\">Shea butter: repairs, softens, and prevents dryness.<\/p>\n<\/li>\n<li data-start=\"464\" data-end=\"527\">\n<p data-start=\"466\" data-end=\"527\">Hibiscus flower extract: adds shine and radiance.<\/p>\n<\/li>\n<li data-start=\"528\" data-end=\"609\">\n<p data-start=\"530\" data-end=\"609\">Coconut, castor, and sunflower oils: strengthen and nourish the hair.<\/p>\n<\/li>\n<\/ul>\n<p data-start=\"611\" data-end=\"836\">It is used after shampooing or conditioning to moisturize the hair strands, make detangling easier, or create protective hairstyles (such as twist-outs or braids). Its light-hold formula helps keep your hairstyle in place all day long. <\/p>\n<p data-start=\"838\" data-end=\"902\" data-is-last-node=\"\" data-is-only-node=\"\">Made in France, it comes in a convenient pump bottle.<\/p>\n","protected":false},"featured_media":31617,"comment_status":"open","ping_status":"closed","template":"","meta":[],"product_brand":[],"product_cat":[615,220,228],"product_tag":[],"class_list":{"0":"post-31627","1":"product","2":"type-product","3":"status-publish","4":"has-post-thumbnail","6":"product_cat-les-ateliers-crepus","7":"product_cat-style-define","8":"product_cat-moisturizers-foams","9":"yith_product_brand-les-ateliers-crepus","11":"first","12":"outofstock","13":"taxable","14":"shipping-taxable","15":"purchasable","16":"product-type-simple"},"yoast_head":"<!-- This site is optimized with the Yoast SEO plugin v27.3 - https:\/\/yoast.com\/product\/yoast-seo-wordpress\/ -->\n<title>Cocoa Hibiscus Repairing Styling Cream &#8211; COHEA<\/title>\n<meta name=\"robots\" content=\"index, follow, max-snippet:-1, max-image-preview:large, max-video-preview:-1\" \/>\n<link rel=\"canonical\" href=\"https:\/\/cohea.be\/en\/produit\/cocoa-hibiscus-repairing-styling-cream\/\" \/>\n<meta property=\"og:locale\" content=\"en_US\" \/>\n<meta property=\"og:type\" content=\"article\" \/>\n<meta property=\"og:title\" content=\"Cocoa Hibiscus Repairing Styling Cream &#8211; COHEA\" \/>\n<meta property=\"og:description\" content=\"250ml Les Ateliers Cr\u00e9pus&#039;s Cacao Hibiscus Repairing Styling Cream nourishes, protects, and makes it easier to style curly to kinky hair (types 4c to 3a). Formulated with 98% naturally derived ingredients, it contains:   Cocoa butter: nourishes, protects, and locks in moisture.   Shea butter: repairs, softens, and prevents dryness.   Hibiscus flower extract: adds shine and radiance.   Coconut, castor, and sunflower oils: strengthen and nourish the hair.  It is used after shampooing or conditioning to moisturize the hair strands, make detangling easier, or create protective hairstyles (such as twist-outs or braids). Its light-hold formula helps keep your hairstyle in place all day long. Made in France, it comes in a convenient pump bottle.\" \/>\n<meta property=\"og:url\" content=\"https:\/\/cohea.be\/en\/produit\/cocoa-hibiscus-repairing-styling-cream\/\" \/>\n<meta property=\"og:site_name\" content=\"COHEA\" \/>\n<meta property=\"article:modified_time\" content=\"2026-03-20T14:52:05+00:00\" \/>\n<meta property=\"og:image\" content=\"https:\/\/cohea.be\/wp-content\/uploads\/2025\/07\/1.png\" \/>\n\t<meta property=\"og:image:width\" content=\"1080\" \/>\n\t<meta property=\"og:image:height\" content=\"1080\" \/>\n\t<meta property=\"og:image:type\" content=\"image\/png\" \/>\n<meta name=\"twitter:card\" content=\"summary_large_image\" \/>\n<meta name=\"twitter:label1\" content=\"Est. reading time\" \/>\n\t<meta name=\"twitter:data1\" content=\"1 minute\" \/>\n<script type=\"application\/ld+json\" class=\"yoast-schema-graph\">{\"@context\":\"https:\\\/\\\/schema.org\",\"@graph\":[{\"@type\":\"WebPage\",\"@id\":\"https:\\\/\\\/cohea.be\\\/en\\\/produit\\\/cocoa-hibiscus-repairing-styling-cream\\\/\",\"url\":\"https:\\\/\\\/cohea.be\\\/en\\\/produit\\\/cocoa-hibiscus-repairing-styling-cream\\\/\",\"name\":\"Cocoa Hibiscus Repairing Styling Cream &#8211; COHEA\",\"isPartOf\":{\"@id\":\"https:\\\/\\\/cohea.be\\\/#website\"},\"primaryImageOfPage\":{\"@id\":\"https:\\\/\\\/cohea.be\\\/en\\\/produit\\\/cocoa-hibiscus-repairing-styling-cream\\\/#primaryimage\"},\"image\":{\"@id\":\"https:\\\/\\\/cohea.be\\\/en\\\/produit\\\/cocoa-hibiscus-repairing-styling-cream\\\/#primaryimage\"},\"thumbnailUrl\":\"https:\\\/\\\/cohea.be\\\/wp-content\\\/uploads\\\/2025\\\/07\\\/1.png\",\"datePublished\":\"2025-07-02T14:11:52+00:00\",\"dateModified\":\"2026-03-20T14:52:05+00:00\",\"breadcrumb\":{\"@id\":\"https:\\\/\\\/cohea.be\\\/en\\\/produit\\\/cocoa-hibiscus-repairing-styling-cream\\\/#breadcrumb\"},\"inLanguage\":\"en-US\",\"potentialAction\":[{\"@type\":\"ReadAction\",\"target\":[\"https:\\\/\\\/cohea.be\\\/en\\\/produit\\\/cocoa-hibiscus-repairing-styling-cream\\\/\"]}]},{\"@type\":\"ImageObject\",\"inLanguage\":\"en-US\",\"@id\":\"https:\\\/\\\/cohea.be\\\/en\\\/produit\\\/cocoa-hibiscus-repairing-styling-cream\\\/#primaryimage\",\"url\":\"https:\\\/\\\/cohea.be\\\/wp-content\\\/uploads\\\/2025\\\/07\\\/1.png\",\"contentUrl\":\"https:\\\/\\\/cohea.be\\\/wp-content\\\/uploads\\\/2025\\\/07\\\/1.png\",\"width\":1080,\"height\":1080},{\"@type\":\"BreadcrumbList\",\"@id\":\"https:\\\/\\\/cohea.be\\\/en\\\/produit\\\/cocoa-hibiscus-repairing-styling-cream\\\/#breadcrumb\",\"itemListElement\":[{\"@type\":\"ListItem\",\"position\":1,\"name\":\"Accueil\",\"item\":\"https:\\\/\\\/cohea.be\\\/en\\\/main-home\\\/\"},{\"@type\":\"ListItem\",\"position\":2,\"name\":\"Shop\",\"item\":\"https:\\\/\\\/cohea.be\\\/en\\\/shop\\\/\"},{\"@type\":\"ListItem\",\"position\":3,\"name\":\"Cocoa Hibiscus Repairing Styling Cream\"}]},{\"@type\":\"WebSite\",\"@id\":\"https:\\\/\\\/cohea.be\\\/#website\",\"url\":\"https:\\\/\\\/cohea.be\\\/\",\"name\":\"COHEA\",\"description\":\"\",\"publisher\":{\"@id\":\"https:\\\/\\\/cohea.be\\\/#organization\"},\"potentialAction\":[{\"@type\":\"SearchAction\",\"target\":{\"@type\":\"EntryPoint\",\"urlTemplate\":\"https:\\\/\\\/cohea.be\\\/?s={search_term_string}\"},\"query-input\":{\"@type\":\"PropertyValueSpecification\",\"valueRequired\":true,\"valueName\":\"search_term_string\"}}],\"inLanguage\":\"en-US\"},{\"@type\":\"Organization\",\"@id\":\"https:\\\/\\\/cohea.be\\\/#organization\",\"name\":\"COHEA\",\"url\":\"https:\\\/\\\/cohea.be\\\/\",\"logo\":{\"@type\":\"ImageObject\",\"inLanguage\":\"en-US\",\"@id\":\"https:\\\/\\\/cohea.be\\\/#\\\/schema\\\/logo\\\/image\\\/\",\"url\":\"http:\\\/\\\/cohea.be\\\/wp-content\\\/uploads\\\/2018\\\/09\\\/LOGO-NOIR-1.png\",\"contentUrl\":\"http:\\\/\\\/cohea.be\\\/wp-content\\\/uploads\\\/2018\\\/09\\\/LOGO-NOIR-1.png\",\"width\":4920,\"height\":1604,\"caption\":\"COHEA\"},\"image\":{\"@id\":\"https:\\\/\\\/cohea.be\\\/#\\\/schema\\\/logo\\\/image\\\/\"}}]}<\/script>\n<!-- \/ Yoast SEO plugin. -->","yoast_head_json":{"title":"Cocoa Hibiscus Repairing Styling Cream &#8211; COHEA","robots":{"index":"index","follow":"follow","max-snippet":"max-snippet:-1","max-image-preview":"max-image-preview:large","max-video-preview":"max-video-preview:-1"},"canonical":"https:\/\/cohea.be\/en\/produit\/cocoa-hibiscus-repairing-styling-cream\/","og_locale":"en_US","og_type":"article","og_title":"Cocoa Hibiscus Repairing Styling Cream &#8211; COHEA","og_description":"250ml Les Ateliers Cr\u00e9pus's Cacao Hibiscus Repairing Styling Cream nourishes, protects, and makes it easier to style curly to kinky hair (types 4c to 3a). Formulated with 98% naturally derived ingredients, it contains:   Cocoa butter: nourishes, protects, and locks in moisture.   Shea butter: repairs, softens, and prevents dryness.   Hibiscus flower extract: adds shine and radiance.   Coconut, castor, and sunflower oils: strengthen and nourish the hair.  It is used after shampooing or conditioning to moisturize the hair strands, make detangling easier, or create protective hairstyles (such as twist-outs or braids). Its light-hold formula helps keep your hairstyle in place all day long. Made in France, it comes in a convenient pump bottle.","og_url":"https:\/\/cohea.be\/en\/produit\/cocoa-hibiscus-repairing-styling-cream\/","og_site_name":"COHEA","article_modified_time":"2026-03-20T14:52:05+00:00","og_image":[{"width":1080,"height":1080,"url":"https:\/\/cohea.be\/wp-content\/uploads\/2025\/07\/1.png","type":"image\/png"}],"twitter_card":"summary_large_image","twitter_misc":{"Est. reading time":"1 minute"},"schema":{"@context":"https:\/\/schema.org","@graph":[{"@type":"WebPage","@id":"https:\/\/cohea.be\/en\/produit\/cocoa-hibiscus-repairing-styling-cream\/","url":"https:\/\/cohea.be\/en\/produit\/cocoa-hibiscus-repairing-styling-cream\/","name":"Cocoa Hibiscus Repairing Styling Cream &#8211; COHEA","isPartOf":{"@id":"https:\/\/cohea.be\/#website"},"primaryImageOfPage":{"@id":"https:\/\/cohea.be\/en\/produit\/cocoa-hibiscus-repairing-styling-cream\/#primaryimage"},"image":{"@id":"https:\/\/cohea.be\/en\/produit\/cocoa-hibiscus-repairing-styling-cream\/#primaryimage"},"thumbnailUrl":"https:\/\/cohea.be\/wp-content\/uploads\/2025\/07\/1.png","datePublished":"2025-07-02T14:11:52+00:00","dateModified":"2026-03-20T14:52:05+00:00","breadcrumb":{"@id":"https:\/\/cohea.be\/en\/produit\/cocoa-hibiscus-repairing-styling-cream\/#breadcrumb"},"inLanguage":"en-US","potentialAction":[{"@type":"ReadAction","target":["https:\/\/cohea.be\/en\/produit\/cocoa-hibiscus-repairing-styling-cream\/"]}]},{"@type":"ImageObject","inLanguage":"en-US","@id":"https:\/\/cohea.be\/en\/produit\/cocoa-hibiscus-repairing-styling-cream\/#primaryimage","url":"https:\/\/cohea.be\/wp-content\/uploads\/2025\/07\/1.png","contentUrl":"https:\/\/cohea.be\/wp-content\/uploads\/2025\/07\/1.png","width":1080,"height":1080},{"@type":"BreadcrumbList","@id":"https:\/\/cohea.be\/en\/produit\/cocoa-hibiscus-repairing-styling-cream\/#breadcrumb","itemListElement":[{"@type":"ListItem","position":1,"name":"Accueil","item":"https:\/\/cohea.be\/en\/main-home\/"},{"@type":"ListItem","position":2,"name":"Shop","item":"https:\/\/cohea.be\/en\/shop\/"},{"@type":"ListItem","position":3,"name":"Cocoa Hibiscus Repairing Styling Cream"}]},{"@type":"WebSite","@id":"https:\/\/cohea.be\/#website","url":"https:\/\/cohea.be\/","name":"COHEA","description":"","publisher":{"@id":"https:\/\/cohea.be\/#organization"},"potentialAction":[{"@type":"SearchAction","target":{"@type":"EntryPoint","urlTemplate":"https:\/\/cohea.be\/?s={search_term_string}"},"query-input":{"@type":"PropertyValueSpecification","valueRequired":true,"valueName":"search_term_string"}}],"inLanguage":"en-US"},{"@type":"Organization","@id":"https:\/\/cohea.be\/#organization","name":"COHEA","url":"https:\/\/cohea.be\/","logo":{"@type":"ImageObject","inLanguage":"en-US","@id":"https:\/\/cohea.be\/#\/schema\/logo\/image\/","url":"http:\/\/cohea.be\/wp-content\/uploads\/2018\/09\/LOGO-NOIR-1.png","contentUrl":"http:\/\/cohea.be\/wp-content\/uploads\/2018\/09\/LOGO-NOIR-1.png","width":4920,"height":1604,"caption":"COHEA"},"image":{"@id":"https:\/\/cohea.be\/#\/schema\/logo\/image\/"}}]}},"jetpack_sharing_enabled":true,"_links":{"self":[{"href":"https:\/\/cohea.be\/en\/wp-json\/wp\/v2\/product\/31627","targetHints":{"allow":["GET"]}}],"collection":[{"href":"https:\/\/cohea.be\/en\/wp-json\/wp\/v2\/product"}],"about":[{"href":"https:\/\/cohea.be\/en\/wp-json\/wp\/v2\/types\/product"}],"replies":[{"embeddable":true,"href":"https:\/\/cohea.be\/en\/wp-json\/wp\/v2\/comments?post=31627"}],"wp:featuredmedia":[{"embeddable":true,"href":"https:\/\/cohea.be\/en\/wp-json\/wp\/v2\/media\/31617"}],"wp:attachment":[{"href":"https:\/\/cohea.be\/en\/wp-json\/wp\/v2\/media?parent=31627"}],"wp:term":[{"taxonomy":"product_brand","embeddable":true,"href":"https:\/\/cohea.be\/en\/wp-json\/wp\/v2\/product_brand?post=31627"},{"taxonomy":"product_cat","embeddable":true,"href":"https:\/\/cohea.be\/en\/wp-json\/wp\/v2\/product_cat?post=31627"},{"taxonomy":"product_tag","embeddable":true,"href":"https:\/\/cohea.be\/en\/wp-json\/wp\/v2\/product_tag?post=31627"}],"curies":[{"name":"wp","href":"https:\/\/api.w.org\/{rel}","templated":true}]}}