{"id":31626,"date":"2025-07-02T16:15:19","date_gmt":"2025-07-02T14:15:19","guid":{"rendered":"https:\/\/cohea.be\/produit\/cocoa-hibiscus-repair-mask\/"},"modified":"2026-03-20T15:49:37","modified_gmt":"2026-03-20T14:49:37","slug":"cocoa-hibiscus-repair-mask","status":"publish","type":"product","link":"https:\/\/cohea.be\/en\/produit\/cocoa-hibiscus-repair-mask\/","title":{"rendered":"Cocoa and Hibiscus Repairing Mask"},"content":{"rendered":"<p>Aqua (eau), Caprylic\/capric Triglyceride (emollient), Glycerin (agent humectant), Rosmarinus Officinalis Leaf Water (eau florale de romarin), Butyrospermum Parkii Butter (beurre de karit\u00e9), Cetearyl Olivate (\u00e9mulsifiant), Cocos Nucifera Oil (huile de coco), Ricinus Communis Seed Oil (huile de ricin), Sorbitan Olivate (\u00e9mulsifiant), Theobroma Cacao Seed Butter (beurre de cacao) Cetearyl Alcohol (\u00e9mulsifiant), Hibiscus Sabdariffa Flower Extract (extrait d\u2019hibiscus), Parfum, Helianthus Annuus Seed Oil (huile de tournesol), Ipomoea Batatas Root Extract (extrait de patate douce), Xanthan Gum (gelifiant), Acacia Senegal Gum (gomme d\u2019acacia du S\u00e9n\u00e9gal), Tocopherol (vitamine E), Citric Acid (r\u00e9gulateur de Ph), Sodium Benzoate (conservateur), Potassium Sorbate (conservateur), maltodextrin (amidon de ma\u00efs), Sodium Hydroxide (r\u00e9gulateur de Ph), Hexyl Cinnamal (agent parfumant), Limonene (agent parfumant).<\/p>\n","protected":false},"excerpt":{"rendered":"<p data-start=\"86\" data-end=\"237\"><strong>250ml<\/strong><\/p>\n<p data-start=\"86\" data-end=\"237\">The Cacao Hibiscus Repairing Mask by Les Ateliers Cr\u00e9pus deeply nourishes dry and damaged hair, especially frizzy hair.<\/p>\n<p data-start=\"239\" data-end=\"309\">Formulated with 98% naturally derived ingredients, it contains:<\/p>\n<ul data-start=\"311\" data-end=\"603\">\n<li data-start=\"311\" data-end=\"413\">\n<p data-start=\"313\" data-end=\"413\">Cocoa butter: deeply nourishes, locks in moisture, and protects fragile hair strands.<\/p>\n<\/li>\n<li data-start=\"414\" data-end=\"496\">\n<p data-start=\"416\" data-end=\"496\">Hibiscus flower extract: adds radiance and shine to dull curls.<\/p>\n<\/li>\n<li data-start=\"497\" data-end=\"603\">\n<p data-start=\"499\" data-end=\"603\">Coconut, Castor, and Sunflower Oils: enhance the nourishing effect and help maintain moisture.<\/p>\n<\/li>\n<\/ul>\n<p data-start=\"605\" data-end=\"762\">This mask restores suppleness, softness, and vitality to frizzy hair that lacks nourishment. It is ideal for revitalizing dry, dull, or damaged hair. <\/p>\n<p data-start=\"764\" data-end=\"835\" data-is-last-node=\"\" data-is-only-node=\"\">Made in France, it&#8217;s perfect for bringing your curls back to life.<\/p>\n","protected":false},"featured_media":31620,"comment_status":"open","ping_status":"closed","template":"","meta":[],"product_brand":[],"product_cat":[615,344,219],"product_tag":[],"class_list":{"0":"post-31626","1":"product","2":"type-product","3":"status-publish","4":"has-post-thumbnail","6":"product_cat-les-ateliers-crepus","7":"product_cat-masques-en","8":"product_cat-hydrate-detangle","9":"yith_product_brand-les-ateliers-crepus","11":"first","12":"instock","13":"taxable","14":"shipping-taxable","15":"purchasable","16":"product-type-simple"},"yoast_head":"<!-- This site is optimized with the Yoast SEO plugin v27.3 - https:\/\/yoast.com\/product\/yoast-seo-wordpress\/ -->\n<title>Cocoa and Hibiscus Repairing Mask &#8211; COHEA<\/title>\n<meta name=\"robots\" content=\"index, follow, max-snippet:-1, max-image-preview:large, max-video-preview:-1\" \/>\n<link rel=\"canonical\" href=\"https:\/\/cohea.be\/en\/produit\/cocoa-hibiscus-repair-mask\/\" \/>\n<meta property=\"og:locale\" content=\"en_US\" \/>\n<meta property=\"og:type\" content=\"article\" \/>\n<meta property=\"og:title\" content=\"Cocoa and Hibiscus Repairing Mask &#8211; COHEA\" \/>\n<meta property=\"og:description\" content=\"250ml The Cacao Hibiscus Repairing Mask by Les Ateliers Cr\u00e9pus deeply nourishes dry and damaged hair, especially frizzy hair. Formulated with 98% naturally derived ingredients, it contains:   Cocoa butter: deeply nourishes, locks in moisture, and protects fragile hair strands.   Hibiscus flower extract: adds radiance and shine to dull curls.   Coconut, Castor, and Sunflower Oils: enhance the nourishing effect and help maintain moisture.  This mask restores suppleness, softness, and vitality to frizzy hair that lacks nourishment. It is ideal for revitalizing dry, dull, or damaged hair. Made in France, it&#039;s perfect for bringing your curls back to life.\" \/>\n<meta property=\"og:url\" content=\"https:\/\/cohea.be\/en\/produit\/cocoa-hibiscus-repair-mask\/\" \/>\n<meta property=\"og:site_name\" content=\"COHEA\" \/>\n<meta property=\"article:modified_time\" content=\"2026-03-20T14:49:37+00:00\" \/>\n<meta property=\"og:image\" content=\"https:\/\/cohea.be\/wp-content\/uploads\/2025\/07\/2.png\" \/>\n\t<meta property=\"og:image:width\" content=\"1080\" \/>\n\t<meta property=\"og:image:height\" content=\"1080\" \/>\n\t<meta property=\"og:image:type\" content=\"image\/png\" \/>\n<meta name=\"twitter:card\" content=\"summary_large_image\" \/>\n<meta name=\"twitter:label1\" content=\"Est. reading time\" \/>\n\t<meta name=\"twitter:data1\" content=\"1 minute\" \/>\n<script type=\"application\/ld+json\" class=\"yoast-schema-graph\">{\"@context\":\"https:\\\/\\\/schema.org\",\"@graph\":[{\"@type\":\"WebPage\",\"@id\":\"https:\\\/\\\/cohea.be\\\/en\\\/produit\\\/cocoa-hibiscus-repair-mask\\\/\",\"url\":\"https:\\\/\\\/cohea.be\\\/en\\\/produit\\\/cocoa-hibiscus-repair-mask\\\/\",\"name\":\"Cocoa and Hibiscus Repairing Mask &#8211; COHEA\",\"isPartOf\":{\"@id\":\"https:\\\/\\\/cohea.be\\\/#website\"},\"primaryImageOfPage\":{\"@id\":\"https:\\\/\\\/cohea.be\\\/en\\\/produit\\\/cocoa-hibiscus-repair-mask\\\/#primaryimage\"},\"image\":{\"@id\":\"https:\\\/\\\/cohea.be\\\/en\\\/produit\\\/cocoa-hibiscus-repair-mask\\\/#primaryimage\"},\"thumbnailUrl\":\"https:\\\/\\\/cohea.be\\\/wp-content\\\/uploads\\\/2025\\\/07\\\/2.png\",\"datePublished\":\"2025-07-02T14:15:19+00:00\",\"dateModified\":\"2026-03-20T14:49:37+00:00\",\"breadcrumb\":{\"@id\":\"https:\\\/\\\/cohea.be\\\/en\\\/produit\\\/cocoa-hibiscus-repair-mask\\\/#breadcrumb\"},\"inLanguage\":\"en-US\",\"potentialAction\":[{\"@type\":\"ReadAction\",\"target\":[\"https:\\\/\\\/cohea.be\\\/en\\\/produit\\\/cocoa-hibiscus-repair-mask\\\/\"]}]},{\"@type\":\"ImageObject\",\"inLanguage\":\"en-US\",\"@id\":\"https:\\\/\\\/cohea.be\\\/en\\\/produit\\\/cocoa-hibiscus-repair-mask\\\/#primaryimage\",\"url\":\"https:\\\/\\\/cohea.be\\\/wp-content\\\/uploads\\\/2025\\\/07\\\/2.png\",\"contentUrl\":\"https:\\\/\\\/cohea.be\\\/wp-content\\\/uploads\\\/2025\\\/07\\\/2.png\",\"width\":1080,\"height\":1080},{\"@type\":\"BreadcrumbList\",\"@id\":\"https:\\\/\\\/cohea.be\\\/en\\\/produit\\\/cocoa-hibiscus-repair-mask\\\/#breadcrumb\",\"itemListElement\":[{\"@type\":\"ListItem\",\"position\":1,\"name\":\"Accueil\",\"item\":\"https:\\\/\\\/cohea.be\\\/en\\\/main-home\\\/\"},{\"@type\":\"ListItem\",\"position\":2,\"name\":\"Shop\",\"item\":\"https:\\\/\\\/cohea.be\\\/en\\\/shop\\\/\"},{\"@type\":\"ListItem\",\"position\":3,\"name\":\"Cocoa and Hibiscus Repairing Mask\"}]},{\"@type\":\"WebSite\",\"@id\":\"https:\\\/\\\/cohea.be\\\/#website\",\"url\":\"https:\\\/\\\/cohea.be\\\/\",\"name\":\"COHEA\",\"description\":\"\",\"publisher\":{\"@id\":\"https:\\\/\\\/cohea.be\\\/#organization\"},\"potentialAction\":[{\"@type\":\"SearchAction\",\"target\":{\"@type\":\"EntryPoint\",\"urlTemplate\":\"https:\\\/\\\/cohea.be\\\/?s={search_term_string}\"},\"query-input\":{\"@type\":\"PropertyValueSpecification\",\"valueRequired\":true,\"valueName\":\"search_term_string\"}}],\"inLanguage\":\"en-US\"},{\"@type\":\"Organization\",\"@id\":\"https:\\\/\\\/cohea.be\\\/#organization\",\"name\":\"COHEA\",\"url\":\"https:\\\/\\\/cohea.be\\\/\",\"logo\":{\"@type\":\"ImageObject\",\"inLanguage\":\"en-US\",\"@id\":\"https:\\\/\\\/cohea.be\\\/#\\\/schema\\\/logo\\\/image\\\/\",\"url\":\"http:\\\/\\\/cohea.be\\\/wp-content\\\/uploads\\\/2018\\\/09\\\/LOGO-NOIR-1.png\",\"contentUrl\":\"http:\\\/\\\/cohea.be\\\/wp-content\\\/uploads\\\/2018\\\/09\\\/LOGO-NOIR-1.png\",\"width\":4920,\"height\":1604,\"caption\":\"COHEA\"},\"image\":{\"@id\":\"https:\\\/\\\/cohea.be\\\/#\\\/schema\\\/logo\\\/image\\\/\"}}]}<\/script>\n<!-- \/ Yoast SEO plugin. -->","yoast_head_json":{"title":"Cocoa and Hibiscus Repairing Mask &#8211; COHEA","robots":{"index":"index","follow":"follow","max-snippet":"max-snippet:-1","max-image-preview":"max-image-preview:large","max-video-preview":"max-video-preview:-1"},"canonical":"https:\/\/cohea.be\/en\/produit\/cocoa-hibiscus-repair-mask\/","og_locale":"en_US","og_type":"article","og_title":"Cocoa and Hibiscus Repairing Mask &#8211; COHEA","og_description":"250ml The Cacao Hibiscus Repairing Mask by Les Ateliers Cr\u00e9pus deeply nourishes dry and damaged hair, especially frizzy hair. Formulated with 98% naturally derived ingredients, it contains:   Cocoa butter: deeply nourishes, locks in moisture, and protects fragile hair strands.   Hibiscus flower extract: adds radiance and shine to dull curls.   Coconut, Castor, and Sunflower Oils: enhance the nourishing effect and help maintain moisture.  This mask restores suppleness, softness, and vitality to frizzy hair that lacks nourishment. It is ideal for revitalizing dry, dull, or damaged hair. Made in France, it's perfect for bringing your curls back to life.","og_url":"https:\/\/cohea.be\/en\/produit\/cocoa-hibiscus-repair-mask\/","og_site_name":"COHEA","article_modified_time":"2026-03-20T14:49:37+00:00","og_image":[{"width":1080,"height":1080,"url":"https:\/\/cohea.be\/wp-content\/uploads\/2025\/07\/2.png","type":"image\/png"}],"twitter_card":"summary_large_image","twitter_misc":{"Est. reading time":"1 minute"},"schema":{"@context":"https:\/\/schema.org","@graph":[{"@type":"WebPage","@id":"https:\/\/cohea.be\/en\/produit\/cocoa-hibiscus-repair-mask\/","url":"https:\/\/cohea.be\/en\/produit\/cocoa-hibiscus-repair-mask\/","name":"Cocoa and Hibiscus Repairing Mask &#8211; COHEA","isPartOf":{"@id":"https:\/\/cohea.be\/#website"},"primaryImageOfPage":{"@id":"https:\/\/cohea.be\/en\/produit\/cocoa-hibiscus-repair-mask\/#primaryimage"},"image":{"@id":"https:\/\/cohea.be\/en\/produit\/cocoa-hibiscus-repair-mask\/#primaryimage"},"thumbnailUrl":"https:\/\/cohea.be\/wp-content\/uploads\/2025\/07\/2.png","datePublished":"2025-07-02T14:15:19+00:00","dateModified":"2026-03-20T14:49:37+00:00","breadcrumb":{"@id":"https:\/\/cohea.be\/en\/produit\/cocoa-hibiscus-repair-mask\/#breadcrumb"},"inLanguage":"en-US","potentialAction":[{"@type":"ReadAction","target":["https:\/\/cohea.be\/en\/produit\/cocoa-hibiscus-repair-mask\/"]}]},{"@type":"ImageObject","inLanguage":"en-US","@id":"https:\/\/cohea.be\/en\/produit\/cocoa-hibiscus-repair-mask\/#primaryimage","url":"https:\/\/cohea.be\/wp-content\/uploads\/2025\/07\/2.png","contentUrl":"https:\/\/cohea.be\/wp-content\/uploads\/2025\/07\/2.png","width":1080,"height":1080},{"@type":"BreadcrumbList","@id":"https:\/\/cohea.be\/en\/produit\/cocoa-hibiscus-repair-mask\/#breadcrumb","itemListElement":[{"@type":"ListItem","position":1,"name":"Accueil","item":"https:\/\/cohea.be\/en\/main-home\/"},{"@type":"ListItem","position":2,"name":"Shop","item":"https:\/\/cohea.be\/en\/shop\/"},{"@type":"ListItem","position":3,"name":"Cocoa and Hibiscus Repairing Mask"}]},{"@type":"WebSite","@id":"https:\/\/cohea.be\/#website","url":"https:\/\/cohea.be\/","name":"COHEA","description":"","publisher":{"@id":"https:\/\/cohea.be\/#organization"},"potentialAction":[{"@type":"SearchAction","target":{"@type":"EntryPoint","urlTemplate":"https:\/\/cohea.be\/?s={search_term_string}"},"query-input":{"@type":"PropertyValueSpecification","valueRequired":true,"valueName":"search_term_string"}}],"inLanguage":"en-US"},{"@type":"Organization","@id":"https:\/\/cohea.be\/#organization","name":"COHEA","url":"https:\/\/cohea.be\/","logo":{"@type":"ImageObject","inLanguage":"en-US","@id":"https:\/\/cohea.be\/#\/schema\/logo\/image\/","url":"http:\/\/cohea.be\/wp-content\/uploads\/2018\/09\/LOGO-NOIR-1.png","contentUrl":"http:\/\/cohea.be\/wp-content\/uploads\/2018\/09\/LOGO-NOIR-1.png","width":4920,"height":1604,"caption":"COHEA"},"image":{"@id":"https:\/\/cohea.be\/#\/schema\/logo\/image\/"}}]}},"jetpack_sharing_enabled":true,"_links":{"self":[{"href":"https:\/\/cohea.be\/en\/wp-json\/wp\/v2\/product\/31626","targetHints":{"allow":["GET"]}}],"collection":[{"href":"https:\/\/cohea.be\/en\/wp-json\/wp\/v2\/product"}],"about":[{"href":"https:\/\/cohea.be\/en\/wp-json\/wp\/v2\/types\/product"}],"replies":[{"embeddable":true,"href":"https:\/\/cohea.be\/en\/wp-json\/wp\/v2\/comments?post=31626"}],"wp:featuredmedia":[{"embeddable":true,"href":"https:\/\/cohea.be\/en\/wp-json\/wp\/v2\/media\/31620"}],"wp:attachment":[{"href":"https:\/\/cohea.be\/en\/wp-json\/wp\/v2\/media?parent=31626"}],"wp:term":[{"taxonomy":"product_brand","embeddable":true,"href":"https:\/\/cohea.be\/en\/wp-json\/wp\/v2\/product_brand?post=31626"},{"taxonomy":"product_cat","embeddable":true,"href":"https:\/\/cohea.be\/en\/wp-json\/wp\/v2\/product_cat?post=31626"},{"taxonomy":"product_tag","embeddable":true,"href":"https:\/\/cohea.be\/en\/wp-json\/wp\/v2\/product_tag?post=31626"}],"curies":[{"name":"wp","href":"https:\/\/api.w.org\/{rel}","templated":true}]}}