{"id":31625,"date":"2025-07-02T16:17:34","date_gmt":"2025-07-02T14:17:34","guid":{"rendered":"https:\/\/cohea.be\/produit\/cocoa-hibiscus-repair-shampoo\/"},"modified":"2026-03-20T15:46:42","modified_gmt":"2026-03-20T14:46:42","slug":"cocoa-hibiscus-repair-shampoo","status":"publish","type":"product","link":"https:\/\/cohea.be\/en\/produit\/cocoa-hibiscus-repair-shampoo\/","title":{"rendered":"Cocoa Hibiscus Repairing Shampoo"},"content":{"rendered":"<p>Aqua (eau), Decyl Glucoside (agent lavant), Caprylic\/capric Triglyceride (\u00e9mollient) Glycerin (agent humectant), Rosmarinus Officinalis Leaf Water (eau florale de romarin), Cetearyl Olivate (\u00e9mulsifiant), Cocos Nucifera Oil, (huile de coco) Sorbitan Olivate (\u00e9mulsifiant), Butyrospermum Parkii Butter (beurre de karit\u00e9), Ricinus Communis Seed Oil (huile de ricin), Cetearyl Alcohol (\u00e9mulsifiant), Parfum, Theobroma Cacao Seed Butter (beurre de cacao), Xanthan Gum (gelifiant), Hibiscus Sabdariffa Flower Extract (extrait d\u2019hibiscus), Helianthus Annuus Seed Oil (huile de tournesol), Ipomoea Batatas Root Extract (extrait de patate douce), Acacia Senegal Gum (gomme d\u2019acacia du S\u00e9n\u00e9gal), Tocopherol (vitamine E), Citric Acid (r\u00e9gulateur de Ph), Sodium Benzoate (conservateur), Potassium Sorbate (conservateur), Maltodextrin (amidon de ma\u00efs), Sodium Hydroxide (r\u00e9gulateur de Ph), Hexyl Cinnamal (agent parfumant), Limonene (agent parfumant), Coumarin (agent parfumant), Linalool (agent parfumant).<\/p>\n<p>98% natural ingredients.<\/p>\n","protected":false},"excerpt":{"rendered":"<p><strong>250ml<\/strong><\/p>\n<p data-start=\"90\" data-end=\"212\">Les Ateliers Cr\u00e9pus&#8217;s Cacao Hibiscus Repairing Shampoo gently cleanses without drying out curly hair.<\/p>\n<p data-start=\"214\" data-end=\"289\">Containing 98% naturally derived ingredients, it is formulated with:<\/p>\n<ul data-start=\"291\" data-end=\"509\">\n<li data-start=\"291\" data-end=\"353\">\n<p data-start=\"293\" data-end=\"353\">Cocoa butter: nourishes and prevents dryness.<\/p>\n<\/li>\n<li data-start=\"354\" data-end=\"420\">\n<p data-start=\"356\" data-end=\"420\">Hibiscus flower extract: adds shine and lightness.<\/p>\n<\/li>\n<li data-start=\"421\" data-end=\"509\">\n<p data-start=\"423\" data-end=\"509\">Castor, coconut, and sunflower oils: help maintain moisture during washing.<\/p>\n<\/li>\n<\/ul>\n<p data-start=\"511\" data-end=\"692\">Its non-foaming formula gently cleanses the scalp while keeping the hair soft and supple. Hair remains hydrated, clean, and easy to style. <\/p>\n<p data-start=\"694\" data-end=\"920\" data-is-last-node=\"\" data-is-only-node=\"\">Made in France, this shampoo is perfect for starting a nourishing hair care routine, which can be complemented with a mask or styling cream from the same line. Its pump bottle allows for convenient and economical dispensing. <\/p>\n","protected":false},"featured_media":31623,"comment_status":"open","ping_status":"closed","template":"","meta":[],"product_brand":[],"product_cat":[615,218,222],"product_tag":[],"class_list":{"0":"post-31625","1":"product","2":"type-product","3":"status-publish","4":"has-post-thumbnail","6":"product_cat-les-ateliers-crepus","7":"product_cat-cleanse","8":"product_cat-shampoos","9":"yith_product_brand-les-ateliers-crepus","11":"first","12":"instock","13":"taxable","14":"shipping-taxable","15":"purchasable","16":"product-type-simple"},"yoast_head":"<!-- This site is optimized with the Yoast SEO plugin v27.3 - https:\/\/yoast.com\/product\/yoast-seo-wordpress\/ -->\n<title>Cocoa Hibiscus Repairing Shampoo &#8211; COHEA<\/title>\n<meta name=\"robots\" content=\"index, follow, max-snippet:-1, max-image-preview:large, max-video-preview:-1\" \/>\n<link rel=\"canonical\" href=\"https:\/\/cohea.be\/en\/produit\/cocoa-hibiscus-repair-shampoo\/\" \/>\n<meta property=\"og:locale\" content=\"en_US\" \/>\n<meta property=\"og:type\" content=\"article\" \/>\n<meta property=\"og:title\" content=\"Cocoa Hibiscus Repairing Shampoo &#8211; COHEA\" \/>\n<meta property=\"og:description\" content=\"250ml Les Ateliers Cr\u00e9pus&#039;s Cacao Hibiscus Repairing Shampoo gently cleanses without drying out curly hair. Containing 98% naturally derived ingredients, it is formulated with:   Cocoa butter: nourishes and prevents dryness.   Hibiscus flower extract: adds shine and lightness.   Castor, coconut, and sunflower oils: help maintain moisture during washing.  Its non-foaming formula gently cleanses the scalp while keeping the hair soft and supple. Hair remains hydrated, clean, and easy to style. Made in France, this shampoo is perfect for starting a nourishing hair care routine, which can be complemented with a mask or styling cream from the same line. Its pump bottle allows for convenient and economical dispensing.\" \/>\n<meta property=\"og:url\" content=\"https:\/\/cohea.be\/en\/produit\/cocoa-hibiscus-repair-shampoo\/\" \/>\n<meta property=\"og:site_name\" content=\"COHEA\" \/>\n<meta property=\"article:modified_time\" content=\"2026-03-20T14:46:42+00:00\" \/>\n<meta property=\"og:image\" content=\"https:\/\/cohea.be\/wp-content\/uploads\/2025\/07\/3.png\" \/>\n\t<meta property=\"og:image:width\" content=\"1080\" \/>\n\t<meta property=\"og:image:height\" content=\"1080\" \/>\n\t<meta property=\"og:image:type\" content=\"image\/png\" \/>\n<meta name=\"twitter:card\" content=\"summary_large_image\" \/>\n<meta name=\"twitter:label1\" content=\"Est. reading time\" \/>\n\t<meta name=\"twitter:data1\" content=\"1 minute\" \/>\n<script type=\"application\/ld+json\" class=\"yoast-schema-graph\">{\"@context\":\"https:\\\/\\\/schema.org\",\"@graph\":[{\"@type\":\"WebPage\",\"@id\":\"https:\\\/\\\/cohea.be\\\/en\\\/produit\\\/cocoa-hibiscus-repair-shampoo\\\/\",\"url\":\"https:\\\/\\\/cohea.be\\\/en\\\/produit\\\/cocoa-hibiscus-repair-shampoo\\\/\",\"name\":\"Cocoa Hibiscus Repairing Shampoo &#8211; COHEA\",\"isPartOf\":{\"@id\":\"https:\\\/\\\/cohea.be\\\/#website\"},\"primaryImageOfPage\":{\"@id\":\"https:\\\/\\\/cohea.be\\\/en\\\/produit\\\/cocoa-hibiscus-repair-shampoo\\\/#primaryimage\"},\"image\":{\"@id\":\"https:\\\/\\\/cohea.be\\\/en\\\/produit\\\/cocoa-hibiscus-repair-shampoo\\\/#primaryimage\"},\"thumbnailUrl\":\"https:\\\/\\\/cohea.be\\\/wp-content\\\/uploads\\\/2025\\\/07\\\/3.png\",\"datePublished\":\"2025-07-02T14:17:34+00:00\",\"dateModified\":\"2026-03-20T14:46:42+00:00\",\"breadcrumb\":{\"@id\":\"https:\\\/\\\/cohea.be\\\/en\\\/produit\\\/cocoa-hibiscus-repair-shampoo\\\/#breadcrumb\"},\"inLanguage\":\"en-US\",\"potentialAction\":[{\"@type\":\"ReadAction\",\"target\":[\"https:\\\/\\\/cohea.be\\\/en\\\/produit\\\/cocoa-hibiscus-repair-shampoo\\\/\"]}]},{\"@type\":\"ImageObject\",\"inLanguage\":\"en-US\",\"@id\":\"https:\\\/\\\/cohea.be\\\/en\\\/produit\\\/cocoa-hibiscus-repair-shampoo\\\/#primaryimage\",\"url\":\"https:\\\/\\\/cohea.be\\\/wp-content\\\/uploads\\\/2025\\\/07\\\/3.png\",\"contentUrl\":\"https:\\\/\\\/cohea.be\\\/wp-content\\\/uploads\\\/2025\\\/07\\\/3.png\",\"width\":1080,\"height\":1080},{\"@type\":\"BreadcrumbList\",\"@id\":\"https:\\\/\\\/cohea.be\\\/en\\\/produit\\\/cocoa-hibiscus-repair-shampoo\\\/#breadcrumb\",\"itemListElement\":[{\"@type\":\"ListItem\",\"position\":1,\"name\":\"Accueil\",\"item\":\"https:\\\/\\\/cohea.be\\\/en\\\/main-home\\\/\"},{\"@type\":\"ListItem\",\"position\":2,\"name\":\"Shop\",\"item\":\"https:\\\/\\\/cohea.be\\\/en\\\/shop\\\/\"},{\"@type\":\"ListItem\",\"position\":3,\"name\":\"Cocoa Hibiscus Repairing Shampoo\"}]},{\"@type\":\"WebSite\",\"@id\":\"https:\\\/\\\/cohea.be\\\/#website\",\"url\":\"https:\\\/\\\/cohea.be\\\/\",\"name\":\"COHEA\",\"description\":\"\",\"publisher\":{\"@id\":\"https:\\\/\\\/cohea.be\\\/#organization\"},\"potentialAction\":[{\"@type\":\"SearchAction\",\"target\":{\"@type\":\"EntryPoint\",\"urlTemplate\":\"https:\\\/\\\/cohea.be\\\/?s={search_term_string}\"},\"query-input\":{\"@type\":\"PropertyValueSpecification\",\"valueRequired\":true,\"valueName\":\"search_term_string\"}}],\"inLanguage\":\"en-US\"},{\"@type\":\"Organization\",\"@id\":\"https:\\\/\\\/cohea.be\\\/#organization\",\"name\":\"COHEA\",\"url\":\"https:\\\/\\\/cohea.be\\\/\",\"logo\":{\"@type\":\"ImageObject\",\"inLanguage\":\"en-US\",\"@id\":\"https:\\\/\\\/cohea.be\\\/#\\\/schema\\\/logo\\\/image\\\/\",\"url\":\"http:\\\/\\\/cohea.be\\\/wp-content\\\/uploads\\\/2018\\\/09\\\/LOGO-NOIR-1.png\",\"contentUrl\":\"http:\\\/\\\/cohea.be\\\/wp-content\\\/uploads\\\/2018\\\/09\\\/LOGO-NOIR-1.png\",\"width\":4920,\"height\":1604,\"caption\":\"COHEA\"},\"image\":{\"@id\":\"https:\\\/\\\/cohea.be\\\/#\\\/schema\\\/logo\\\/image\\\/\"}}]}<\/script>\n<!-- \/ Yoast SEO plugin. -->","yoast_head_json":{"title":"Cocoa Hibiscus Repairing Shampoo &#8211; COHEA","robots":{"index":"index","follow":"follow","max-snippet":"max-snippet:-1","max-image-preview":"max-image-preview:large","max-video-preview":"max-video-preview:-1"},"canonical":"https:\/\/cohea.be\/en\/produit\/cocoa-hibiscus-repair-shampoo\/","og_locale":"en_US","og_type":"article","og_title":"Cocoa Hibiscus Repairing Shampoo &#8211; COHEA","og_description":"250ml Les Ateliers Cr\u00e9pus's Cacao Hibiscus Repairing Shampoo gently cleanses without drying out curly hair. Containing 98% naturally derived ingredients, it is formulated with:   Cocoa butter: nourishes and prevents dryness.   Hibiscus flower extract: adds shine and lightness.   Castor, coconut, and sunflower oils: help maintain moisture during washing.  Its non-foaming formula gently cleanses the scalp while keeping the hair soft and supple. Hair remains hydrated, clean, and easy to style. Made in France, this shampoo is perfect for starting a nourishing hair care routine, which can be complemented with a mask or styling cream from the same line. Its pump bottle allows for convenient and economical dispensing.","og_url":"https:\/\/cohea.be\/en\/produit\/cocoa-hibiscus-repair-shampoo\/","og_site_name":"COHEA","article_modified_time":"2026-03-20T14:46:42+00:00","og_image":[{"width":1080,"height":1080,"url":"https:\/\/cohea.be\/wp-content\/uploads\/2025\/07\/3.png","type":"image\/png"}],"twitter_card":"summary_large_image","twitter_misc":{"Est. reading time":"1 minute"},"schema":{"@context":"https:\/\/schema.org","@graph":[{"@type":"WebPage","@id":"https:\/\/cohea.be\/en\/produit\/cocoa-hibiscus-repair-shampoo\/","url":"https:\/\/cohea.be\/en\/produit\/cocoa-hibiscus-repair-shampoo\/","name":"Cocoa Hibiscus Repairing Shampoo &#8211; COHEA","isPartOf":{"@id":"https:\/\/cohea.be\/#website"},"primaryImageOfPage":{"@id":"https:\/\/cohea.be\/en\/produit\/cocoa-hibiscus-repair-shampoo\/#primaryimage"},"image":{"@id":"https:\/\/cohea.be\/en\/produit\/cocoa-hibiscus-repair-shampoo\/#primaryimage"},"thumbnailUrl":"https:\/\/cohea.be\/wp-content\/uploads\/2025\/07\/3.png","datePublished":"2025-07-02T14:17:34+00:00","dateModified":"2026-03-20T14:46:42+00:00","breadcrumb":{"@id":"https:\/\/cohea.be\/en\/produit\/cocoa-hibiscus-repair-shampoo\/#breadcrumb"},"inLanguage":"en-US","potentialAction":[{"@type":"ReadAction","target":["https:\/\/cohea.be\/en\/produit\/cocoa-hibiscus-repair-shampoo\/"]}]},{"@type":"ImageObject","inLanguage":"en-US","@id":"https:\/\/cohea.be\/en\/produit\/cocoa-hibiscus-repair-shampoo\/#primaryimage","url":"https:\/\/cohea.be\/wp-content\/uploads\/2025\/07\/3.png","contentUrl":"https:\/\/cohea.be\/wp-content\/uploads\/2025\/07\/3.png","width":1080,"height":1080},{"@type":"BreadcrumbList","@id":"https:\/\/cohea.be\/en\/produit\/cocoa-hibiscus-repair-shampoo\/#breadcrumb","itemListElement":[{"@type":"ListItem","position":1,"name":"Accueil","item":"https:\/\/cohea.be\/en\/main-home\/"},{"@type":"ListItem","position":2,"name":"Shop","item":"https:\/\/cohea.be\/en\/shop\/"},{"@type":"ListItem","position":3,"name":"Cocoa Hibiscus Repairing Shampoo"}]},{"@type":"WebSite","@id":"https:\/\/cohea.be\/#website","url":"https:\/\/cohea.be\/","name":"COHEA","description":"","publisher":{"@id":"https:\/\/cohea.be\/#organization"},"potentialAction":[{"@type":"SearchAction","target":{"@type":"EntryPoint","urlTemplate":"https:\/\/cohea.be\/?s={search_term_string}"},"query-input":{"@type":"PropertyValueSpecification","valueRequired":true,"valueName":"search_term_string"}}],"inLanguage":"en-US"},{"@type":"Organization","@id":"https:\/\/cohea.be\/#organization","name":"COHEA","url":"https:\/\/cohea.be\/","logo":{"@type":"ImageObject","inLanguage":"en-US","@id":"https:\/\/cohea.be\/#\/schema\/logo\/image\/","url":"http:\/\/cohea.be\/wp-content\/uploads\/2018\/09\/LOGO-NOIR-1.png","contentUrl":"http:\/\/cohea.be\/wp-content\/uploads\/2018\/09\/LOGO-NOIR-1.png","width":4920,"height":1604,"caption":"COHEA"},"image":{"@id":"https:\/\/cohea.be\/#\/schema\/logo\/image\/"}}]}},"jetpack_sharing_enabled":true,"_links":{"self":[{"href":"https:\/\/cohea.be\/en\/wp-json\/wp\/v2\/product\/31625","targetHints":{"allow":["GET"]}}],"collection":[{"href":"https:\/\/cohea.be\/en\/wp-json\/wp\/v2\/product"}],"about":[{"href":"https:\/\/cohea.be\/en\/wp-json\/wp\/v2\/types\/product"}],"replies":[{"embeddable":true,"href":"https:\/\/cohea.be\/en\/wp-json\/wp\/v2\/comments?post=31625"}],"wp:featuredmedia":[{"embeddable":true,"href":"https:\/\/cohea.be\/en\/wp-json\/wp\/v2\/media\/31623"}],"wp:attachment":[{"href":"https:\/\/cohea.be\/en\/wp-json\/wp\/v2\/media?parent=31625"}],"wp:term":[{"taxonomy":"product_brand","embeddable":true,"href":"https:\/\/cohea.be\/en\/wp-json\/wp\/v2\/product_brand?post=31625"},{"taxonomy":"product_cat","embeddable":true,"href":"https:\/\/cohea.be\/en\/wp-json\/wp\/v2\/product_cat?post=31625"},{"taxonomy":"product_tag","embeddable":true,"href":"https:\/\/cohea.be\/en\/wp-json\/wp\/v2\/product_tag?post=31625"}],"curies":[{"name":"wp","href":"https:\/\/api.w.org\/{rel}","templated":true}]}}