{"id":31529,"date":"2025-06-13T16:46:36","date_gmt":"2025-06-13T14:46:36","guid":{"rendered":"https:\/\/cohea.be\/produit\/clarity-conditionner-59ml-2\/"},"modified":"2026-04-02T16:05:35","modified_gmt":"2026-04-02T14:05:35","slug":"clarity-conditionner-59ml-2","status":"publish","type":"product","link":"https:\/\/cohea.be\/en\/produit\/clarity-conditionner-59ml-2\/","title":{"rendered":"Clarity Conditionner (59ml &#8211; Format voyage)"},"content":{"rendered":"<p><a class=\"ingredient-list__ingredient\" data-ingredient=\"water\/aqua\/eau\" data-ingredient-attrs=\"\" data-sku=\"AG-CLC010-01\">water\/aqua\/eau<\/a>, <a class=\"ingredient-list__ingredient\" data-ingredient=\"aloe barbadensis leaf juice\" data-ingredient-attrs=\"\" data-sku=\"AG-CLC010-01\">aloe barbadensis leaf juice*<\/a>, <a class=\"ingredient-list__ingredient\" data-ingredient=\"cetearyl alcohol\" data-ingredient-attrs=\"\" data-sku=\"AG-CLC010-01\">cetearyl alcohol<\/a>, <a class=\"ingredient-list__ingredient\" data-ingredient=\"glycerin\" data-ingredient-attrs=\"\" data-sku=\"AG-CLC010-01\">glycerin<\/a>, <a class=\"ingredient-list__ingredient\" data-ingredient=\"behentrimonium methosulfate\" data-ingredient-attrs=\"\" data-sku=\"AG-CLC010-01\">behentrimonium methosulfate<\/a>, <a class=\"ingredient-list__ingredient\" data-ingredient=\"stearalkonium chloride\" data-ingredient-attrs=\"\" data-sku=\"AG-CLC010-01\">stearalkonium chloride<\/a>, <a class=\"ingredient-list__ingredient\" data-ingredient=\"butyrospermum parkii (shea) butter\" data-ingredient-attrs=\"\" data-sku=\"AG-CLC010-01\">butyrospermum parkii (shea) butter<\/a>, <a class=\"ingredient-list__ingredient\" data-ingredient=\"honey\" data-ingredient-attrs=\"\" data-sku=\"AG-CLC010-01\">honey<\/a>, <a class=\"ingredient-list__ingredient\" data-ingredient=\"citric acid\" data-ingredient-attrs=\"\" data-sku=\"AG-CLC010-01\">citric acid<\/a>, <a class=\"ingredient-list__ingredient\" data-ingredient=\"sodium levulinate\" data-ingredient-attrs=\"\" data-sku=\"AG-CLC010-01\">sodium levulinate<\/a>, <a class=\"ingredient-list__ingredient\" data-ingredient=\"potassium sorbate\" data-ingredient-attrs=\"\" data-sku=\"AG-CLC010-01\">potassium sorbate<\/a>, <a class=\"ingredient-list__ingredient\" data-ingredient=\"cocos nucifera (coconut) oil\" data-ingredient-attrs=\"\" data-sku=\"AG-CLC010-01\">cocos nucifera (coconut) oil*<\/a>, <a class=\"ingredient-list__ingredient\" data-ingredient=\"prunus armeniaca (apricot) kernel oil\" data-ingredient-attrs=\"\" data-sku=\"AG-CLC010-01\">prunus armeniaca (apricot) kernel oil*<\/a>, <a class=\"ingredient-list__ingredient\" data-ingredient=\"colloidal oatmeal\" data-ingredient-attrs=\"\" data-sku=\"AG-CLC010-01\">colloidal oatmeal<\/a>, <a class=\"ingredient-list__ingredient\" data-ingredient=\"guar hydroxypropyltrimonium chloride\" data-ingredient-attrs=\"\" data-sku=\"AG-CLC010-01\">guar hydroxypropyltrimonium chloride<\/a>, <a class=\"ingredient-list__ingredient\" data-ingredient=\"sodium gluconate\" data-ingredient-attrs=\"\" data-sku=\"AG-CLC010-01\">sodium gluconate<\/a>, <a class=\"ingredient-list__ingredient\" data-ingredient=\"tocopherol\" data-ingredient-attrs=\"\" data-sku=\"AG-CLC010-01\">tocopherol<\/a>, <a class=\"ingredient-list__ingredient\" data-ingredient=\"vaccinium macrocarpon (cranberry) seed oil\" data-ingredient-attrs=\"\" data-sku=\"AG-CLC010-01\">vaccinium macrocarpon (cranberry) seed oil*<\/a>, <a class=\"ingredient-list__ingredient\" data-ingredient=\"swertia japonica extract\" data-ingredient-attrs=\"\" data-sku=\"AG-CLC010-01\">swertia japonica extract<\/a>, <a class=\"ingredient-list__ingredient\" data-ingredient=\"stearyl alcohol\" data-ingredient-attrs=\"\" data-sku=\"AG-CLC010-01\">stearyl alcohol<\/a>, <a class=\"ingredient-list__ingredient\" data-ingredient=\"amine hcl\" data-ingredient-attrs=\"\" data-sku=\"AG-CLC010-01\">amine hcl<\/a>, <a class=\"ingredient-list__ingredient\" data-ingredient=\"leuconostoc\/radish root ferment filtrate\" data-ingredient-attrs=\"\" data-sku=\"AG-CLC010-01\">leuconostoc\/radish root ferment filtrate.<\/a><\/p>\n<p>&nbsp;<\/p>\n<p>*Certifi\u00e9 biologique<\/p>\n<p>\u2020 Un composant naturel des huiles essentielles<\/p>\n","protected":false},"excerpt":{"rendered":"<p><strong>59ml<\/strong><\/p>\n<p><strong>Le meilleur moyen d\u2019obtenir des cheveux et un cuir chevelu apais\u00e9s.<\/strong><\/p>\n<p>Cet apr\u00e8s-shampooing sans parfum, propre et hypoallerg\u00e9nique, adoucit les cheveux tout en apaisant le cuir chevelu. L\u2019avoine collo\u00efdale calme les peaux sensibles. Le miel de Manuka et l\u2019huile de noyau d\u2019abricot biologique se m\u00e9langent pour apporter de la souplesse, sceller l\u2019hydratation et laisser les cheveux plus doux et plus brillants.<\/p>\n<p>Fabriqu\u00e9e sans agents irritants potentiels, comme les huiles essentielles, le soja, le gluten et le lactose, cette formule sans silicone est id\u00e9ale pour les personnes au cuir chevelu sensible et convient \u00e0 tous les types de cheveux et \u00e0 toutes les textures.<\/p>\n","protected":false},"featured_media":28333,"comment_status":"open","ping_status":"closed","template":"","meta":[],"product_brand":[],"product_cat":[197,203,214],"product_tag":[],"class_list":{"0":"post-31529","1":"product","2":"type-product","3":"status-publish","4":"has-post-thumbnail","6":"product_cat-hydrater-demeler","7":"product_cat-apres-shampoings","8":"product_cat-innersense-organic-beauty","9":"yith_product_brand-innersense-organic-beauty","11":"first","12":"instock","13":"taxable","14":"shipping-taxable","15":"purchasable","16":"product-type-simple"},"yoast_head":"<!-- This site is optimized with the Yoast SEO plugin v27.3 - https:\/\/yoast.com\/product\/yoast-seo-wordpress\/ -->\n<title>Clarity Conditionner (59ml - Format voyage) &#8211; COHEA<\/title>\n<meta name=\"robots\" content=\"index, follow, max-snippet:-1, max-image-preview:large, max-video-preview:-1\" \/>\n<link rel=\"canonical\" href=\"https:\/\/cohea.be\/produit\/clarity-conditionner-59ml-2\/\" \/>\n<meta property=\"og:locale\" content=\"en_US\" \/>\n<meta property=\"og:type\" content=\"article\" \/>\n<meta property=\"og:title\" content=\"Clarity Conditionner (59ml - Format voyage) &#8211; COHEA\" \/>\n<meta property=\"og:description\" content=\"59ml  Le meilleur moyen d\u2019obtenir des cheveux et un cuir chevelu apais\u00e9s.  Cet apr\u00e8s-shampooing sans parfum, propre et hypoallerg\u00e9nique, adoucit les cheveux tout en apaisant le cuir chevelu. L\u2019avoine collo\u00efdale calme les peaux sensibles. Le miel de Manuka et l\u2019huile de noyau d\u2019abricot biologique se m\u00e9langent pour apporter de la souplesse, sceller l\u2019hydratation et laisser les cheveux plus doux et plus brillants.  Fabriqu\u00e9e sans agents irritants potentiels, comme les huiles essentielles, le soja, le gluten et le lactose, cette formule sans silicone est id\u00e9ale pour les personnes au cuir chevelu sensible et convient \u00e0 tous les types de cheveux et \u00e0 toutes les textures.\" \/>\n<meta property=\"og:url\" content=\"https:\/\/cohea.be\/produit\/clarity-conditionner-59ml-2\/\" \/>\n<meta property=\"og:site_name\" content=\"COHEA\" \/>\n<meta property=\"article:modified_time\" content=\"2026-04-02T14:05:35+00:00\" \/>\n<meta property=\"og:image\" content=\"https:\/\/cohea.be\/wp-content\/uploads\/2024\/06\/ClarityConditioner2ozTube.webp\" \/>\n\t<meta property=\"og:image:width\" content=\"1000\" \/>\n\t<meta property=\"og:image:height\" content=\"1000\" \/>\n\t<meta property=\"og:image:type\" content=\"image\/webp\" \/>\n<meta name=\"twitter:card\" content=\"summary_large_image\" \/>\n<meta name=\"twitter:label1\" content=\"Est. reading time\" \/>\n\t<meta name=\"twitter:data1\" content=\"1 minute\" \/>\n<script type=\"application\/ld+json\" class=\"yoast-schema-graph\">{\"@context\":\"https:\\\/\\\/schema.org\",\"@graph\":[{\"@type\":\"WebPage\",\"@id\":\"https:\\\/\\\/cohea.be\\\/produit\\\/clarity-conditionner-59ml-2\\\/\",\"url\":\"https:\\\/\\\/cohea.be\\\/produit\\\/clarity-conditionner-59ml-2\\\/\",\"name\":\"Clarity Conditionner (59ml - Format voyage) &#8211; COHEA\",\"isPartOf\":{\"@id\":\"https:\\\/\\\/cohea.be\\\/#website\"},\"primaryImageOfPage\":{\"@id\":\"https:\\\/\\\/cohea.be\\\/produit\\\/clarity-conditionner-59ml-2\\\/#primaryimage\"},\"image\":{\"@id\":\"https:\\\/\\\/cohea.be\\\/produit\\\/clarity-conditionner-59ml-2\\\/#primaryimage\"},\"thumbnailUrl\":\"https:\\\/\\\/cohea.be\\\/wp-content\\\/uploads\\\/2024\\\/06\\\/ClarityConditioner2ozTube.webp\",\"datePublished\":\"2025-06-13T14:46:36+00:00\",\"dateModified\":\"2026-04-02T14:05:35+00:00\",\"breadcrumb\":{\"@id\":\"https:\\\/\\\/cohea.be\\\/produit\\\/clarity-conditionner-59ml-2\\\/#breadcrumb\"},\"inLanguage\":\"en-US\",\"potentialAction\":[{\"@type\":\"ReadAction\",\"target\":[\"https:\\\/\\\/cohea.be\\\/produit\\\/clarity-conditionner-59ml-2\\\/\"]}]},{\"@type\":\"ImageObject\",\"inLanguage\":\"en-US\",\"@id\":\"https:\\\/\\\/cohea.be\\\/produit\\\/clarity-conditionner-59ml-2\\\/#primaryimage\",\"url\":\"https:\\\/\\\/cohea.be\\\/wp-content\\\/uploads\\\/2024\\\/06\\\/ClarityConditioner2ozTube.webp\",\"contentUrl\":\"https:\\\/\\\/cohea.be\\\/wp-content\\\/uploads\\\/2024\\\/06\\\/ClarityConditioner2ozTube.webp\",\"width\":1000,\"height\":1000},{\"@type\":\"BreadcrumbList\",\"@id\":\"https:\\\/\\\/cohea.be\\\/produit\\\/clarity-conditionner-59ml-2\\\/#breadcrumb\",\"itemListElement\":[{\"@type\":\"ListItem\",\"position\":1,\"name\":\"Accueil\",\"item\":\"https:\\\/\\\/cohea.be\\\/en\\\/main-home\\\/\"},{\"@type\":\"ListItem\",\"position\":2,\"name\":\"Shop\",\"item\":\"https:\\\/\\\/cohea.be\\\/en\\\/shop\\\/\"},{\"@type\":\"ListItem\",\"position\":3,\"name\":\"Clarity Conditionner (59ml &#8211; Format voyage)\"}]},{\"@type\":\"WebSite\",\"@id\":\"https:\\\/\\\/cohea.be\\\/#website\",\"url\":\"https:\\\/\\\/cohea.be\\\/\",\"name\":\"COHEA\",\"description\":\"\",\"publisher\":{\"@id\":\"https:\\\/\\\/cohea.be\\\/#organization\"},\"potentialAction\":[{\"@type\":\"SearchAction\",\"target\":{\"@type\":\"EntryPoint\",\"urlTemplate\":\"https:\\\/\\\/cohea.be\\\/?s={search_term_string}\"},\"query-input\":{\"@type\":\"PropertyValueSpecification\",\"valueRequired\":true,\"valueName\":\"search_term_string\"}}],\"inLanguage\":\"en-US\"},{\"@type\":\"Organization\",\"@id\":\"https:\\\/\\\/cohea.be\\\/#organization\",\"name\":\"COHEA\",\"url\":\"https:\\\/\\\/cohea.be\\\/\",\"logo\":{\"@type\":\"ImageObject\",\"inLanguage\":\"en-US\",\"@id\":\"https:\\\/\\\/cohea.be\\\/#\\\/schema\\\/logo\\\/image\\\/\",\"url\":\"http:\\\/\\\/cohea.be\\\/wp-content\\\/uploads\\\/2018\\\/09\\\/LOGO-NOIR-1.png\",\"contentUrl\":\"http:\\\/\\\/cohea.be\\\/wp-content\\\/uploads\\\/2018\\\/09\\\/LOGO-NOIR-1.png\",\"width\":4920,\"height\":1604,\"caption\":\"COHEA\"},\"image\":{\"@id\":\"https:\\\/\\\/cohea.be\\\/#\\\/schema\\\/logo\\\/image\\\/\"}}]}<\/script>\n<!-- \/ Yoast SEO plugin. -->","yoast_head_json":{"title":"Clarity Conditionner (59ml - Format voyage) &#8211; COHEA","robots":{"index":"index","follow":"follow","max-snippet":"max-snippet:-1","max-image-preview":"max-image-preview:large","max-video-preview":"max-video-preview:-1"},"canonical":"https:\/\/cohea.be\/produit\/clarity-conditionner-59ml-2\/","og_locale":"en_US","og_type":"article","og_title":"Clarity Conditionner (59ml - Format voyage) &#8211; COHEA","og_description":"59ml  Le meilleur moyen d\u2019obtenir des cheveux et un cuir chevelu apais\u00e9s.  Cet apr\u00e8s-shampooing sans parfum, propre et hypoallerg\u00e9nique, adoucit les cheveux tout en apaisant le cuir chevelu. L\u2019avoine collo\u00efdale calme les peaux sensibles. Le miel de Manuka et l\u2019huile de noyau d\u2019abricot biologique se m\u00e9langent pour apporter de la souplesse, sceller l\u2019hydratation et laisser les cheveux plus doux et plus brillants.  Fabriqu\u00e9e sans agents irritants potentiels, comme les huiles essentielles, le soja, le gluten et le lactose, cette formule sans silicone est id\u00e9ale pour les personnes au cuir chevelu sensible et convient \u00e0 tous les types de cheveux et \u00e0 toutes les textures.","og_url":"https:\/\/cohea.be\/produit\/clarity-conditionner-59ml-2\/","og_site_name":"COHEA","article_modified_time":"2026-04-02T14:05:35+00:00","og_image":[{"width":1000,"height":1000,"url":"https:\/\/cohea.be\/wp-content\/uploads\/2024\/06\/ClarityConditioner2ozTube.webp","type":"image\/webp"}],"twitter_card":"summary_large_image","twitter_misc":{"Est. reading time":"1 minute"},"schema":{"@context":"https:\/\/schema.org","@graph":[{"@type":"WebPage","@id":"https:\/\/cohea.be\/produit\/clarity-conditionner-59ml-2\/","url":"https:\/\/cohea.be\/produit\/clarity-conditionner-59ml-2\/","name":"Clarity Conditionner (59ml - Format voyage) &#8211; COHEA","isPartOf":{"@id":"https:\/\/cohea.be\/#website"},"primaryImageOfPage":{"@id":"https:\/\/cohea.be\/produit\/clarity-conditionner-59ml-2\/#primaryimage"},"image":{"@id":"https:\/\/cohea.be\/produit\/clarity-conditionner-59ml-2\/#primaryimage"},"thumbnailUrl":"https:\/\/cohea.be\/wp-content\/uploads\/2024\/06\/ClarityConditioner2ozTube.webp","datePublished":"2025-06-13T14:46:36+00:00","dateModified":"2026-04-02T14:05:35+00:00","breadcrumb":{"@id":"https:\/\/cohea.be\/produit\/clarity-conditionner-59ml-2\/#breadcrumb"},"inLanguage":"en-US","potentialAction":[{"@type":"ReadAction","target":["https:\/\/cohea.be\/produit\/clarity-conditionner-59ml-2\/"]}]},{"@type":"ImageObject","inLanguage":"en-US","@id":"https:\/\/cohea.be\/produit\/clarity-conditionner-59ml-2\/#primaryimage","url":"https:\/\/cohea.be\/wp-content\/uploads\/2024\/06\/ClarityConditioner2ozTube.webp","contentUrl":"https:\/\/cohea.be\/wp-content\/uploads\/2024\/06\/ClarityConditioner2ozTube.webp","width":1000,"height":1000},{"@type":"BreadcrumbList","@id":"https:\/\/cohea.be\/produit\/clarity-conditionner-59ml-2\/#breadcrumb","itemListElement":[{"@type":"ListItem","position":1,"name":"Accueil","item":"https:\/\/cohea.be\/en\/main-home\/"},{"@type":"ListItem","position":2,"name":"Shop","item":"https:\/\/cohea.be\/en\/shop\/"},{"@type":"ListItem","position":3,"name":"Clarity Conditionner (59ml &#8211; Format voyage)"}]},{"@type":"WebSite","@id":"https:\/\/cohea.be\/#website","url":"https:\/\/cohea.be\/","name":"COHEA","description":"","publisher":{"@id":"https:\/\/cohea.be\/#organization"},"potentialAction":[{"@type":"SearchAction","target":{"@type":"EntryPoint","urlTemplate":"https:\/\/cohea.be\/?s={search_term_string}"},"query-input":{"@type":"PropertyValueSpecification","valueRequired":true,"valueName":"search_term_string"}}],"inLanguage":"en-US"},{"@type":"Organization","@id":"https:\/\/cohea.be\/#organization","name":"COHEA","url":"https:\/\/cohea.be\/","logo":{"@type":"ImageObject","inLanguage":"en-US","@id":"https:\/\/cohea.be\/#\/schema\/logo\/image\/","url":"http:\/\/cohea.be\/wp-content\/uploads\/2018\/09\/LOGO-NOIR-1.png","contentUrl":"http:\/\/cohea.be\/wp-content\/uploads\/2018\/09\/LOGO-NOIR-1.png","width":4920,"height":1604,"caption":"COHEA"},"image":{"@id":"https:\/\/cohea.be\/#\/schema\/logo\/image\/"}}]}},"jetpack_sharing_enabled":true,"_links":{"self":[{"href":"https:\/\/cohea.be\/en\/wp-json\/wp\/v2\/product\/31529","targetHints":{"allow":["GET"]}}],"collection":[{"href":"https:\/\/cohea.be\/en\/wp-json\/wp\/v2\/product"}],"about":[{"href":"https:\/\/cohea.be\/en\/wp-json\/wp\/v2\/types\/product"}],"replies":[{"embeddable":true,"href":"https:\/\/cohea.be\/en\/wp-json\/wp\/v2\/comments?post=31529"}],"wp:featuredmedia":[{"embeddable":true,"href":"https:\/\/cohea.be\/en\/wp-json\/wp\/v2\/media\/28333"}],"wp:attachment":[{"href":"https:\/\/cohea.be\/en\/wp-json\/wp\/v2\/media?parent=31529"}],"wp:term":[{"taxonomy":"product_brand","embeddable":true,"href":"https:\/\/cohea.be\/en\/wp-json\/wp\/v2\/product_brand?post=31529"},{"taxonomy":"product_cat","embeddable":true,"href":"https:\/\/cohea.be\/en\/wp-json\/wp\/v2\/product_cat?post=31529"},{"taxonomy":"product_tag","embeddable":true,"href":"https:\/\/cohea.be\/en\/wp-json\/wp\/v2\/product_tag?post=31529"}],"curies":[{"name":"wp","href":"https:\/\/api.w.org\/{rel}","templated":true}]}}