{"id":30666,"date":"2025-03-14T16:24:45","date_gmt":"2025-03-14T15:24:45","guid":{"rendered":"https:\/\/cohea.be\/produit\/pure-inspiration-daily-conditioner-refill-ml\/"},"modified":"2025-03-14T18:09:52","modified_gmt":"2025-03-14T17:09:52","slug":"pure-inspiration-daily-conditioner-refill-ml","status":"publish","type":"product","link":"https:\/\/cohea.be\/en\/produit\/pure-inspiration-daily-conditioner-refill-ml\/","title":{"rendered":"Pure Inspiration Daily Conditioner  REFILL (946ml)"},"content":{"rendered":"<p>Eau, Aqua-EAU, m\u00e9thosulfate de b\u00e9hentrimonium, alcool c\u00e9t\u00e9arylique, glyc\u00e9rine, chlorure de st\u00e9aralkonium, jus de feuilles d\u2019aloe barnensis (aloe vera)*, Caprylic\/Capric Triglyceride, Butyroseperum Parkii (Shea Butter)*, Sodium Benzoate, Oryza Sativa (Rice) Bran Oil*, Persea Gratissima (Avocado) Oil*, Cocos Nucifera (Coconut) Oil*, Hydrolyzed Quinoa, Hydrolyzed Rice Protein, Camerllia Sinesis Leaf Extract*, Sodium Benzoate<\/p>\n","protected":false},"excerpt":{"rendered":"<p>946ml<\/p>\n<p>A lightweight conditioner to boost moisture<\/p>\n<p>Boost moisture with this lightweight, detangling conditioner. Made with rice bran oil and aloe vera to strengthen and smooth the hair shaft, while orange blossom oil provides beautiful shine. The silicone-free formula eliminates frizz, leaving hair hydrated and happy.<\/p>\n","protected":false},"featured_media":30659,"comment_status":"open","ping_status":"closed","template":"","meta":[],"product_brand":[],"product_cat":[],"product_tag":[],"class_list":{"0":"post-30666","1":"product","2":"type-product","3":"status-publish","4":"has-post-thumbnail","7":"first","8":"instock","9":"taxable","10":"shipping-taxable","11":"purchasable","12":"product-type-simple"},"yoast_head":"<!-- This site is optimized with the Yoast SEO plugin v27.5 - https:\/\/yoast.com\/product\/yoast-seo-wordpress\/ -->\n<title>Pure Inspiration Daily Conditioner REFILL (946ml) &#8211; COHEA<\/title>\n<meta name=\"robots\" content=\"index, follow, max-snippet:-1, max-image-preview:large, max-video-preview:-1\" \/>\n<link rel=\"canonical\" href=\"https:\/\/cohea.be\/en\/produit\/pure-inspiration-daily-conditioner-refill-ml\/\" \/>\n<meta property=\"og:locale\" content=\"en_US\" \/>\n<meta property=\"og:type\" content=\"article\" \/>\n<meta property=\"og:title\" content=\"Pure Inspiration Daily Conditioner REFILL (946ml) &#8211; COHEA\" \/>\n<meta property=\"og:description\" content=\"946ml  A lightweight conditioner to boost moisture  Boost moisture with this lightweight, detangling conditioner. Made with rice bran oil and aloe vera to strengthen and smooth the hair shaft, while orange blossom oil provides beautiful shine. The silicone-free formula eliminates frizz, leaving hair hydrated and happy.\" \/>\n<meta property=\"og:url\" content=\"https:\/\/cohea.be\/en\/produit\/pure-inspiration-daily-conditioner-refill-ml\/\" \/>\n<meta property=\"og:site_name\" content=\"COHEA\" \/>\n<meta property=\"article:modified_time\" content=\"2025-03-14T17:09:52+00:00\" \/>\n<meta property=\"og:image\" content=\"https:\/\/cohea.be\/wp-content\/uploads\/2025\/03\/E-shop-21.png\" \/>\n\t<meta property=\"og:image:width\" content=\"1080\" \/>\n\t<meta property=\"og:image:height\" content=\"1080\" \/>\n\t<meta property=\"og:image:type\" content=\"image\/png\" \/>\n<meta name=\"twitter:card\" content=\"summary_large_image\" \/>\n<meta name=\"twitter:label1\" content=\"Est. reading time\" \/>\n\t<meta name=\"twitter:data1\" content=\"1 minute\" \/>\n<script type=\"application\/ld+json\" class=\"yoast-schema-graph\">{\"@context\":\"https:\\\/\\\/schema.org\",\"@graph\":[{\"@type\":\"WebPage\",\"@id\":\"https:\\\/\\\/cohea.be\\\/en\\\/produit\\\/pure-inspiration-daily-conditioner-refill-ml\\\/\",\"url\":\"https:\\\/\\\/cohea.be\\\/en\\\/produit\\\/pure-inspiration-daily-conditioner-refill-ml\\\/\",\"name\":\"Pure Inspiration Daily Conditioner REFILL (946ml) &#8211; COHEA\",\"isPartOf\":{\"@id\":\"https:\\\/\\\/cohea.be\\\/#website\"},\"primaryImageOfPage\":{\"@id\":\"https:\\\/\\\/cohea.be\\\/en\\\/produit\\\/pure-inspiration-daily-conditioner-refill-ml\\\/#primaryimage\"},\"image\":{\"@id\":\"https:\\\/\\\/cohea.be\\\/en\\\/produit\\\/pure-inspiration-daily-conditioner-refill-ml\\\/#primaryimage\"},\"thumbnailUrl\":\"https:\\\/\\\/cohea.be\\\/wp-content\\\/uploads\\\/2025\\\/03\\\/E-shop-21.png\",\"datePublished\":\"2025-03-14T15:24:45+00:00\",\"dateModified\":\"2025-03-14T17:09:52+00:00\",\"breadcrumb\":{\"@id\":\"https:\\\/\\\/cohea.be\\\/en\\\/produit\\\/pure-inspiration-daily-conditioner-refill-ml\\\/#breadcrumb\"},\"inLanguage\":\"en-US\",\"potentialAction\":[{\"@type\":\"ReadAction\",\"target\":[\"https:\\\/\\\/cohea.be\\\/en\\\/produit\\\/pure-inspiration-daily-conditioner-refill-ml\\\/\"]}]},{\"@type\":\"ImageObject\",\"inLanguage\":\"en-US\",\"@id\":\"https:\\\/\\\/cohea.be\\\/en\\\/produit\\\/pure-inspiration-daily-conditioner-refill-ml\\\/#primaryimage\",\"url\":\"https:\\\/\\\/cohea.be\\\/wp-content\\\/uploads\\\/2025\\\/03\\\/E-shop-21.png\",\"contentUrl\":\"https:\\\/\\\/cohea.be\\\/wp-content\\\/uploads\\\/2025\\\/03\\\/E-shop-21.png\",\"width\":1080,\"height\":1080},{\"@type\":\"BreadcrumbList\",\"@id\":\"https:\\\/\\\/cohea.be\\\/en\\\/produit\\\/pure-inspiration-daily-conditioner-refill-ml\\\/#breadcrumb\",\"itemListElement\":[{\"@type\":\"ListItem\",\"position\":1,\"name\":\"Accueil\",\"item\":\"https:\\\/\\\/cohea.be\\\/en\\\/main-home\\\/\"},{\"@type\":\"ListItem\",\"position\":2,\"name\":\"Shop\",\"item\":\"https:\\\/\\\/cohea.be\\\/en\\\/shop\\\/\"},{\"@type\":\"ListItem\",\"position\":3,\"name\":\"Pure Inspiration Daily Conditioner REFILL (946ml)\"}]},{\"@type\":\"WebSite\",\"@id\":\"https:\\\/\\\/cohea.be\\\/#website\",\"url\":\"https:\\\/\\\/cohea.be\\\/\",\"name\":\"COHEA\",\"description\":\"\",\"publisher\":{\"@id\":\"https:\\\/\\\/cohea.be\\\/#organization\"},\"potentialAction\":[{\"@type\":\"SearchAction\",\"target\":{\"@type\":\"EntryPoint\",\"urlTemplate\":\"https:\\\/\\\/cohea.be\\\/?s={search_term_string}\"},\"query-input\":{\"@type\":\"PropertyValueSpecification\",\"valueRequired\":true,\"valueName\":\"search_term_string\"}}],\"inLanguage\":\"en-US\"},{\"@type\":\"Organization\",\"@id\":\"https:\\\/\\\/cohea.be\\\/#organization\",\"name\":\"COHEA\",\"url\":\"https:\\\/\\\/cohea.be\\\/\",\"logo\":{\"@type\":\"ImageObject\",\"inLanguage\":\"en-US\",\"@id\":\"https:\\\/\\\/cohea.be\\\/#\\\/schema\\\/logo\\\/image\\\/\",\"url\":\"http:\\\/\\\/cohea.be\\\/wp-content\\\/uploads\\\/2018\\\/09\\\/LOGO-NOIR-1.png\",\"contentUrl\":\"http:\\\/\\\/cohea.be\\\/wp-content\\\/uploads\\\/2018\\\/09\\\/LOGO-NOIR-1.png\",\"width\":4920,\"height\":1604,\"caption\":\"COHEA\"},\"image\":{\"@id\":\"https:\\\/\\\/cohea.be\\\/#\\\/schema\\\/logo\\\/image\\\/\"}}]}<\/script>\n<!-- \/ Yoast SEO plugin. -->","yoast_head_json":{"title":"Pure Inspiration Daily Conditioner REFILL (946ml) &#8211; COHEA","robots":{"index":"index","follow":"follow","max-snippet":"max-snippet:-1","max-image-preview":"max-image-preview:large","max-video-preview":"max-video-preview:-1"},"canonical":"https:\/\/cohea.be\/en\/produit\/pure-inspiration-daily-conditioner-refill-ml\/","og_locale":"en_US","og_type":"article","og_title":"Pure Inspiration Daily Conditioner REFILL (946ml) &#8211; COHEA","og_description":"946ml  A lightweight conditioner to boost moisture  Boost moisture with this lightweight, detangling conditioner. Made with rice bran oil and aloe vera to strengthen and smooth the hair shaft, while orange blossom oil provides beautiful shine. The silicone-free formula eliminates frizz, leaving hair hydrated and happy.","og_url":"https:\/\/cohea.be\/en\/produit\/pure-inspiration-daily-conditioner-refill-ml\/","og_site_name":"COHEA","article_modified_time":"2025-03-14T17:09:52+00:00","og_image":[{"width":1080,"height":1080,"url":"https:\/\/cohea.be\/wp-content\/uploads\/2025\/03\/E-shop-21.png","type":"image\/png"}],"twitter_card":"summary_large_image","twitter_misc":{"Est. reading time":"1 minute"},"schema":{"@context":"https:\/\/schema.org","@graph":[{"@type":"WebPage","@id":"https:\/\/cohea.be\/en\/produit\/pure-inspiration-daily-conditioner-refill-ml\/","url":"https:\/\/cohea.be\/en\/produit\/pure-inspiration-daily-conditioner-refill-ml\/","name":"Pure Inspiration Daily Conditioner REFILL (946ml) &#8211; COHEA","isPartOf":{"@id":"https:\/\/cohea.be\/#website"},"primaryImageOfPage":{"@id":"https:\/\/cohea.be\/en\/produit\/pure-inspiration-daily-conditioner-refill-ml\/#primaryimage"},"image":{"@id":"https:\/\/cohea.be\/en\/produit\/pure-inspiration-daily-conditioner-refill-ml\/#primaryimage"},"thumbnailUrl":"https:\/\/cohea.be\/wp-content\/uploads\/2025\/03\/E-shop-21.png","datePublished":"2025-03-14T15:24:45+00:00","dateModified":"2025-03-14T17:09:52+00:00","breadcrumb":{"@id":"https:\/\/cohea.be\/en\/produit\/pure-inspiration-daily-conditioner-refill-ml\/#breadcrumb"},"inLanguage":"en-US","potentialAction":[{"@type":"ReadAction","target":["https:\/\/cohea.be\/en\/produit\/pure-inspiration-daily-conditioner-refill-ml\/"]}]},{"@type":"ImageObject","inLanguage":"en-US","@id":"https:\/\/cohea.be\/en\/produit\/pure-inspiration-daily-conditioner-refill-ml\/#primaryimage","url":"https:\/\/cohea.be\/wp-content\/uploads\/2025\/03\/E-shop-21.png","contentUrl":"https:\/\/cohea.be\/wp-content\/uploads\/2025\/03\/E-shop-21.png","width":1080,"height":1080},{"@type":"BreadcrumbList","@id":"https:\/\/cohea.be\/en\/produit\/pure-inspiration-daily-conditioner-refill-ml\/#breadcrumb","itemListElement":[{"@type":"ListItem","position":1,"name":"Accueil","item":"https:\/\/cohea.be\/en\/main-home\/"},{"@type":"ListItem","position":2,"name":"Shop","item":"https:\/\/cohea.be\/en\/shop\/"},{"@type":"ListItem","position":3,"name":"Pure Inspiration Daily Conditioner REFILL (946ml)"}]},{"@type":"WebSite","@id":"https:\/\/cohea.be\/#website","url":"https:\/\/cohea.be\/","name":"COHEA","description":"","publisher":{"@id":"https:\/\/cohea.be\/#organization"},"potentialAction":[{"@type":"SearchAction","target":{"@type":"EntryPoint","urlTemplate":"https:\/\/cohea.be\/?s={search_term_string}"},"query-input":{"@type":"PropertyValueSpecification","valueRequired":true,"valueName":"search_term_string"}}],"inLanguage":"en-US"},{"@type":"Organization","@id":"https:\/\/cohea.be\/#organization","name":"COHEA","url":"https:\/\/cohea.be\/","logo":{"@type":"ImageObject","inLanguage":"en-US","@id":"https:\/\/cohea.be\/#\/schema\/logo\/image\/","url":"http:\/\/cohea.be\/wp-content\/uploads\/2018\/09\/LOGO-NOIR-1.png","contentUrl":"http:\/\/cohea.be\/wp-content\/uploads\/2018\/09\/LOGO-NOIR-1.png","width":4920,"height":1604,"caption":"COHEA"},"image":{"@id":"https:\/\/cohea.be\/#\/schema\/logo\/image\/"}}]}},"jetpack_sharing_enabled":true,"_links":{"self":[{"href":"https:\/\/cohea.be\/en\/wp-json\/wp\/v2\/product\/30666","targetHints":{"allow":["GET"]}}],"collection":[{"href":"https:\/\/cohea.be\/en\/wp-json\/wp\/v2\/product"}],"about":[{"href":"https:\/\/cohea.be\/en\/wp-json\/wp\/v2\/types\/product"}],"replies":[{"embeddable":true,"href":"https:\/\/cohea.be\/en\/wp-json\/wp\/v2\/comments?post=30666"}],"wp:featuredmedia":[{"embeddable":true,"href":"https:\/\/cohea.be\/en\/wp-json\/wp\/v2\/media\/30659"}],"wp:attachment":[{"href":"https:\/\/cohea.be\/en\/wp-json\/wp\/v2\/media?parent=30666"}],"wp:term":[{"taxonomy":"product_brand","embeddable":true,"href":"https:\/\/cohea.be\/en\/wp-json\/wp\/v2\/product_brand?post=30666"},{"taxonomy":"product_cat","embeddable":true,"href":"https:\/\/cohea.be\/en\/wp-json\/wp\/v2\/product_cat?post=30666"},{"taxonomy":"product_tag","embeddable":true,"href":"https:\/\/cohea.be\/en\/wp-json\/wp\/v2\/product_tag?post=30666"}],"curies":[{"name":"wp","href":"https:\/\/api.w.org\/{rel}","templated":true}]}}