{"id":28717,"date":"2024-07-24T14:06:37","date_gmt":"2024-07-24T12:06:37","guid":{"rendered":"https:\/\/cohea.be\/produit\/pure-inspiration-daily-conditioner-946-ml\/"},"modified":"2024-07-24T14:06:37","modified_gmt":"2024-07-24T12:06:37","slug":"pure-inspiration-daily-conditioner-946-ml","status":"publish","type":"product","link":"https:\/\/cohea.be\/en\/produit\/pure-inspiration-daily-conditioner-946-ml\/","title":{"rendered":"Pure Inspiration Daily Conditioner (946 ml)"},"content":{"rendered":"<p>Eau, Aqua-EAU, m\u00e9thosulfate de b\u00e9hentrimonium, alcool c\u00e9t\u00e9arylique, glyc\u00e9rine, chlorure de st\u00e9aralkonium, jus de feuilles d&#8217;aloe barnensis (aloe vera)*, Caprylic\/Capric Triglyceride, Butyroseperum Parkii (Shea Butter)*, Sodium Benzoate, Oryza Sativa (Rice) Bran Oil*, Persea Gratissima (Avocado) Oil*, Cocos Nucifera (Coconut) Oil*, Hydrolyzed Quinoa, Hydrolyzed Rice Protein, Camerllia Sinesis Leaf Extract*, Sodium Benzoate<\/p>\n<p>&nbsp;<\/p>\n<p>*Certifi\u00e9 biologique<\/p>\n","protected":false},"excerpt":{"rendered":"<p>946 ml<\/p>\n<p>A lightweight conditioner to boost moisture<\/p>\n<p>Boost hydration with this lightweight, detangling conditioner. Made with rice bran oil and aloe to strengthen and smooth the hair shaft, while orange blossom oil provides a beautiful shine. The silicone-free formula eliminates frizz, leaving hair hydrated and happy.<\/p>\n","protected":false},"featured_media":28411,"comment_status":"open","ping_status":"closed","template":"","meta":[],"product_brand":[],"product_cat":[219,224,235],"product_tag":[],"class_list":{"0":"post-28717","1":"product","2":"type-product","3":"status-publish","4":"has-post-thumbnail","6":"product_cat-hydrate-detangle","7":"product_cat-conditioners","8":"product_cat-innersense-organic-beauty-en","9":"yith_product_brand-innersense-organic-beauty-en","11":"first","12":"instock","13":"taxable","14":"shipping-taxable","15":"purchasable","16":"product-type-simple"},"yoast_head":"<!-- This site is optimized with the Yoast SEO plugin v27.3 - https:\/\/yoast.com\/product\/yoast-seo-wordpress\/ -->\n<title>Pure Inspiration Daily Conditioner (946 ml) &#8211; COHEA<\/title>\n<meta name=\"robots\" content=\"index, follow, max-snippet:-1, max-image-preview:large, max-video-preview:-1\" \/>\n<link rel=\"canonical\" href=\"https:\/\/cohea.be\/en\/produit\/pure-inspiration-daily-conditioner-946-ml\/\" \/>\n<meta property=\"og:locale\" content=\"en_US\" \/>\n<meta property=\"og:type\" content=\"article\" \/>\n<meta property=\"og:title\" content=\"Pure Inspiration Daily Conditioner (946 ml) &#8211; COHEA\" \/>\n<meta property=\"og:description\" content=\"946 ml  A lightweight conditioner to boost moisture  Boost hydration with this lightweight, detangling conditioner. Made with rice bran oil and aloe to strengthen and smooth the hair shaft, while orange blossom oil provides a beautiful shine. The silicone-free formula eliminates frizz, leaving hair hydrated and happy.\" \/>\n<meta property=\"og:url\" content=\"https:\/\/cohea.be\/en\/produit\/pure-inspiration-daily-conditioner-946-ml\/\" \/>\n<meta property=\"og:site_name\" content=\"COHEA\" \/>\n<meta property=\"og:image\" content=\"https:\/\/cohea.be\/wp-content\/uploads\/2024\/06\/Pure-Inspiration-Daily-Conditioner-32oz-Innersense-Organic-Beauty.webp\" \/>\n\t<meta property=\"og:image:width\" content=\"1000\" \/>\n\t<meta property=\"og:image:height\" content=\"1000\" \/>\n\t<meta property=\"og:image:type\" content=\"image\/webp\" \/>\n<meta name=\"twitter:card\" content=\"summary_large_image\" \/>\n<script type=\"application\/ld+json\" class=\"yoast-schema-graph\">{\"@context\":\"https:\\\/\\\/schema.org\",\"@graph\":[{\"@type\":\"WebPage\",\"@id\":\"https:\\\/\\\/cohea.be\\\/en\\\/produit\\\/pure-inspiration-daily-conditioner-946-ml\\\/\",\"url\":\"https:\\\/\\\/cohea.be\\\/en\\\/produit\\\/pure-inspiration-daily-conditioner-946-ml\\\/\",\"name\":\"Pure Inspiration Daily Conditioner (946 ml) &#8211; COHEA\",\"isPartOf\":{\"@id\":\"https:\\\/\\\/cohea.be\\\/#website\"},\"primaryImageOfPage\":{\"@id\":\"https:\\\/\\\/cohea.be\\\/en\\\/produit\\\/pure-inspiration-daily-conditioner-946-ml\\\/#primaryimage\"},\"image\":{\"@id\":\"https:\\\/\\\/cohea.be\\\/en\\\/produit\\\/pure-inspiration-daily-conditioner-946-ml\\\/#primaryimage\"},\"thumbnailUrl\":\"https:\\\/\\\/cohea.be\\\/wp-content\\\/uploads\\\/2024\\\/06\\\/Pure-Inspiration-Daily-Conditioner-32oz-Innersense-Organic-Beauty.webp\",\"datePublished\":\"2024-07-24T12:06:37+00:00\",\"breadcrumb\":{\"@id\":\"https:\\\/\\\/cohea.be\\\/en\\\/produit\\\/pure-inspiration-daily-conditioner-946-ml\\\/#breadcrumb\"},\"inLanguage\":\"en-US\",\"potentialAction\":[{\"@type\":\"ReadAction\",\"target\":[\"https:\\\/\\\/cohea.be\\\/en\\\/produit\\\/pure-inspiration-daily-conditioner-946-ml\\\/\"]}]},{\"@type\":\"ImageObject\",\"inLanguage\":\"en-US\",\"@id\":\"https:\\\/\\\/cohea.be\\\/en\\\/produit\\\/pure-inspiration-daily-conditioner-946-ml\\\/#primaryimage\",\"url\":\"https:\\\/\\\/cohea.be\\\/wp-content\\\/uploads\\\/2024\\\/06\\\/Pure-Inspiration-Daily-Conditioner-32oz-Innersense-Organic-Beauty.webp\",\"contentUrl\":\"https:\\\/\\\/cohea.be\\\/wp-content\\\/uploads\\\/2024\\\/06\\\/Pure-Inspiration-Daily-Conditioner-32oz-Innersense-Organic-Beauty.webp\",\"width\":1000,\"height\":1000},{\"@type\":\"BreadcrumbList\",\"@id\":\"https:\\\/\\\/cohea.be\\\/en\\\/produit\\\/pure-inspiration-daily-conditioner-946-ml\\\/#breadcrumb\",\"itemListElement\":[{\"@type\":\"ListItem\",\"position\":1,\"name\":\"Accueil\",\"item\":\"https:\\\/\\\/cohea.be\\\/en\\\/main-home\\\/\"},{\"@type\":\"ListItem\",\"position\":2,\"name\":\"Shop\",\"item\":\"https:\\\/\\\/cohea.be\\\/en\\\/shop\\\/\"},{\"@type\":\"ListItem\",\"position\":3,\"name\":\"Pure Inspiration Daily Conditioner (946 ml)\"}]},{\"@type\":\"WebSite\",\"@id\":\"https:\\\/\\\/cohea.be\\\/#website\",\"url\":\"https:\\\/\\\/cohea.be\\\/\",\"name\":\"COHEA\",\"description\":\"\",\"publisher\":{\"@id\":\"https:\\\/\\\/cohea.be\\\/#organization\"},\"potentialAction\":[{\"@type\":\"SearchAction\",\"target\":{\"@type\":\"EntryPoint\",\"urlTemplate\":\"https:\\\/\\\/cohea.be\\\/?s={search_term_string}\"},\"query-input\":{\"@type\":\"PropertyValueSpecification\",\"valueRequired\":true,\"valueName\":\"search_term_string\"}}],\"inLanguage\":\"en-US\"},{\"@type\":\"Organization\",\"@id\":\"https:\\\/\\\/cohea.be\\\/#organization\",\"name\":\"COHEA\",\"url\":\"https:\\\/\\\/cohea.be\\\/\",\"logo\":{\"@type\":\"ImageObject\",\"inLanguage\":\"en-US\",\"@id\":\"https:\\\/\\\/cohea.be\\\/#\\\/schema\\\/logo\\\/image\\\/\",\"url\":\"http:\\\/\\\/cohea.be\\\/wp-content\\\/uploads\\\/2018\\\/09\\\/LOGO-NOIR-1.png\",\"contentUrl\":\"http:\\\/\\\/cohea.be\\\/wp-content\\\/uploads\\\/2018\\\/09\\\/LOGO-NOIR-1.png\",\"width\":4920,\"height\":1604,\"caption\":\"COHEA\"},\"image\":{\"@id\":\"https:\\\/\\\/cohea.be\\\/#\\\/schema\\\/logo\\\/image\\\/\"}}]}<\/script>\n<!-- \/ Yoast SEO plugin. -->","yoast_head_json":{"title":"Pure Inspiration Daily Conditioner (946 ml) &#8211; COHEA","robots":{"index":"index","follow":"follow","max-snippet":"max-snippet:-1","max-image-preview":"max-image-preview:large","max-video-preview":"max-video-preview:-1"},"canonical":"https:\/\/cohea.be\/en\/produit\/pure-inspiration-daily-conditioner-946-ml\/","og_locale":"en_US","og_type":"article","og_title":"Pure Inspiration Daily Conditioner (946 ml) &#8211; COHEA","og_description":"946 ml  A lightweight conditioner to boost moisture  Boost hydration with this lightweight, detangling conditioner. Made with rice bran oil and aloe to strengthen and smooth the hair shaft, while orange blossom oil provides a beautiful shine. The silicone-free formula eliminates frizz, leaving hair hydrated and happy.","og_url":"https:\/\/cohea.be\/en\/produit\/pure-inspiration-daily-conditioner-946-ml\/","og_site_name":"COHEA","og_image":[{"width":1000,"height":1000,"url":"https:\/\/cohea.be\/wp-content\/uploads\/2024\/06\/Pure-Inspiration-Daily-Conditioner-32oz-Innersense-Organic-Beauty.webp","type":"image\/webp"}],"twitter_card":"summary_large_image","schema":{"@context":"https:\/\/schema.org","@graph":[{"@type":"WebPage","@id":"https:\/\/cohea.be\/en\/produit\/pure-inspiration-daily-conditioner-946-ml\/","url":"https:\/\/cohea.be\/en\/produit\/pure-inspiration-daily-conditioner-946-ml\/","name":"Pure Inspiration Daily Conditioner (946 ml) &#8211; COHEA","isPartOf":{"@id":"https:\/\/cohea.be\/#website"},"primaryImageOfPage":{"@id":"https:\/\/cohea.be\/en\/produit\/pure-inspiration-daily-conditioner-946-ml\/#primaryimage"},"image":{"@id":"https:\/\/cohea.be\/en\/produit\/pure-inspiration-daily-conditioner-946-ml\/#primaryimage"},"thumbnailUrl":"https:\/\/cohea.be\/wp-content\/uploads\/2024\/06\/Pure-Inspiration-Daily-Conditioner-32oz-Innersense-Organic-Beauty.webp","datePublished":"2024-07-24T12:06:37+00:00","breadcrumb":{"@id":"https:\/\/cohea.be\/en\/produit\/pure-inspiration-daily-conditioner-946-ml\/#breadcrumb"},"inLanguage":"en-US","potentialAction":[{"@type":"ReadAction","target":["https:\/\/cohea.be\/en\/produit\/pure-inspiration-daily-conditioner-946-ml\/"]}]},{"@type":"ImageObject","inLanguage":"en-US","@id":"https:\/\/cohea.be\/en\/produit\/pure-inspiration-daily-conditioner-946-ml\/#primaryimage","url":"https:\/\/cohea.be\/wp-content\/uploads\/2024\/06\/Pure-Inspiration-Daily-Conditioner-32oz-Innersense-Organic-Beauty.webp","contentUrl":"https:\/\/cohea.be\/wp-content\/uploads\/2024\/06\/Pure-Inspiration-Daily-Conditioner-32oz-Innersense-Organic-Beauty.webp","width":1000,"height":1000},{"@type":"BreadcrumbList","@id":"https:\/\/cohea.be\/en\/produit\/pure-inspiration-daily-conditioner-946-ml\/#breadcrumb","itemListElement":[{"@type":"ListItem","position":1,"name":"Accueil","item":"https:\/\/cohea.be\/en\/main-home\/"},{"@type":"ListItem","position":2,"name":"Shop","item":"https:\/\/cohea.be\/en\/shop\/"},{"@type":"ListItem","position":3,"name":"Pure Inspiration Daily Conditioner (946 ml)"}]},{"@type":"WebSite","@id":"https:\/\/cohea.be\/#website","url":"https:\/\/cohea.be\/","name":"COHEA","description":"","publisher":{"@id":"https:\/\/cohea.be\/#organization"},"potentialAction":[{"@type":"SearchAction","target":{"@type":"EntryPoint","urlTemplate":"https:\/\/cohea.be\/?s={search_term_string}"},"query-input":{"@type":"PropertyValueSpecification","valueRequired":true,"valueName":"search_term_string"}}],"inLanguage":"en-US"},{"@type":"Organization","@id":"https:\/\/cohea.be\/#organization","name":"COHEA","url":"https:\/\/cohea.be\/","logo":{"@type":"ImageObject","inLanguage":"en-US","@id":"https:\/\/cohea.be\/#\/schema\/logo\/image\/","url":"http:\/\/cohea.be\/wp-content\/uploads\/2018\/09\/LOGO-NOIR-1.png","contentUrl":"http:\/\/cohea.be\/wp-content\/uploads\/2018\/09\/LOGO-NOIR-1.png","width":4920,"height":1604,"caption":"COHEA"},"image":{"@id":"https:\/\/cohea.be\/#\/schema\/logo\/image\/"}}]}},"jetpack_sharing_enabled":true,"_links":{"self":[{"href":"https:\/\/cohea.be\/en\/wp-json\/wp\/v2\/product\/28717","targetHints":{"allow":["GET"]}}],"collection":[{"href":"https:\/\/cohea.be\/en\/wp-json\/wp\/v2\/product"}],"about":[{"href":"https:\/\/cohea.be\/en\/wp-json\/wp\/v2\/types\/product"}],"replies":[{"embeddable":true,"href":"https:\/\/cohea.be\/en\/wp-json\/wp\/v2\/comments?post=28717"}],"wp:featuredmedia":[{"embeddable":true,"href":"https:\/\/cohea.be\/en\/wp-json\/wp\/v2\/media\/28411"}],"wp:attachment":[{"href":"https:\/\/cohea.be\/en\/wp-json\/wp\/v2\/media?parent=28717"}],"wp:term":[{"taxonomy":"product_brand","embeddable":true,"href":"https:\/\/cohea.be\/en\/wp-json\/wp\/v2\/product_brand?post=28717"},{"taxonomy":"product_cat","embeddable":true,"href":"https:\/\/cohea.be\/en\/wp-json\/wp\/v2\/product_cat?post=28717"},{"taxonomy":"product_tag","embeddable":true,"href":"https:\/\/cohea.be\/en\/wp-json\/wp\/v2\/product_tag?post=28717"}],"curies":[{"name":"wp","href":"https:\/\/api.w.org\/{rel}","templated":true}]}}