{"id":28706,"date":"2024-06-29T16:24:10","date_gmt":"2024-06-29T14:24:10","guid":{"rendered":"https:\/\/cohea.be\/produit\/curly-magic-946ml\/"},"modified":"2024-06-29T16:24:10","modified_gmt":"2024-06-29T14:24:10","slug":"curly-magic-946ml","status":"publish","type":"product","link":"https:\/\/cohea.be\/en\/produit\/curly-magic-946ml\/","title":{"rendered":"Curly Magic (946ml)"},"content":{"rendered":"<p>Distilled Water, Vegetable Glycerin*, Organic Aloe Barbadensis Leaf Juice (Aloe Vera)*, Xanthan Gum*, Organic Agave Nectar*, Althea Officinalis (Marshmallow) Root Extract*, Organic Chamomilla Recutita (Matricaria) Flower Extract*, Equisetum Arvense (Horsetail) Extract*, Organic Simmondsia Chinesis (Jojoba) Seed Oil*, Tocopherol (Vitamin E)*, Urtica Dioica (Nettle) Extract*, Citric Acid*, Hydrolyzed Wheat Protein*, Phenoxyethanol (preservative), Potassium Sorbate (preservative), Fragrance.<\/p>\n<p>&nbsp;<\/p>\n<p>*Enti\u00e8rement naturel ou d\u00e9riv\u00e9 de la nature<\/p>\n","protected":false},"excerpt":{"rendered":"<p><strong>946 mL<\/strong><\/p>\n<p>Stimulate your curls naturally with this aloe vera-based gel that will give you longevity and beautiful definition for your curls.<\/p>\n<p>Curls are more defined, nourished and shiny. Curly Magic provides frizz-free results, lengthens and moisturizes your curls.<\/p>\n","protected":false},"featured_media":28607,"comment_status":"open","ping_status":"closed","template":"","meta":[],"product_brand":[],"product_cat":[220,227,265],"product_tag":[],"class_list":{"0":"post-28706","1":"product","2":"type-product","3":"status-publish","4":"has-post-thumbnail","6":"product_cat-style-define","7":"product_cat-definition-gels","8":"product_cat-uncles-funky-daughter-en","9":"yith_product_brand-uncles-funky-daughter-en","11":"first","12":"outofstock","13":"taxable","14":"shipping-taxable","15":"purchasable","16":"product-type-simple"},"yoast_head":"<!-- This site is optimized with the Yoast SEO plugin v27.4 - https:\/\/yoast.com\/product\/yoast-seo-wordpress\/ -->\n<title>Curly Magic (946ml) &#8211; COHEA<\/title>\n<meta name=\"robots\" content=\"index, follow, max-snippet:-1, max-image-preview:large, max-video-preview:-1\" \/>\n<link rel=\"canonical\" href=\"https:\/\/cohea.be\/en\/produit\/curly-magic-946ml\/\" \/>\n<meta property=\"og:locale\" content=\"en_US\" \/>\n<meta property=\"og:type\" content=\"article\" \/>\n<meta property=\"og:title\" content=\"Curly Magic (946ml) &#8211; COHEA\" \/>\n<meta property=\"og:description\" content=\"946 mL  Stimulate your curls naturally with this aloe vera-based gel that will give you longevity and beautiful definition for your curls.  Curls are more defined, nourished and shiny. Curly Magic provides frizz-free results, lengthens and moisturizes your curls.\" \/>\n<meta property=\"og:url\" content=\"https:\/\/cohea.be\/en\/produit\/curly-magic-946ml\/\" \/>\n<meta property=\"og:site_name\" content=\"COHEA\" \/>\n<meta property=\"og:image\" content=\"https:\/\/cohea.be\/wp-content\/uploads\/2024\/06\/GUEST_ade0cdac-2bd0-4e2d-8b2a-94a0d054cc7d-150x150-1.webp\" \/>\n\t<meta property=\"og:image:width\" content=\"150\" \/>\n\t<meta property=\"og:image:height\" content=\"150\" \/>\n\t<meta property=\"og:image:type\" content=\"image\/webp\" \/>\n<meta name=\"twitter:card\" content=\"summary_large_image\" \/>\n<script type=\"application\/ld+json\" class=\"yoast-schema-graph\">{\"@context\":\"https:\\\/\\\/schema.org\",\"@graph\":[{\"@type\":\"WebPage\",\"@id\":\"https:\\\/\\\/cohea.be\\\/en\\\/produit\\\/curly-magic-946ml\\\/\",\"url\":\"https:\\\/\\\/cohea.be\\\/en\\\/produit\\\/curly-magic-946ml\\\/\",\"name\":\"Curly Magic (946ml) &#8211; COHEA\",\"isPartOf\":{\"@id\":\"https:\\\/\\\/cohea.be\\\/#website\"},\"primaryImageOfPage\":{\"@id\":\"https:\\\/\\\/cohea.be\\\/en\\\/produit\\\/curly-magic-946ml\\\/#primaryimage\"},\"image\":{\"@id\":\"https:\\\/\\\/cohea.be\\\/en\\\/produit\\\/curly-magic-946ml\\\/#primaryimage\"},\"thumbnailUrl\":\"https:\\\/\\\/cohea.be\\\/wp-content\\\/uploads\\\/2024\\\/06\\\/GUEST_ade0cdac-2bd0-4e2d-8b2a-94a0d054cc7d-150x150-1.webp\",\"datePublished\":\"2024-06-29T14:24:10+00:00\",\"breadcrumb\":{\"@id\":\"https:\\\/\\\/cohea.be\\\/en\\\/produit\\\/curly-magic-946ml\\\/#breadcrumb\"},\"inLanguage\":\"en-US\",\"potentialAction\":[{\"@type\":\"ReadAction\",\"target\":[\"https:\\\/\\\/cohea.be\\\/en\\\/produit\\\/curly-magic-946ml\\\/\"]}]},{\"@type\":\"ImageObject\",\"inLanguage\":\"en-US\",\"@id\":\"https:\\\/\\\/cohea.be\\\/en\\\/produit\\\/curly-magic-946ml\\\/#primaryimage\",\"url\":\"https:\\\/\\\/cohea.be\\\/wp-content\\\/uploads\\\/2024\\\/06\\\/GUEST_ade0cdac-2bd0-4e2d-8b2a-94a0d054cc7d-150x150-1.webp\",\"contentUrl\":\"https:\\\/\\\/cohea.be\\\/wp-content\\\/uploads\\\/2024\\\/06\\\/GUEST_ade0cdac-2bd0-4e2d-8b2a-94a0d054cc7d-150x150-1.webp\",\"width\":150,\"height\":150},{\"@type\":\"BreadcrumbList\",\"@id\":\"https:\\\/\\\/cohea.be\\\/en\\\/produit\\\/curly-magic-946ml\\\/#breadcrumb\",\"itemListElement\":[{\"@type\":\"ListItem\",\"position\":1,\"name\":\"Accueil\",\"item\":\"https:\\\/\\\/cohea.be\\\/en\\\/main-home\\\/\"},{\"@type\":\"ListItem\",\"position\":2,\"name\":\"Shop\",\"item\":\"https:\\\/\\\/cohea.be\\\/en\\\/shop\\\/\"},{\"@type\":\"ListItem\",\"position\":3,\"name\":\"Curly Magic (946ml)\"}]},{\"@type\":\"WebSite\",\"@id\":\"https:\\\/\\\/cohea.be\\\/#website\",\"url\":\"https:\\\/\\\/cohea.be\\\/\",\"name\":\"COHEA\",\"description\":\"\",\"publisher\":{\"@id\":\"https:\\\/\\\/cohea.be\\\/#organization\"},\"potentialAction\":[{\"@type\":\"SearchAction\",\"target\":{\"@type\":\"EntryPoint\",\"urlTemplate\":\"https:\\\/\\\/cohea.be\\\/?s={search_term_string}\"},\"query-input\":{\"@type\":\"PropertyValueSpecification\",\"valueRequired\":true,\"valueName\":\"search_term_string\"}}],\"inLanguage\":\"en-US\"},{\"@type\":\"Organization\",\"@id\":\"https:\\\/\\\/cohea.be\\\/#organization\",\"name\":\"COHEA\",\"url\":\"https:\\\/\\\/cohea.be\\\/\",\"logo\":{\"@type\":\"ImageObject\",\"inLanguage\":\"en-US\",\"@id\":\"https:\\\/\\\/cohea.be\\\/#\\\/schema\\\/logo\\\/image\\\/\",\"url\":\"http:\\\/\\\/cohea.be\\\/wp-content\\\/uploads\\\/2018\\\/09\\\/LOGO-NOIR-1.png\",\"contentUrl\":\"http:\\\/\\\/cohea.be\\\/wp-content\\\/uploads\\\/2018\\\/09\\\/LOGO-NOIR-1.png\",\"width\":4920,\"height\":1604,\"caption\":\"COHEA\"},\"image\":{\"@id\":\"https:\\\/\\\/cohea.be\\\/#\\\/schema\\\/logo\\\/image\\\/\"}}]}<\/script>\n<!-- \/ Yoast SEO plugin. -->","yoast_head_json":{"title":"Curly Magic (946ml) &#8211; COHEA","robots":{"index":"index","follow":"follow","max-snippet":"max-snippet:-1","max-image-preview":"max-image-preview:large","max-video-preview":"max-video-preview:-1"},"canonical":"https:\/\/cohea.be\/en\/produit\/curly-magic-946ml\/","og_locale":"en_US","og_type":"article","og_title":"Curly Magic (946ml) &#8211; COHEA","og_description":"946 mL  Stimulate your curls naturally with this aloe vera-based gel that will give you longevity and beautiful definition for your curls.  Curls are more defined, nourished and shiny. Curly Magic provides frizz-free results, lengthens and moisturizes your curls.","og_url":"https:\/\/cohea.be\/en\/produit\/curly-magic-946ml\/","og_site_name":"COHEA","og_image":[{"width":150,"height":150,"url":"https:\/\/cohea.be\/wp-content\/uploads\/2024\/06\/GUEST_ade0cdac-2bd0-4e2d-8b2a-94a0d054cc7d-150x150-1.webp","type":"image\/webp"}],"twitter_card":"summary_large_image","schema":{"@context":"https:\/\/schema.org","@graph":[{"@type":"WebPage","@id":"https:\/\/cohea.be\/en\/produit\/curly-magic-946ml\/","url":"https:\/\/cohea.be\/en\/produit\/curly-magic-946ml\/","name":"Curly Magic (946ml) &#8211; COHEA","isPartOf":{"@id":"https:\/\/cohea.be\/#website"},"primaryImageOfPage":{"@id":"https:\/\/cohea.be\/en\/produit\/curly-magic-946ml\/#primaryimage"},"image":{"@id":"https:\/\/cohea.be\/en\/produit\/curly-magic-946ml\/#primaryimage"},"thumbnailUrl":"https:\/\/cohea.be\/wp-content\/uploads\/2024\/06\/GUEST_ade0cdac-2bd0-4e2d-8b2a-94a0d054cc7d-150x150-1.webp","datePublished":"2024-06-29T14:24:10+00:00","breadcrumb":{"@id":"https:\/\/cohea.be\/en\/produit\/curly-magic-946ml\/#breadcrumb"},"inLanguage":"en-US","potentialAction":[{"@type":"ReadAction","target":["https:\/\/cohea.be\/en\/produit\/curly-magic-946ml\/"]}]},{"@type":"ImageObject","inLanguage":"en-US","@id":"https:\/\/cohea.be\/en\/produit\/curly-magic-946ml\/#primaryimage","url":"https:\/\/cohea.be\/wp-content\/uploads\/2024\/06\/GUEST_ade0cdac-2bd0-4e2d-8b2a-94a0d054cc7d-150x150-1.webp","contentUrl":"https:\/\/cohea.be\/wp-content\/uploads\/2024\/06\/GUEST_ade0cdac-2bd0-4e2d-8b2a-94a0d054cc7d-150x150-1.webp","width":150,"height":150},{"@type":"BreadcrumbList","@id":"https:\/\/cohea.be\/en\/produit\/curly-magic-946ml\/#breadcrumb","itemListElement":[{"@type":"ListItem","position":1,"name":"Accueil","item":"https:\/\/cohea.be\/en\/main-home\/"},{"@type":"ListItem","position":2,"name":"Shop","item":"https:\/\/cohea.be\/en\/shop\/"},{"@type":"ListItem","position":3,"name":"Curly Magic (946ml)"}]},{"@type":"WebSite","@id":"https:\/\/cohea.be\/#website","url":"https:\/\/cohea.be\/","name":"COHEA","description":"","publisher":{"@id":"https:\/\/cohea.be\/#organization"},"potentialAction":[{"@type":"SearchAction","target":{"@type":"EntryPoint","urlTemplate":"https:\/\/cohea.be\/?s={search_term_string}"},"query-input":{"@type":"PropertyValueSpecification","valueRequired":true,"valueName":"search_term_string"}}],"inLanguage":"en-US"},{"@type":"Organization","@id":"https:\/\/cohea.be\/#organization","name":"COHEA","url":"https:\/\/cohea.be\/","logo":{"@type":"ImageObject","inLanguage":"en-US","@id":"https:\/\/cohea.be\/#\/schema\/logo\/image\/","url":"http:\/\/cohea.be\/wp-content\/uploads\/2018\/09\/LOGO-NOIR-1.png","contentUrl":"http:\/\/cohea.be\/wp-content\/uploads\/2018\/09\/LOGO-NOIR-1.png","width":4920,"height":1604,"caption":"COHEA"},"image":{"@id":"https:\/\/cohea.be\/#\/schema\/logo\/image\/"}}]}},"jetpack_sharing_enabled":true,"_links":{"self":[{"href":"https:\/\/cohea.be\/en\/wp-json\/wp\/v2\/product\/28706","targetHints":{"allow":["GET"]}}],"collection":[{"href":"https:\/\/cohea.be\/en\/wp-json\/wp\/v2\/product"}],"about":[{"href":"https:\/\/cohea.be\/en\/wp-json\/wp\/v2\/types\/product"}],"replies":[{"embeddable":true,"href":"https:\/\/cohea.be\/en\/wp-json\/wp\/v2\/comments?post=28706"}],"wp:featuredmedia":[{"embeddable":true,"href":"https:\/\/cohea.be\/en\/wp-json\/wp\/v2\/media\/28607"}],"wp:attachment":[{"href":"https:\/\/cohea.be\/en\/wp-json\/wp\/v2\/media?parent=28706"}],"wp:term":[{"taxonomy":"product_brand","embeddable":true,"href":"https:\/\/cohea.be\/en\/wp-json\/wp\/v2\/product_brand?post=28706"},{"taxonomy":"product_cat","embeddable":true,"href":"https:\/\/cohea.be\/en\/wp-json\/wp\/v2\/product_cat?post=28706"},{"taxonomy":"product_tag","embeddable":true,"href":"https:\/\/cohea.be\/en\/wp-json\/wp\/v2\/product_tag?post=28706"}],"curies":[{"name":"wp","href":"https:\/\/api.w.org\/{rel}","templated":true}]}}