{"id":27779,"date":"2024-03-09T15:56:10","date_gmt":"2024-03-09T14:56:10","guid":{"rendered":"https:\/\/cohea.be\/produit\/lotion-cheveux-gras-cosmos-natural\/"},"modified":"2026-02-01T02:05:25","modified_gmt":"2026-02-01T01:05:25","slug":"lotion-cheveux-gras-cosmos-natural","status":"publish","type":"product","link":"https:\/\/cohea.be\/en\/produit\/lotion-cheveux-gras-cosmos-natural\/","title":{"rendered":"Lotion for oily hair COSMOS NATURAL"},"content":{"rendered":"<p>AQUA (eau) GLYCERIN (glyc\u00e9rine v\u00e9g\u00e9tale &#8211; humectant) CAPRYLYL\/CAPRYL GLUCOSIDE (tensioactif et solubilisant) URTICA DIOICA LEAF EXTRACT (feuille d&#8217;ortie piquante) MENTHA PIPERITA OIL (huile essentielle de menthe poivr\u00e9e) POGOSTEMON CABLIN LEAF OIL (huile essentielle de patchouli) CITRUS AURANTIUM DULCIS PEEL OIL (huile essentielle d&#8217;orange douce) POLYGLYCERYL-10 ISOSTEARATE (solubilisant) SODIUM BENZOATE (sel organique &#8211; conservateur) POTASSIUM SORBATE (sel organique &#8211; conservateur) CITRIC ACID (acide citrique &#8211; ajusteur de pH) SODIUM DILAURAMIDOGLUTAMIDE LYSINE (solubilisant) LIMONENE (allerg\u00e8ne &#8211; composant d&#8217;huile essentielle).<\/p>\n","protected":false},"excerpt":{"rendered":"<p><strong>250ml<\/strong><\/p>\n<p>Forget about heavy and oily roots thanks to our deeply acting lotion! <strong>It is a leave-in for a complete treatment of oily hair.<\/strong> Our lotion is concentrated in nettle leaf extract and essential oils of peppermint, orange and patchouli. <strong>The scalp will grease less quickly thanks to its powerful cleansing benefits, seborregulators, bactericides and fungicides<\/strong>. You will find a balanced scalp, refreshed, cleansed.<\/p>\n<p><strong>For oily scalp.<\/strong><\/p>\n<p>&nbsp;<\/p>\n","protected":false},"featured_media":27776,"comment_status":"open","ping_status":"closed","template":"","meta":[],"product_brand":[],"product_cat":[438,219,226],"product_tag":[],"class_list":{"0":"post-27779","1":"product","2":"type-product","3":"status-publish","4":"has-post-thumbnail","6":"product_cat-serge-destel-en","7":"product_cat-hydrate-detangle","8":"product_cat-masks-treatments","9":"yith_product_brand-serge-destel-en","11":"first","12":"instock","13":"taxable","14":"shipping-taxable","15":"purchasable","16":"product-type-simple"},"yoast_head":"<!-- This site is optimized with the Yoast SEO plugin v27.4 - https:\/\/yoast.com\/product\/yoast-seo-wordpress\/ -->\n<title>Lotion for oily hair COSMOS NATURAL &#8211; COHEA<\/title>\n<meta name=\"robots\" content=\"index, follow, max-snippet:-1, max-image-preview:large, max-video-preview:-1\" \/>\n<link rel=\"canonical\" href=\"https:\/\/cohea.be\/en\/produit\/lotion-cheveux-gras-cosmos-natural\/\" \/>\n<meta property=\"og:locale\" content=\"en_US\" \/>\n<meta property=\"og:type\" content=\"article\" \/>\n<meta property=\"og:title\" content=\"Lotion for oily hair COSMOS NATURAL &#8211; COHEA\" \/>\n<meta property=\"og:description\" content=\"250ml  Forget about heavy and oily roots thanks to our deeply acting lotion! It is a leave-in for a complete treatment of oily hair. Our lotion is concentrated in nettle leaf extract and essential oils of peppermint, orange and patchouli. The scalp will grease less quickly thanks to its powerful cleansing benefits, seborregulators, bactericides and fungicides. You will find a balanced scalp, refreshed, cleansed.  For oily scalp.  &nbsp;\" \/>\n<meta property=\"og:url\" content=\"https:\/\/cohea.be\/en\/produit\/lotion-cheveux-gras-cosmos-natural\/\" \/>\n<meta property=\"og:site_name\" content=\"COHEA\" \/>\n<meta property=\"article:modified_time\" content=\"2026-02-01T01:05:25+00:00\" \/>\n<meta property=\"og:image\" content=\"https:\/\/cohea.be\/wp-content\/uploads\/2024\/03\/lotionanti-chute-sergedestelparis.webp.jpeg\" \/>\n\t<meta property=\"og:image:width\" content=\"1000\" \/>\n\t<meta property=\"og:image:height\" content=\"1000\" \/>\n\t<meta property=\"og:image:type\" content=\"image\/jpeg\" \/>\n<meta name=\"twitter:card\" content=\"summary_large_image\" \/>\n<meta name=\"twitter:label1\" content=\"Est. reading time\" \/>\n\t<meta name=\"twitter:data1\" content=\"1 minute\" \/>\n<script type=\"application\/ld+json\" class=\"yoast-schema-graph\">{\"@context\":\"https:\\\/\\\/schema.org\",\"@graph\":[{\"@type\":\"WebPage\",\"@id\":\"https:\\\/\\\/cohea.be\\\/en\\\/produit\\\/lotion-cheveux-gras-cosmos-natural\\\/\",\"url\":\"https:\\\/\\\/cohea.be\\\/en\\\/produit\\\/lotion-cheveux-gras-cosmos-natural\\\/\",\"name\":\"Lotion for oily hair COSMOS NATURAL &#8211; COHEA\",\"isPartOf\":{\"@id\":\"https:\\\/\\\/cohea.be\\\/#website\"},\"primaryImageOfPage\":{\"@id\":\"https:\\\/\\\/cohea.be\\\/en\\\/produit\\\/lotion-cheveux-gras-cosmos-natural\\\/#primaryimage\"},\"image\":{\"@id\":\"https:\\\/\\\/cohea.be\\\/en\\\/produit\\\/lotion-cheveux-gras-cosmos-natural\\\/#primaryimage\"},\"thumbnailUrl\":\"https:\\\/\\\/cohea.be\\\/wp-content\\\/uploads\\\/2024\\\/03\\\/lotionanti-chute-sergedestelparis.webp.jpeg\",\"datePublished\":\"2024-03-09T14:56:10+00:00\",\"dateModified\":\"2026-02-01T01:05:25+00:00\",\"breadcrumb\":{\"@id\":\"https:\\\/\\\/cohea.be\\\/en\\\/produit\\\/lotion-cheveux-gras-cosmos-natural\\\/#breadcrumb\"},\"inLanguage\":\"en-US\",\"potentialAction\":[{\"@type\":\"ReadAction\",\"target\":[\"https:\\\/\\\/cohea.be\\\/en\\\/produit\\\/lotion-cheveux-gras-cosmos-natural\\\/\"]}]},{\"@type\":\"ImageObject\",\"inLanguage\":\"en-US\",\"@id\":\"https:\\\/\\\/cohea.be\\\/en\\\/produit\\\/lotion-cheveux-gras-cosmos-natural\\\/#primaryimage\",\"url\":\"https:\\\/\\\/cohea.be\\\/wp-content\\\/uploads\\\/2024\\\/03\\\/lotionanti-chute-sergedestelparis.webp.jpeg\",\"contentUrl\":\"https:\\\/\\\/cohea.be\\\/wp-content\\\/uploads\\\/2024\\\/03\\\/lotionanti-chute-sergedestelparis.webp.jpeg\",\"width\":1000,\"height\":1000},{\"@type\":\"BreadcrumbList\",\"@id\":\"https:\\\/\\\/cohea.be\\\/en\\\/produit\\\/lotion-cheveux-gras-cosmos-natural\\\/#breadcrumb\",\"itemListElement\":[{\"@type\":\"ListItem\",\"position\":1,\"name\":\"Accueil\",\"item\":\"https:\\\/\\\/cohea.be\\\/en\\\/main-home\\\/\"},{\"@type\":\"ListItem\",\"position\":2,\"name\":\"Shop\",\"item\":\"https:\\\/\\\/cohea.be\\\/en\\\/shop\\\/\"},{\"@type\":\"ListItem\",\"position\":3,\"name\":\"Lotion for oily hair COSMOS NATURAL\"}]},{\"@type\":\"WebSite\",\"@id\":\"https:\\\/\\\/cohea.be\\\/#website\",\"url\":\"https:\\\/\\\/cohea.be\\\/\",\"name\":\"COHEA\",\"description\":\"\",\"publisher\":{\"@id\":\"https:\\\/\\\/cohea.be\\\/#organization\"},\"potentialAction\":[{\"@type\":\"SearchAction\",\"target\":{\"@type\":\"EntryPoint\",\"urlTemplate\":\"https:\\\/\\\/cohea.be\\\/?s={search_term_string}\"},\"query-input\":{\"@type\":\"PropertyValueSpecification\",\"valueRequired\":true,\"valueName\":\"search_term_string\"}}],\"inLanguage\":\"en-US\"},{\"@type\":\"Organization\",\"@id\":\"https:\\\/\\\/cohea.be\\\/#organization\",\"name\":\"COHEA\",\"url\":\"https:\\\/\\\/cohea.be\\\/\",\"logo\":{\"@type\":\"ImageObject\",\"inLanguage\":\"en-US\",\"@id\":\"https:\\\/\\\/cohea.be\\\/#\\\/schema\\\/logo\\\/image\\\/\",\"url\":\"http:\\\/\\\/cohea.be\\\/wp-content\\\/uploads\\\/2018\\\/09\\\/LOGO-NOIR-1.png\",\"contentUrl\":\"http:\\\/\\\/cohea.be\\\/wp-content\\\/uploads\\\/2018\\\/09\\\/LOGO-NOIR-1.png\",\"width\":4920,\"height\":1604,\"caption\":\"COHEA\"},\"image\":{\"@id\":\"https:\\\/\\\/cohea.be\\\/#\\\/schema\\\/logo\\\/image\\\/\"}}]}<\/script>\n<!-- \/ Yoast SEO plugin. -->","yoast_head_json":{"title":"Lotion for oily hair COSMOS NATURAL &#8211; COHEA","robots":{"index":"index","follow":"follow","max-snippet":"max-snippet:-1","max-image-preview":"max-image-preview:large","max-video-preview":"max-video-preview:-1"},"canonical":"https:\/\/cohea.be\/en\/produit\/lotion-cheveux-gras-cosmos-natural\/","og_locale":"en_US","og_type":"article","og_title":"Lotion for oily hair COSMOS NATURAL &#8211; COHEA","og_description":"250ml  Forget about heavy and oily roots thanks to our deeply acting lotion! It is a leave-in for a complete treatment of oily hair. Our lotion is concentrated in nettle leaf extract and essential oils of peppermint, orange and patchouli. The scalp will grease less quickly thanks to its powerful cleansing benefits, seborregulators, bactericides and fungicides. You will find a balanced scalp, refreshed, cleansed.  For oily scalp.  &nbsp;","og_url":"https:\/\/cohea.be\/en\/produit\/lotion-cheveux-gras-cosmos-natural\/","og_site_name":"COHEA","article_modified_time":"2026-02-01T01:05:25+00:00","og_image":[{"width":1000,"height":1000,"url":"https:\/\/cohea.be\/wp-content\/uploads\/2024\/03\/lotionanti-chute-sergedestelparis.webp.jpeg","type":"image\/jpeg"}],"twitter_card":"summary_large_image","twitter_misc":{"Est. reading time":"1 minute"},"schema":{"@context":"https:\/\/schema.org","@graph":[{"@type":"WebPage","@id":"https:\/\/cohea.be\/en\/produit\/lotion-cheveux-gras-cosmos-natural\/","url":"https:\/\/cohea.be\/en\/produit\/lotion-cheveux-gras-cosmos-natural\/","name":"Lotion for oily hair COSMOS NATURAL &#8211; COHEA","isPartOf":{"@id":"https:\/\/cohea.be\/#website"},"primaryImageOfPage":{"@id":"https:\/\/cohea.be\/en\/produit\/lotion-cheveux-gras-cosmos-natural\/#primaryimage"},"image":{"@id":"https:\/\/cohea.be\/en\/produit\/lotion-cheveux-gras-cosmos-natural\/#primaryimage"},"thumbnailUrl":"https:\/\/cohea.be\/wp-content\/uploads\/2024\/03\/lotionanti-chute-sergedestelparis.webp.jpeg","datePublished":"2024-03-09T14:56:10+00:00","dateModified":"2026-02-01T01:05:25+00:00","breadcrumb":{"@id":"https:\/\/cohea.be\/en\/produit\/lotion-cheveux-gras-cosmos-natural\/#breadcrumb"},"inLanguage":"en-US","potentialAction":[{"@type":"ReadAction","target":["https:\/\/cohea.be\/en\/produit\/lotion-cheveux-gras-cosmos-natural\/"]}]},{"@type":"ImageObject","inLanguage":"en-US","@id":"https:\/\/cohea.be\/en\/produit\/lotion-cheveux-gras-cosmos-natural\/#primaryimage","url":"https:\/\/cohea.be\/wp-content\/uploads\/2024\/03\/lotionanti-chute-sergedestelparis.webp.jpeg","contentUrl":"https:\/\/cohea.be\/wp-content\/uploads\/2024\/03\/lotionanti-chute-sergedestelparis.webp.jpeg","width":1000,"height":1000},{"@type":"BreadcrumbList","@id":"https:\/\/cohea.be\/en\/produit\/lotion-cheveux-gras-cosmos-natural\/#breadcrumb","itemListElement":[{"@type":"ListItem","position":1,"name":"Accueil","item":"https:\/\/cohea.be\/en\/main-home\/"},{"@type":"ListItem","position":2,"name":"Shop","item":"https:\/\/cohea.be\/en\/shop\/"},{"@type":"ListItem","position":3,"name":"Lotion for oily hair COSMOS NATURAL"}]},{"@type":"WebSite","@id":"https:\/\/cohea.be\/#website","url":"https:\/\/cohea.be\/","name":"COHEA","description":"","publisher":{"@id":"https:\/\/cohea.be\/#organization"},"potentialAction":[{"@type":"SearchAction","target":{"@type":"EntryPoint","urlTemplate":"https:\/\/cohea.be\/?s={search_term_string}"},"query-input":{"@type":"PropertyValueSpecification","valueRequired":true,"valueName":"search_term_string"}}],"inLanguage":"en-US"},{"@type":"Organization","@id":"https:\/\/cohea.be\/#organization","name":"COHEA","url":"https:\/\/cohea.be\/","logo":{"@type":"ImageObject","inLanguage":"en-US","@id":"https:\/\/cohea.be\/#\/schema\/logo\/image\/","url":"http:\/\/cohea.be\/wp-content\/uploads\/2018\/09\/LOGO-NOIR-1.png","contentUrl":"http:\/\/cohea.be\/wp-content\/uploads\/2018\/09\/LOGO-NOIR-1.png","width":4920,"height":1604,"caption":"COHEA"},"image":{"@id":"https:\/\/cohea.be\/#\/schema\/logo\/image\/"}}]}},"jetpack_sharing_enabled":true,"_links":{"self":[{"href":"https:\/\/cohea.be\/en\/wp-json\/wp\/v2\/product\/27779","targetHints":{"allow":["GET"]}}],"collection":[{"href":"https:\/\/cohea.be\/en\/wp-json\/wp\/v2\/product"}],"about":[{"href":"https:\/\/cohea.be\/en\/wp-json\/wp\/v2\/types\/product"}],"replies":[{"embeddable":true,"href":"https:\/\/cohea.be\/en\/wp-json\/wp\/v2\/comments?post=27779"}],"wp:featuredmedia":[{"embeddable":true,"href":"https:\/\/cohea.be\/en\/wp-json\/wp\/v2\/media\/27776"}],"wp:attachment":[{"href":"https:\/\/cohea.be\/en\/wp-json\/wp\/v2\/media?parent=27779"}],"wp:term":[{"taxonomy":"product_brand","embeddable":true,"href":"https:\/\/cohea.be\/en\/wp-json\/wp\/v2\/product_brand?post=27779"},{"taxonomy":"product_cat","embeddable":true,"href":"https:\/\/cohea.be\/en\/wp-json\/wp\/v2\/product_cat?post=27779"},{"taxonomy":"product_tag","embeddable":true,"href":"https:\/\/cohea.be\/en\/wp-json\/wp\/v2\/product_tag?post=27779"}],"curies":[{"name":"wp","href":"https:\/\/api.w.org\/{rel}","templated":true}]}}