{"id":21160,"date":"2014-07-04T23:11:40","date_gmt":"2014-07-04T21:11:40","guid":{"rendered":"https:\/\/cohea.be\/services-tarifs\/clients\/"},"modified":"2025-06-06T13:56:19","modified_gmt":"2025-06-06T11:56:19","slug":"clients","status":"publish","type":"page","link":"https:\/\/cohea.be\/en\/services-prices\/clients\/","title":{"rendered":"COHEA Client"},"content":{"rendered":"\t\t<div data-elementor-type=\"wp-page\" data-elementor-id=\"21160\" class=\"elementor elementor-21160\" data-elementor-post-type=\"page\">\n\t\t\t\t\t\t<section class=\"elementor-section elementor-top-section elementor-element elementor-element-2e87e0c5 elementor-section-boxed elementor-section-height-default elementor-section-height-default qodef-elementor-content-no\" data-id=\"2e87e0c5\" data-element_type=\"section\">\n\t\t\t\t\t\t<div class=\"elementor-container elementor-column-gap-default\">\n\t\t\t\t\t<div class=\"elementor-column elementor-col-100 elementor-top-column elementor-element elementor-element-6c73d0fd\" data-id=\"6c73d0fd\" data-element_type=\"column\">\n\t\t\t<div class=\"elementor-widget-wrap elementor-element-populated\">\n\t\t\t\t\t\t<div class=\"elementor-element elementor-element-4a48d043 elementor-widget elementor-widget-askka_core_section_title\" data-id=\"4a48d043\" data-element_type=\"widget\" data-widget_type=\"askka_core_section_title.default\">\n\t\t\t\t<div class=\"elementor-widget-container\">\n\t\t\t\t\t<div class=\"qodef-shortcode qodef-m  qodef-section-title qodef-alignment--center \"  >\n\t\t\t\t<h3 class=\"qodef-m-title\" >\n\t\t\t\t\tServices et tarifs\t\t\t<\/h3>\n\t\t<p class=\"qodef-m-text\" >Tous les soins appliqu\u00e9s sont personnalis\u00e9s et adapt\u00e9s aux cheveux ondul\u00e9s, boucl\u00e9s, fris\u00e9s et cr\u00e9pus. Nous n\u2019utilisons que des produits de qualit\u00e9 sup\u00e9rieure compos\u00e9s d\u2019ingr\u00e9dients d\u2019origine naturelle et\/ou biologique.<\/p>\n<\/div>\n\t\t\t\t<\/div>\n\t\t\t\t<\/div>\n\t\t\t\t<div class=\"elementor-element elementor-element-6f1eb31d elementor-widget elementor-widget-askka_core_section_title\" data-id=\"6f1eb31d\" data-element_type=\"widget\" data-widget_type=\"askka_core_section_title.default\">\n\t\t\t\t<div class=\"elementor-widget-container\">\n\t\t\t\t\t<div class=\"qodef-shortcode qodef-m  qodef-section-title qodef-alignment--left \"  >\n\t\t\t\t<\/div>\n\t\t\t\t<\/div>\n\t\t\t\t<\/div>\n\t\t\t\t<div class=\"elementor-element elementor-element-27763ec elementor-widget elementor-widget-askka_core_section_title\" data-id=\"27763ec\" data-element_type=\"widget\" data-widget_type=\"askka_core_section_title.default\">\n\t\t\t\t<div class=\"elementor-widget-container\">\n\t\t\t\t\t<div class=\"qodef-shortcode qodef-m  qodef-section-title qodef-alignment--center \"  >\n\t\t\t\t<h4 class=\"qodef-m-title\" >\n\t\t\t\t\tForfaits, coupes &amp; soins\t\t\t<\/h4>\n\t<\/div>\n\t\t\t\t<\/div>\n\t\t\t\t<\/div>\n\t\t\t\t<div class=\"elementor-element elementor-element-e5ccd7e elementor-widget elementor-widget-askka_core_pricing_table\" data-id=\"e5ccd7e\" data-element_type=\"widget\" data-widget_type=\"askka_core_pricing_table.default\">\n\t\t\t\t<div class=\"elementor-widget-container\">\n\t\t\t\t\t<div class=\"qodef-shortcode qodef-m  qodef-pricing-table qodef-layout--standard qodef-status--regular \" style=\"background-color: #FCFAFA\">\n\t<div class=\"qodef-m-inner\">\n\t\t\t<div class=\"qodef-m-title\">\n\t\t<span >ELEVATE MY CURLS (90min)<\/span>\n\t<\/div>\n\t\t\t<div class=\"qodef-m-price\">\n\t\t<div class=\"qodef-m-price-wrapper qodef-h3\" >\n\t\t\t\t\t\t<span class=\"qodef-m-price-value\">140\u20ac<\/span>\n\t\t<\/div>\n\t<\/div>\n\t\t\t<div class=\"qodef-m-content\"><p><strong>COUPE + SOIN<\/strong><\/p><p>D\u00e9tendez-vous et d\u00e9couvrez une r\u00e9elle exp\u00e9rience de spa capillaire comprenant: la coupe &amp; shampoing, un soin personnalis\u00e9 avec traitement spa capillaire \u00e0 la vapeur, un massage cr\u00e2nien relaxant et la d\u00e9finition\/s\u00e9chage de vos boucles.<\/p><p><strong>Ce service est r\u00e9serv\u00e9 aux clients ayant b\u00e9n\u00e9fici\u00e9s d'un service COHEA<br \/><\/strong><\/p><\/div>\n\t\t\t<div class=\"qodef-m-button clear\">\n\t\t<a class=\"qodef-shortcode qodef-m  qodef-button qodef-layout--filled qodef-size--small  qodef-html--link \" href=\"https:\/\/cohea.be\/reservations-cliente-cohea\/\" target=\"_self\"  >\t<span class=\"qodef-m-text\">R\u00e9server<\/span><\/a>\t<\/div>\n\t<\/div>\n<\/div>\n\t\t\t\t<\/div>\n\t\t\t\t<\/div>\n\t\t\t\t<div class=\"elementor-element elementor-element-5f29a1d2 elementor-widget elementor-widget-askka_core_pricing_table\" data-id=\"5f29a1d2\" data-element_type=\"widget\" data-widget_type=\"askka_core_pricing_table.default\">\n\t\t\t\t<div class=\"elementor-widget-container\">\n\t\t\t\t\t<div class=\"qodef-shortcode qodef-m  qodef-pricing-table qodef-layout--standard qodef-status--regular qodef-background--has-image\" style=\"background-image: url(&quot;https:\/\/cohea.be\/wp-content\/uploads\/2021\/05\/pricing-bcgr-img.jpg&quot;)\">\n\t<div class=\"qodef-m-inner\">\n\t\t\t<div class=\"qodef-m-title\">\n\t\t<span >SHAPE MY CURLS (60min)<\/span>\n\t<\/div>\n\t\t\t<div class=\"qodef-m-price\">\n\t\t<div class=\"qodef-m-price-wrapper qodef-h3\" >\n\t\t\t\t\t\t<span class=\"qodef-m-price-value\">100\u20ac<\/span>\n\t\t<\/div>\n\t<\/div>\n\t\t\t<div class=\"qodef-m-content\"><p><strong>COUPE + SHAMPOING<\/strong><\/p><p>Revivez l'exp\u00e9rience COHEA et offrez-vous une coupe pour donner une forme \u00e0 votre chevelure suivie d'un shampoing, de la d\u00e9finition et du s\u00e9chage de vos boucles.<\/p><p><strong>Ce service est r\u00e9serv\u00e9 aux clients ayant b\u00e9n\u00e9fici\u00e9s d'une coupe \"Shape My Curls\", il y a <span style=\"text-decoration: underline;\">maximum 12 mois<\/span>.<\/strong><\/p><\/div>\n\t\t\t<div class=\"qodef-m-button clear\">\n\t\t<a class=\"qodef-shortcode qodef-m  qodef-button qodef-layout--filled qodef-size--small  qodef-html--link \" href=\"https:\/\/cohea.be\/reservations-cliente-cohea\/\" target=\"_self\"  >\t<span class=\"qodef-m-text\">R\u00e9server<\/span><\/a>\t<\/div>\n\t<\/div>\n<\/div>\n\t\t\t\t<\/div>\n\t\t\t\t<\/div>\n\t\t\t\t<div class=\"elementor-element elementor-element-6a5ea5ef elementor-widget elementor-widget-askka_core_pricing_table\" data-id=\"6a5ea5ef\" data-element_type=\"widget\" data-widget_type=\"askka_core_pricing_table.default\">\n\t\t\t\t<div class=\"elementor-widget-container\">\n\t\t\t\t\t<div class=\"qodef-shortcode qodef-m  qodef-pricing-table qodef-layout--standard qodef-status--regular \" style=\"background-color: #FCFAFA\">\n\t<div class=\"qodef-m-inner\">\n\t\t\t<div class=\"qodef-m-title\">\n\t\t<span >wash &amp; style my curls (60min)<\/span>\n\t<\/div>\n\t\t\t<div class=\"qodef-m-price\">\n\t\t<div class=\"qodef-m-price-wrapper qodef-h3\" >\n\t\t\t\t\t\t<span class=\"qodef-m-price-value\">\u00e0pd 80\u20ac<\/span>\n\t\t<\/div>\n\t<\/div>\n\t\t\t<div class=\"qodef-m-content\"><p><strong>SOIN+COIFFURE<\/strong><\/p><p><span data-contrast=\"auto\">Offrez-vous un soin <\/span><span data-contrast=\"auto\">au choix (avec ou sans vapeur) suivi de la d\u00e9finition de vos boucles.<br \/><\/span><\/p><p>Ce service est r\u00e9serv\u00e9 au client ayant b\u00e9n\u00e9fici\u00e9 d'un service COHEA.<\/p><\/div>\n\t\t\t<div class=\"qodef-m-button clear\">\n\t\t<a class=\"qodef-shortcode qodef-m  qodef-button qodef-layout--filled qodef-size--small  qodef-html--link \" href=\"https:\/\/cohea.be\/reservations-cliente-cohea\/\" target=\"_self\"  >\t<span class=\"qodef-m-text\">R\u00e9server<\/span><\/a>\t<\/div>\n\t<\/div>\n<\/div>\n\t\t\t\t<\/div>\n\t\t\t\t<\/div>\n\t\t\t\t<div class=\"elementor-element elementor-element-3c51b7a elementor-widget elementor-widget-askka_core_section_title\" data-id=\"3c51b7a\" data-element_type=\"widget\" data-widget_type=\"askka_core_section_title.default\">\n\t\t\t\t<div class=\"elementor-widget-container\">\n\t\t\t\t\t<div class=\"qodef-shortcode qodef-m  qodef-section-title qodef-alignment--center \"  >\n\t\t\t\t<h4 class=\"qodef-m-title\" >\n\t\t\t\t\tCoupes \u00e0 sec sans shampoing\t\t\t<\/h4>\n\t<\/div>\n\t\t\t\t<\/div>\n\t\t\t\t<\/div>\n\t\t\t\t<div class=\"elementor-element elementor-element-3358f3ae elementor-widget elementor-widget-askka_core_pricing_table\" data-id=\"3358f3ae\" data-element_type=\"widget\" data-widget_type=\"askka_core_pricing_table.default\">\n\t\t\t\t<div class=\"elementor-widget-container\">\n\t\t\t\t\t<div class=\"qodef-shortcode qodef-m  qodef-pricing-table qodef-layout--standard qodef-status--regular \" style=\"background-color: #FCFAFA\">\n\t<div class=\"qodef-m-inner\">\n\t\t\t<div class=\"qodef-m-title\">\n\t\t<span >just cut my curls (30min)<\/span>\n\t<\/div>\n\t\t\t<div class=\"qodef-m-price\">\n\t\t<div class=\"qodef-m-price-wrapper qodef-h3\" >\n\t\t\t\t\t\t<span class=\"qodef-m-price-value\">50\u20ac<\/span>\n\t\t<\/div>\n\t<\/div>\n\t\t\t<div class=\"qodef-m-content\"><p><strong>Coupe \u00e0 sec sans shampoing<\/strong><\/p><p>Coupe pour rafraichir votre forme.<\/p><p>Le prix varie en fonction de la longueur de vos cheveux.<br \/><em>Important: si vous souhaitez changer de forme r\u00e9servez une coupe \u201cShape My Curls *again*\u201d.<\/em><\/p><p><strong>Ce service est r\u00e9serv\u00e9 aux clients ayant b\u00e9n\u00e9fici\u00e9s d'une coupe \"Shape My Curls\", il y a <span style=\"text-decoration: underline;\">maximum 16 semaines<\/span>.<\/strong><\/p><\/div>\n\t\t\t<div class=\"qodef-m-button clear\">\n\t\t<a class=\"qodef-shortcode qodef-m  qodef-button qodef-layout--filled qodef-size--small  qodef-html--link \" href=\"https:\/\/cohea.be\/reservations-cliente-cohea\/\" target=\"_self\"  >\t<span class=\"qodef-m-text\">R\u00e9server<\/span><\/a>\t<\/div>\n\t<\/div>\n<\/div>\n\t\t\t\t<\/div>\n\t\t\t\t<\/div>\n\t\t\t\t<div class=\"elementor-element elementor-element-dd6b8d4 elementor-widget elementor-widget-askka_core_section_title\" data-id=\"dd6b8d4\" data-element_type=\"widget\" data-widget_type=\"askka_core_section_title.default\">\n\t\t\t\t<div class=\"elementor-widget-container\">\n\t\t\t\t\t<div class=\"qodef-shortcode qodef-m  qodef-section-title qodef-alignment--center \"  >\n\t\t\t\t<h4 class=\"qodef-m-title\" >\n\t\t\t\t\tColorations\t\t\t<\/h4>\n\t\t<p class=\"qodef-m-text\" >Temporairement indisponible \u00e0 l&#039;exception des clientes ayant d\u00e9j\u00e0 b\u00e9n\u00e9fici\u00e9 d&#039;un service coloration<\/p>\n<\/div>\n\t\t\t\t<\/div>\n\t\t\t\t<\/div>\n\t\t\t\t<div class=\"elementor-element elementor-element-de6fddf elementor-widget elementor-widget-askka_core_pricing_table\" data-id=\"de6fddf\" data-element_type=\"widget\" data-widget_type=\"askka_core_pricing_table.default\">\n\t\t\t\t<div class=\"elementor-widget-container\">\n\t\t\t\t\t<div class=\"qodef-shortcode qodef-m  qodef-pricing-table qodef-layout--standard qodef-status--regular qodef-background--has-image\" style=\"background-image: url(&quot;https:\/\/cohea.be\/wp-content\/uploads\/2021\/05\/pricing-bcgr-img.jpg&quot;)\">\n\t<div class=\"qodef-m-inner\">\n\t\t\t<div class=\"qodef-m-title\">\n\t\t<span >COLOR MY CURLS (1h - 3h30)<\/span>\n\t<\/div>\n\t\t\t<div class=\"qodef-m-price\">\n\t\t<div class=\"qodef-m-price-wrapper qodef-h3\" >\n\t\t\t\t\t\t<span class=\"qodef-m-price-value\">.<\/span>\n\t\t<\/div>\n\t<\/div>\n\t\t\t<div class=\"qodef-m-content\"><p><strong>COLORATION &amp; BALAYAGE<br \/><\/strong><\/p><p>Vous souhaitez de la couleur dans vos boucles? Choisissez ce service pour une coloration de votre chevelure, un soin et la d\u00e9finition de vos boucles, la coupe en suppl\u00e9ment:<\/p><p><strong>Coloration semi-permanente: <\/strong>110\u20ac<\/p><p><strong>Coloration permanente :<\/strong> 150\u20ac <em>(retouche racine: 120\u20ac)<\/em><\/p><p><strong>Balayage : <\/strong>\u00e0pd de 200\u20ac<\/p><p><strong>Ce service est r\u00e9serv\u00e9 aux clients ayant b\u00e9n\u00e9fici\u00e9s d'un service COHEA.<\/strong><\/p><\/div>\n\t\t\t<div class=\"qodef-m-button clear\">\n\t\t<a class=\"qodef-shortcode qodef-m  qodef-button qodef-layout--filled qodef-size--small  qodef-html--link \" href=\"https:\/\/cohea.be\/reservations-cliente-cohea\/\" target=\"_self\"  >\t<span class=\"qodef-m-text\">R\u00e9server<\/span><\/a>\t<\/div>\n\t<\/div>\n<\/div>\n\t\t\t\t<\/div>\n\t\t\t\t<\/div>\n\t\t\t\t\t<\/div>\n\t\t<\/div>\n\t\t\t\t\t<\/div>\n\t\t<\/section>\n\t\t\t\t<section class=\"elementor-section elementor-top-section elementor-element elementor-element-4530609 elementor-section-boxed elementor-section-height-default elementor-section-height-default qodef-elementor-content-no\" data-id=\"4530609\" data-element_type=\"section\">\n\t\t\t\t\t\t<div class=\"elementor-container elementor-column-gap-default\">\n\t\t\t\t\t<div class=\"elementor-column elementor-col-100 elementor-top-column elementor-element elementor-element-db96e39\" data-id=\"db96e39\" data-element_type=\"column\">\n\t\t\t<div class=\"elementor-widget-wrap elementor-element-populated\">\n\t\t\t\t\t\t<div class=\"elementor-element elementor-element-1b0ce6e elementor-widget elementor-widget-askka_core_single_image\" data-id=\"1b0ce6e\" data-element_type=\"widget\" data-widget_type=\"askka_core_single_image.default\">\n\t\t\t\t<div class=\"elementor-widget-container\">\n\t\t\t\t\t<div class=\"qodef-shortcode qodef-m  qodef-single-image qodef-layout--default \">\n\t<div class=\"qodef-m-image \">\n\t\t\t<img fetchpriority=\"high\" decoding=\"async\" width=\"1950\" height=\"1050\" src=\"https:\/\/cohea.be\/wp-content\/uploads\/2022\/01\/COHEA_web3.png\" class=\"attachment-full size-full\" alt=\"\" srcset=\"https:\/\/cohea.be\/wp-content\/uploads\/2022\/01\/COHEA_web3.png 1950w, https:\/\/cohea.be\/wp-content\/uploads\/2022\/01\/COHEA_web3-400x215.png 400w, https:\/\/cohea.be\/wp-content\/uploads\/2022\/01\/COHEA_web3-600x323.png 600w, https:\/\/cohea.be\/wp-content\/uploads\/2022\/01\/COHEA_web3-768x414.png 768w, https:\/\/cohea.be\/wp-content\/uploads\/2022\/01\/COHEA_web3-1536x827.png 1536w, https:\/\/cohea.be\/wp-content\/uploads\/2022\/01\/COHEA_web3-56x30.png 56w, https:\/\/cohea.be\/wp-content\/uploads\/2022\/01\/COHEA_web3-250x135.png 250w\" sizes=\"(max-width: 1950px) 100vw, 1950px\" \/>\t<\/div>\n<\/div>\n\t\t\t\t<\/div>\n\t\t\t\t<\/div>\n\t\t\t\t\t<\/div>\n\t\t<\/div>\n\t\t\t\t\t<\/div>\n\t\t<\/section>\n\t\t\t\t<\/div>\n\t\t","protected":false},"excerpt":{"rendered":"<p>Services &amp; prices All treatments are tailored for wavy, curly hair and tight curls. We only use high quality products made from natural and\/or organic ingredients. Package, cuts and treatments ELEVATE MY CURLS (90min) 140\u20ac CUT + TREATMENT Relax and discover a true hair spa experience including: haircut &amp; shampoo, a personalized hair spa treatment [&hellip;]<\/p>\n","protected":false},"author":1,"featured_media":0,"parent":13244,"menu_order":0,"comment_status":"closed","ping_status":"closed","template":"","meta":{"footnotes":""},"class_list":["post-21160","page","type-page","status-publish","hentry"],"yoast_head":"<!-- This site is optimized with the Yoast SEO plugin v27.4 - https:\/\/yoast.com\/product\/yoast-seo-wordpress\/ -->\n<title>COHEA Client &#8211; COHEA<\/title>\n<meta name=\"robots\" content=\"index, follow, max-snippet:-1, max-image-preview:large, max-video-preview:-1\" \/>\n<link rel=\"canonical\" href=\"https:\/\/cohea.be\/en\/services-prices\/clients\/\" \/>\n<meta property=\"og:locale\" content=\"en_US\" \/>\n<meta property=\"og:type\" content=\"article\" \/>\n<meta property=\"og:title\" content=\"COHEA Client &#8211; COHEA\" \/>\n<meta property=\"og:description\" content=\"Services &amp; prices All treatments are tailored for wavy, curly hair and tight curls. We only use high quality products made from natural and\/or organic ingredients. Package, cuts and treatments ELEVATE MY CURLS (90min) 140\u20ac CUT + TREATMENT Relax and discover a true hair spa experience including: haircut &amp; shampoo, a personalized hair spa treatment [&hellip;]\" \/>\n<meta property=\"og:url\" content=\"https:\/\/cohea.be\/en\/services-prices\/clients\/\" \/>\n<meta property=\"og:site_name\" content=\"COHEA\" \/>\n<meta property=\"article:modified_time\" content=\"2025-06-06T11:56:19+00:00\" \/>\n<meta property=\"og:image\" content=\"https:\/\/cohea.be\/wp-content\/uploads\/2022\/01\/COHEA_web3.png\" \/>\n<meta name=\"twitter:card\" content=\"summary_large_image\" \/>\n<meta name=\"twitter:label1\" content=\"Est. reading time\" \/>\n\t<meta name=\"twitter:data1\" content=\"2 minutes\" \/>\n<script type=\"application\/ld+json\" class=\"yoast-schema-graph\">{\"@context\":\"https:\\\/\\\/schema.org\",\"@graph\":[{\"@type\":\"WebPage\",\"@id\":\"https:\\\/\\\/cohea.be\\\/en\\\/services-prices\\\/clients\\\/\",\"url\":\"https:\\\/\\\/cohea.be\\\/en\\\/services-prices\\\/clients\\\/\",\"name\":\"COHEA Client &#8211; COHEA\",\"isPartOf\":{\"@id\":\"https:\\\/\\\/cohea.be\\\/#website\"},\"primaryImageOfPage\":{\"@id\":\"https:\\\/\\\/cohea.be\\\/en\\\/services-prices\\\/clients\\\/#primaryimage\"},\"image\":{\"@id\":\"https:\\\/\\\/cohea.be\\\/en\\\/services-prices\\\/clients\\\/#primaryimage\"},\"thumbnailUrl\":\"https:\\\/\\\/cohea.be\\\/wp-content\\\/uploads\\\/2022\\\/01\\\/COHEA_web3.png\",\"datePublished\":\"2014-07-04T21:11:40+00:00\",\"dateModified\":\"2025-06-06T11:56:19+00:00\",\"breadcrumb\":{\"@id\":\"https:\\\/\\\/cohea.be\\\/en\\\/services-prices\\\/clients\\\/#breadcrumb\"},\"inLanguage\":\"en-US\",\"potentialAction\":[{\"@type\":\"ReadAction\",\"target\":[\"https:\\\/\\\/cohea.be\\\/en\\\/services-prices\\\/clients\\\/\"]}]},{\"@type\":\"ImageObject\",\"inLanguage\":\"en-US\",\"@id\":\"https:\\\/\\\/cohea.be\\\/en\\\/services-prices\\\/clients\\\/#primaryimage\",\"url\":\"https:\\\/\\\/cohea.be\\\/wp-content\\\/uploads\\\/2022\\\/01\\\/COHEA_web3.png\",\"contentUrl\":\"https:\\\/\\\/cohea.be\\\/wp-content\\\/uploads\\\/2022\\\/01\\\/COHEA_web3.png\"},{\"@type\":\"BreadcrumbList\",\"@id\":\"https:\\\/\\\/cohea.be\\\/en\\\/services-prices\\\/clients\\\/#breadcrumb\",\"itemListElement\":[{\"@type\":\"ListItem\",\"position\":1,\"name\":\"Accueil\",\"item\":\"https:\\\/\\\/cohea.be\\\/en\\\/main-home\\\/\"},{\"@type\":\"ListItem\",\"position\":2,\"name\":\"Services &amp; Prices\",\"item\":\"https:\\\/\\\/cohea.be\\\/en\\\/services-prices\\\/\"},{\"@type\":\"ListItem\",\"position\":3,\"name\":\"COHEA Client\"}]},{\"@type\":\"WebSite\",\"@id\":\"https:\\\/\\\/cohea.be\\\/#website\",\"url\":\"https:\\\/\\\/cohea.be\\\/\",\"name\":\"COHEA\",\"description\":\"\",\"publisher\":{\"@id\":\"https:\\\/\\\/cohea.be\\\/#organization\"},\"potentialAction\":[{\"@type\":\"SearchAction\",\"target\":{\"@type\":\"EntryPoint\",\"urlTemplate\":\"https:\\\/\\\/cohea.be\\\/?s={search_term_string}\"},\"query-input\":{\"@type\":\"PropertyValueSpecification\",\"valueRequired\":true,\"valueName\":\"search_term_string\"}}],\"inLanguage\":\"en-US\"},{\"@type\":\"Organization\",\"@id\":\"https:\\\/\\\/cohea.be\\\/#organization\",\"name\":\"COHEA\",\"url\":\"https:\\\/\\\/cohea.be\\\/\",\"logo\":{\"@type\":\"ImageObject\",\"inLanguage\":\"en-US\",\"@id\":\"https:\\\/\\\/cohea.be\\\/#\\\/schema\\\/logo\\\/image\\\/\",\"url\":\"http:\\\/\\\/cohea.be\\\/wp-content\\\/uploads\\\/2018\\\/09\\\/LOGO-NOIR-1.png\",\"contentUrl\":\"http:\\\/\\\/cohea.be\\\/wp-content\\\/uploads\\\/2018\\\/09\\\/LOGO-NOIR-1.png\",\"width\":4920,\"height\":1604,\"caption\":\"COHEA\"},\"image\":{\"@id\":\"https:\\\/\\\/cohea.be\\\/#\\\/schema\\\/logo\\\/image\\\/\"}}]}<\/script>\n<!-- \/ Yoast SEO plugin. -->","yoast_head_json":{"title":"COHEA Client &#8211; COHEA","robots":{"index":"index","follow":"follow","max-snippet":"max-snippet:-1","max-image-preview":"max-image-preview:large","max-video-preview":"max-video-preview:-1"},"canonical":"https:\/\/cohea.be\/en\/services-prices\/clients\/","og_locale":"en_US","og_type":"article","og_title":"COHEA Client &#8211; COHEA","og_description":"Services &amp; prices All treatments are tailored for wavy, curly hair and tight curls. We only use high quality products made from natural and\/or organic ingredients. Package, cuts and treatments ELEVATE MY CURLS (90min) 140\u20ac CUT + TREATMENT Relax and discover a true hair spa experience including: haircut &amp; shampoo, a personalized hair spa treatment [&hellip;]","og_url":"https:\/\/cohea.be\/en\/services-prices\/clients\/","og_site_name":"COHEA","article_modified_time":"2025-06-06T11:56:19+00:00","og_image":[{"url":"https:\/\/cohea.be\/wp-content\/uploads\/2022\/01\/COHEA_web3.png","type":"","width":"","height":""}],"twitter_card":"summary_large_image","twitter_misc":{"Est. reading time":"2 minutes"},"schema":{"@context":"https:\/\/schema.org","@graph":[{"@type":"WebPage","@id":"https:\/\/cohea.be\/en\/services-prices\/clients\/","url":"https:\/\/cohea.be\/en\/services-prices\/clients\/","name":"COHEA Client &#8211; COHEA","isPartOf":{"@id":"https:\/\/cohea.be\/#website"},"primaryImageOfPage":{"@id":"https:\/\/cohea.be\/en\/services-prices\/clients\/#primaryimage"},"image":{"@id":"https:\/\/cohea.be\/en\/services-prices\/clients\/#primaryimage"},"thumbnailUrl":"https:\/\/cohea.be\/wp-content\/uploads\/2022\/01\/COHEA_web3.png","datePublished":"2014-07-04T21:11:40+00:00","dateModified":"2025-06-06T11:56:19+00:00","breadcrumb":{"@id":"https:\/\/cohea.be\/en\/services-prices\/clients\/#breadcrumb"},"inLanguage":"en-US","potentialAction":[{"@type":"ReadAction","target":["https:\/\/cohea.be\/en\/services-prices\/clients\/"]}]},{"@type":"ImageObject","inLanguage":"en-US","@id":"https:\/\/cohea.be\/en\/services-prices\/clients\/#primaryimage","url":"https:\/\/cohea.be\/wp-content\/uploads\/2022\/01\/COHEA_web3.png","contentUrl":"https:\/\/cohea.be\/wp-content\/uploads\/2022\/01\/COHEA_web3.png"},{"@type":"BreadcrumbList","@id":"https:\/\/cohea.be\/en\/services-prices\/clients\/#breadcrumb","itemListElement":[{"@type":"ListItem","position":1,"name":"Accueil","item":"https:\/\/cohea.be\/en\/main-home\/"},{"@type":"ListItem","position":2,"name":"Services &amp; Prices","item":"https:\/\/cohea.be\/en\/services-prices\/"},{"@type":"ListItem","position":3,"name":"COHEA Client"}]},{"@type":"WebSite","@id":"https:\/\/cohea.be\/#website","url":"https:\/\/cohea.be\/","name":"COHEA","description":"","publisher":{"@id":"https:\/\/cohea.be\/#organization"},"potentialAction":[{"@type":"SearchAction","target":{"@type":"EntryPoint","urlTemplate":"https:\/\/cohea.be\/?s={search_term_string}"},"query-input":{"@type":"PropertyValueSpecification","valueRequired":true,"valueName":"search_term_string"}}],"inLanguage":"en-US"},{"@type":"Organization","@id":"https:\/\/cohea.be\/#organization","name":"COHEA","url":"https:\/\/cohea.be\/","logo":{"@type":"ImageObject","inLanguage":"en-US","@id":"https:\/\/cohea.be\/#\/schema\/logo\/image\/","url":"http:\/\/cohea.be\/wp-content\/uploads\/2018\/09\/LOGO-NOIR-1.png","contentUrl":"http:\/\/cohea.be\/wp-content\/uploads\/2018\/09\/LOGO-NOIR-1.png","width":4920,"height":1604,"caption":"COHEA"},"image":{"@id":"https:\/\/cohea.be\/#\/schema\/logo\/image\/"}}]}},"jetpack_sharing_enabled":true,"_links":{"self":[{"href":"https:\/\/cohea.be\/en\/wp-json\/wp\/v2\/pages\/21160","targetHints":{"allow":["GET"]}}],"collection":[{"href":"https:\/\/cohea.be\/en\/wp-json\/wp\/v2\/pages"}],"about":[{"href":"https:\/\/cohea.be\/en\/wp-json\/wp\/v2\/types\/page"}],"author":[{"embeddable":true,"href":"https:\/\/cohea.be\/en\/wp-json\/wp\/v2\/users\/1"}],"replies":[{"embeddable":true,"href":"https:\/\/cohea.be\/en\/wp-json\/wp\/v2\/comments?post=21160"}],"version-history":[{"count":99,"href":"https:\/\/cohea.be\/en\/wp-json\/wp\/v2\/pages\/21160\/revisions"}],"predecessor-version":[{"id":26537,"href":"https:\/\/cohea.be\/en\/wp-json\/wp\/v2\/pages\/21160\/revisions\/26537"}],"up":[{"embeddable":true,"href":"https:\/\/cohea.be\/en\/wp-json\/wp\/v2\/pages\/13244"}],"wp:attachment":[{"href":"https:\/\/cohea.be\/en\/wp-json\/wp\/v2\/media?parent=21160"}],"curies":[{"name":"wp","href":"https:\/\/api.w.org\/{rel}","templated":true}]}}