{"id":18603,"date":"2021-10-08T11:12:38","date_gmt":"2021-10-08T09:12:38","guid":{"rendered":"https:\/\/cohea.be\/?page_id=18603"},"modified":"2022-01-12T16:08:54","modified_gmt":"2022-01-12T15:08:54","slug":"newsletter","status":"publish","type":"page","link":"https:\/\/cohea.be\/en\/newsletter\/","title":{"rendered":"Newsletter"},"content":{"rendered":"\t\t<div data-elementor-type=\"wp-page\" data-elementor-id=\"18603\" class=\"elementor elementor-18603 elementor-18593\" data-elementor-post-type=\"page\">\n\t\t\t\t\t\t<section class=\"elementor-section elementor-top-section elementor-element elementor-element-1609f006 elementor-section-boxed elementor-section-height-default elementor-section-height-default qodef-elementor-content-no\" data-id=\"1609f006\" data-element_type=\"section\">\n\t\t\t\t\t\t<div class=\"elementor-container elementor-column-gap-default\">\n\t\t\t\t\t<div class=\"elementor-column elementor-col-100 elementor-top-column elementor-element elementor-element-64992c30\" data-id=\"64992c30\" data-element_type=\"column\">\n\t\t\t<div class=\"elementor-widget-wrap elementor-element-populated\">\n\t\t\t\t\t\t<div class=\"elementor-element elementor-element-4a87596d elementor-widget elementor-widget-text-editor\" data-id=\"4a87596d\" data-element_type=\"widget\" data-widget_type=\"text-editor.default\">\n\t\t\t\t<div class=\"elementor-widget-container\">\n\t\t\t\t\t\t\t\t\t<p><img fetchpriority=\"high\" decoding=\"async\" class=\"alignnone wp-image-20449 size-full\" src=\"https:\/\/cohea.be\/wp-content\/uploads\/2022\/01\/EllenClaes.com_CoheaShop_141-1.jpg\" alt=\"\" width=\"960\" height=\"640\" srcset=\"https:\/\/cohea.be\/wp-content\/uploads\/2022\/01\/EllenClaes.com_CoheaShop_141-1.jpg 960w, https:\/\/cohea.be\/wp-content\/uploads\/2022\/01\/EllenClaes.com_CoheaShop_141-1-400x267.jpg 400w, https:\/\/cohea.be\/wp-content\/uploads\/2022\/01\/EllenClaes.com_CoheaShop_141-1-600x400.jpg 600w, https:\/\/cohea.be\/wp-content\/uploads\/2022\/01\/EllenClaes.com_CoheaShop_141-1-768x512.jpg 768w, https:\/\/cohea.be\/wp-content\/uploads\/2022\/01\/EllenClaes.com_CoheaShop_141-1-45x30.jpg 45w, https:\/\/cohea.be\/wp-content\/uploads\/2022\/01\/EllenClaes.com_CoheaShop_141-1-250x167.jpg 250w\" sizes=\"(max-width: 960px) 100vw, 960px\" \/><\/p><p>To keep updated on my shop, you can subscribe to COHEA newsletter.<\/p><p><\/p><p><style type=\"text\/css\">\n\t#mc_embed_signup{background:#fff; clear:left; font:14px Helvetica,Arial,sans-serif; }<br \/>\n\t\/* Add your own Mailchimp form style overrides in your site stylesheet or in this style block.<br \/>\n\t   We recommend moving this block and the preceding CSS link to the HEAD of your HTML file. *\/<br \/>\n<\/style> <style type=\"text\/css\">\n\t#mc-embedded-subscribe-form input[type=checkbox]{display: inline; width: auto;margin-right: 10px;}<br \/>\n\t#mergeRow-gdpr {margin-top: 20px;}<br \/>\n\t#mergeRow-gdpr fieldset label {font-weight: normal;}<br \/>\n\t#mc-embedded-subscribe-form .mc_fieldset{border:none;min-height: 0px;padding-bottom:0px;}<br \/>\n<\/style><\/p><div id=\"mc_embed_signup\"><form id=\"mc-embedded-subscribe-form\" class=\"validate\" action=\"https:\/\/cohea.us19.list-manage.com\/subscribe\/post?u=48c2d6da1dffc77d42dc94274&amp;id=f73f0b6f1d\" method=\"post\" name=\"mc-embedded-subscribe-form\" novalidate=\"\" target=\"_blank\"><div id=\"mc_embed_signup_scroll\"><h2>COHEA&#8217;s newsletter<\/h2><div class=\"indicates-required\"><span class=\"asterisk\">*<\/span> indicates required<\/div><div class=\"mc-field-group\"><label for=\"mce-EMAIL\">Mail address <span class=\"asterisk\">*<\/span><br \/><\/label><br \/><input id=\"mce-EMAIL\" class=\"required email\" name=\"EMAIL\" type=\"email\" value=\"\" \/><\/div><div class=\"mc-field-group\"><label for=\"mce-FNAME\">Firstname <\/label><br \/><input id=\"mce-FNAME\" class=\"\" name=\"FNAME\" type=\"text\" value=\"\" \/><\/div><div class=\"mc-field-group\"><label for=\"mce-LNAME\">Lastname <\/label><br \/><input id=\"mce-LNAME\" class=\"\" name=\"LNAME\" type=\"text\" value=\"\" \/><\/div><div class=\"mc-field-group input-group\" style=\"display: none;\"><strong>Langue\/language <\/strong><ul><li><input id=\"mce-group[7358]-7358-0\" name=\"group[7358][1]\" type=\"checkbox\" value=\"1\" \/><label for=\"mce-group[7358]-7358-0\">Fran\u00e7ais<\/label><\/li><li><input id=\"mce-group[7358]-7358-1\" checked=\"checked\" name=\"group[7358][2]\" type=\"checkbox\" value=\"2\" \/><label for=\"mce-group[7358]-7358-1\">English<\/label><\/li><\/ul><\/div><div id=\"mergeRow-gdpr\" class=\"mergeRow gdpr-mergeRow content__gdprBlock mc-field-group\"><div class=\"content__gdpr\"><label>Authorizations<\/label><p>You will receive informations by:<\/p><fieldset class=\"mc_fieldset gdprRequired mc-field-group\" name=\"interestgroup_field\"><label class=\"checkbox subfield\" for=\"gdpr_16069\"><input id=\"gdpr_16069\" class=\"av-checkbox gdpr\" checked=\"checked\" name=\"gdpr[16069]\" type=\"checkbox\" value=\"Y\" \/>E-mail <\/label><\/fieldset><p>You can unsubscribe at any time by clicking the link in the footer of our emails. For information about our privacy practices, please visit our website.<\/p><p>The data provided through this form are processed by COHEA. The processing is based on your consent and its purpose is to allow you to answer your email. For more information please read our <a href=\"\/?page_id=12856\">Privacy Policy here<\/a>.<\/p><\/div><\/div><div id=\"mce-responses\" class=\"clear\"><div id=\"mce-error-response\" class=\"response\" style=\"display: none;\">\u00a0<\/div><div id=\"mce-success-response\" class=\"response\" style=\"display: none;\">\u00a0<\/div><\/div><p><\/p><div style=\"position: absolute; left: -5000px;\" aria-hidden=\"true\"><input tabindex=\"-1\" name=\"b_48c2d6da1dffc77d42dc94274_f73f0b6f1d\" type=\"text\" value=\"\" \/><\/div><div class=\"clear\"><input id=\"mc-embedded-subscribe\" class=\"button\" style=\"padding-top: 0px!important;\" name=\"subscribe\" type=\"submit\" value=\"Subscribe\" \/><\/div><\/div><\/form><\/div><p><script type='text\/javascript' src='\/\/s3.amazonaws.com\/downloads.mailchimp.com\/js\/mc-validate.js'><\/script><script type='text\/javascript'>(function($) {window.fnames = new Array(); window.ftypes = new Array();fnames[0]='EMAIL';ftypes[0]='email';fnames[1]='FNAME';ftypes[1]='text';fnames[2]='LNAME';ftypes[2]='text';fnames[3]='ADDRESS';ftypes[3]='address'; \/*\n * Translated default messages for the $ validation plugin.\n * Locale: FR\n *\/\n$.extend($.validator.messages, {\n        required: \"Ce champ est requis.\",\n        remote: \"Veuillez remplir ce champ pour continuer.\",\n        email: \"Veuillez entrer une adresse email valide.\",\n        url: \"Veuillez entrer une URL valide.\",\n        date: \"Veuillez entrer une date valide.\",\n        dateISO: \"Veuillez entrer une date valide (ISO).\",\n        number: \"Veuillez entrer un nombre valide.\",\n        digits: \"Veuillez entrer (seulement) une valeur num\u00e9rique.\",\n        creditcard: \"Veuillez entrer un num\u00e9ro de carte de cr\u00e9dit valide.\",\n        equalTo: \"Veuillez entrer une nouvelle fois la m\u00eame valeur.\",\n        accept: \"Veuillez entrer une valeur avec une extension valide.\",\n        maxlength: $.validator.format(\"Veuillez ne pas entrer plus de {0} caract\u00e8res.\"),\n        minlength: $.validator.format(\"Veuillez entrer au moins {0} caract\u00e8res.\"),\n        rangelength: $.validator.format(\"Veuillez entrer entre {0} et {1} caract\u00e8res.\"),\n        range: $.validator.format(\"Veuillez entrer une valeur entre {0} et {1}.\"),\n        max: $.validator.format(\"Veuillez entrer une valeur inf\u00e9rieure ou \u00e9gale \u00e0 {0}.\"),\n        min: $.validator.format(\"Veuillez entrer une valeur sup\u00e9rieure ou \u00e9gale \u00e0 {0}.\")\n});}(jQuery));var $mcj = jQuery.noConflict(true);<\/script><br \/><\/p><p>\u00a0<\/p>\t\t\t\t\t\t\t\t<\/div>\n\t\t\t\t<\/div>\n\t\t\t\t\t<\/div>\n\t\t<\/div>\n\t\t\t\t\t<\/div>\n\t\t<\/section>\n\t\t\t\t<\/div>\n\t\t","protected":false},"excerpt":{"rendered":"<p>To keep updated on my shop, you can subscribe to COHEA newsletter. COHEA&#8217;s newsletter * indicates requiredMail address *Firstname Lastname Langue\/language Fran\u00e7ais English Authorizations You will receive informations by: E-mail You can unsubscribe at any time by clicking the link in the footer of our emails. For information about our privacy practices, please visit our [&hellip;]<\/p>\n","protected":false},"author":1,"featured_media":18595,"parent":0,"menu_order":0,"comment_status":"closed","ping_status":"closed","template":"","meta":{"footnotes":""},"class_list":["post-18603","page","type-page","status-publish","has-post-thumbnail","hentry"],"yoast_head":"<!-- This site is optimized with the Yoast SEO plugin v27.4 - https:\/\/yoast.com\/product\/yoast-seo-wordpress\/ -->\n<title>Newsletter &#8211; COHEA<\/title>\n<meta name=\"robots\" content=\"index, follow, max-snippet:-1, max-image-preview:large, max-video-preview:-1\" \/>\n<link rel=\"canonical\" href=\"https:\/\/cohea.be\/en\/newsletter\/\" \/>\n<meta property=\"og:locale\" content=\"en_US\" \/>\n<meta property=\"og:type\" content=\"article\" \/>\n<meta property=\"og:title\" content=\"Newsletter &#8211; COHEA\" \/>\n<meta property=\"og:description\" content=\"To keep updated on my shop, you can subscribe to COHEA newsletter. COHEA&#8217;s newsletter * indicates requiredMail address *Firstname Lastname Langue\/language Fran\u00e7ais English Authorizations You will receive informations by: E-mail You can unsubscribe at any time by clicking the link in the footer of our emails. For information about our privacy practices, please visit our [&hellip;]\" \/>\n<meta property=\"og:url\" content=\"https:\/\/cohea.be\/en\/newsletter\/\" \/>\n<meta property=\"og:site_name\" content=\"COHEA\" \/>\n<meta property=\"article:modified_time\" content=\"2022-01-12T15:08:54+00:00\" \/>\n<meta property=\"og:image\" content=\"https:\/\/cohea.be\/wp-content\/uploads\/2021\/10\/maxim-ilyahov-0aRycsfH57A-unsplash-scaled.jpg\" \/>\n\t<meta property=\"og:image:width\" content=\"2560\" \/>\n\t<meta property=\"og:image:height\" content=\"1707\" \/>\n\t<meta property=\"og:image:type\" content=\"image\/jpeg\" \/>\n<meta name=\"twitter:card\" content=\"summary_large_image\" \/>\n<meta name=\"twitter:label1\" content=\"Est. reading time\" \/>\n\t<meta name=\"twitter:data1\" content=\"2 minutes\" \/>\n<script type=\"application\/ld+json\" class=\"yoast-schema-graph\">{\"@context\":\"https:\\\/\\\/schema.org\",\"@graph\":[{\"@type\":\"WebPage\",\"@id\":\"https:\\\/\\\/cohea.be\\\/en\\\/newsletter\\\/\",\"url\":\"https:\\\/\\\/cohea.be\\\/en\\\/newsletter\\\/\",\"name\":\"Newsletter &#8211; COHEA\",\"isPartOf\":{\"@id\":\"https:\\\/\\\/cohea.be\\\/#website\"},\"primaryImageOfPage\":{\"@id\":\"https:\\\/\\\/cohea.be\\\/en\\\/newsletter\\\/#primaryimage\"},\"image\":{\"@id\":\"https:\\\/\\\/cohea.be\\\/en\\\/newsletter\\\/#primaryimage\"},\"thumbnailUrl\":\"https:\\\/\\\/cohea.be\\\/wp-content\\\/uploads\\\/2021\\\/10\\\/maxim-ilyahov-0aRycsfH57A-unsplash-scaled.jpg\",\"datePublished\":\"2021-10-08T09:12:38+00:00\",\"dateModified\":\"2022-01-12T15:08:54+00:00\",\"breadcrumb\":{\"@id\":\"https:\\\/\\\/cohea.be\\\/en\\\/newsletter\\\/#breadcrumb\"},\"inLanguage\":\"en-US\",\"potentialAction\":[{\"@type\":\"ReadAction\",\"target\":[\"https:\\\/\\\/cohea.be\\\/en\\\/newsletter\\\/\"]}]},{\"@type\":\"ImageObject\",\"inLanguage\":\"en-US\",\"@id\":\"https:\\\/\\\/cohea.be\\\/en\\\/newsletter\\\/#primaryimage\",\"url\":\"https:\\\/\\\/cohea.be\\\/wp-content\\\/uploads\\\/2021\\\/10\\\/maxim-ilyahov-0aRycsfH57A-unsplash-scaled.jpg\",\"contentUrl\":\"https:\\\/\\\/cohea.be\\\/wp-content\\\/uploads\\\/2021\\\/10\\\/maxim-ilyahov-0aRycsfH57A-unsplash-scaled.jpg\",\"width\":\"2560\",\"height\":\"1707\"},{\"@type\":\"BreadcrumbList\",\"@id\":\"https:\\\/\\\/cohea.be\\\/en\\\/newsletter\\\/#breadcrumb\",\"itemListElement\":[{\"@type\":\"ListItem\",\"position\":1,\"name\":\"Accueil\",\"item\":\"https:\\\/\\\/cohea.be\\\/en\\\/main-home\\\/\"},{\"@type\":\"ListItem\",\"position\":2,\"name\":\"Newsletter\"}]},{\"@type\":\"WebSite\",\"@id\":\"https:\\\/\\\/cohea.be\\\/#website\",\"url\":\"https:\\\/\\\/cohea.be\\\/\",\"name\":\"COHEA\",\"description\":\"\",\"publisher\":{\"@id\":\"https:\\\/\\\/cohea.be\\\/#organization\"},\"potentialAction\":[{\"@type\":\"SearchAction\",\"target\":{\"@type\":\"EntryPoint\",\"urlTemplate\":\"https:\\\/\\\/cohea.be\\\/?s={search_term_string}\"},\"query-input\":{\"@type\":\"PropertyValueSpecification\",\"valueRequired\":true,\"valueName\":\"search_term_string\"}}],\"inLanguage\":\"en-US\"},{\"@type\":\"Organization\",\"@id\":\"https:\\\/\\\/cohea.be\\\/#organization\",\"name\":\"COHEA\",\"url\":\"https:\\\/\\\/cohea.be\\\/\",\"logo\":{\"@type\":\"ImageObject\",\"inLanguage\":\"en-US\",\"@id\":\"https:\\\/\\\/cohea.be\\\/#\\\/schema\\\/logo\\\/image\\\/\",\"url\":\"http:\\\/\\\/cohea.be\\\/wp-content\\\/uploads\\\/2018\\\/09\\\/LOGO-NOIR-1.png\",\"contentUrl\":\"http:\\\/\\\/cohea.be\\\/wp-content\\\/uploads\\\/2018\\\/09\\\/LOGO-NOIR-1.png\",\"width\":4920,\"height\":1604,\"caption\":\"COHEA\"},\"image\":{\"@id\":\"https:\\\/\\\/cohea.be\\\/#\\\/schema\\\/logo\\\/image\\\/\"}}]}<\/script>\n<!-- \/ Yoast SEO plugin. -->","yoast_head_json":{"title":"Newsletter &#8211; COHEA","robots":{"index":"index","follow":"follow","max-snippet":"max-snippet:-1","max-image-preview":"max-image-preview:large","max-video-preview":"max-video-preview:-1"},"canonical":"https:\/\/cohea.be\/en\/newsletter\/","og_locale":"en_US","og_type":"article","og_title":"Newsletter &#8211; COHEA","og_description":"To keep updated on my shop, you can subscribe to COHEA newsletter. COHEA&#8217;s newsletter * indicates requiredMail address *Firstname Lastname Langue\/language Fran\u00e7ais English Authorizations You will receive informations by: E-mail You can unsubscribe at any time by clicking the link in the footer of our emails. For information about our privacy practices, please visit our [&hellip;]","og_url":"https:\/\/cohea.be\/en\/newsletter\/","og_site_name":"COHEA","article_modified_time":"2022-01-12T15:08:54+00:00","og_image":[{"width":2560,"height":1707,"url":"https:\/\/cohea.be\/wp-content\/uploads\/2021\/10\/maxim-ilyahov-0aRycsfH57A-unsplash-scaled.jpg","type":"image\/jpeg"}],"twitter_card":"summary_large_image","twitter_misc":{"Est. reading time":"2 minutes"},"schema":{"@context":"https:\/\/schema.org","@graph":[{"@type":"WebPage","@id":"https:\/\/cohea.be\/en\/newsletter\/","url":"https:\/\/cohea.be\/en\/newsletter\/","name":"Newsletter &#8211; COHEA","isPartOf":{"@id":"https:\/\/cohea.be\/#website"},"primaryImageOfPage":{"@id":"https:\/\/cohea.be\/en\/newsletter\/#primaryimage"},"image":{"@id":"https:\/\/cohea.be\/en\/newsletter\/#primaryimage"},"thumbnailUrl":"https:\/\/cohea.be\/wp-content\/uploads\/2021\/10\/maxim-ilyahov-0aRycsfH57A-unsplash-scaled.jpg","datePublished":"2021-10-08T09:12:38+00:00","dateModified":"2022-01-12T15:08:54+00:00","breadcrumb":{"@id":"https:\/\/cohea.be\/en\/newsletter\/#breadcrumb"},"inLanguage":"en-US","potentialAction":[{"@type":"ReadAction","target":["https:\/\/cohea.be\/en\/newsletter\/"]}]},{"@type":"ImageObject","inLanguage":"en-US","@id":"https:\/\/cohea.be\/en\/newsletter\/#primaryimage","url":"https:\/\/cohea.be\/wp-content\/uploads\/2021\/10\/maxim-ilyahov-0aRycsfH57A-unsplash-scaled.jpg","contentUrl":"https:\/\/cohea.be\/wp-content\/uploads\/2021\/10\/maxim-ilyahov-0aRycsfH57A-unsplash-scaled.jpg","width":"2560","height":"1707"},{"@type":"BreadcrumbList","@id":"https:\/\/cohea.be\/en\/newsletter\/#breadcrumb","itemListElement":[{"@type":"ListItem","position":1,"name":"Accueil","item":"https:\/\/cohea.be\/en\/main-home\/"},{"@type":"ListItem","position":2,"name":"Newsletter"}]},{"@type":"WebSite","@id":"https:\/\/cohea.be\/#website","url":"https:\/\/cohea.be\/","name":"COHEA","description":"","publisher":{"@id":"https:\/\/cohea.be\/#organization"},"potentialAction":[{"@type":"SearchAction","target":{"@type":"EntryPoint","urlTemplate":"https:\/\/cohea.be\/?s={search_term_string}"},"query-input":{"@type":"PropertyValueSpecification","valueRequired":true,"valueName":"search_term_string"}}],"inLanguage":"en-US"},{"@type":"Organization","@id":"https:\/\/cohea.be\/#organization","name":"COHEA","url":"https:\/\/cohea.be\/","logo":{"@type":"ImageObject","inLanguage":"en-US","@id":"https:\/\/cohea.be\/#\/schema\/logo\/image\/","url":"http:\/\/cohea.be\/wp-content\/uploads\/2018\/09\/LOGO-NOIR-1.png","contentUrl":"http:\/\/cohea.be\/wp-content\/uploads\/2018\/09\/LOGO-NOIR-1.png","width":4920,"height":1604,"caption":"COHEA"},"image":{"@id":"https:\/\/cohea.be\/#\/schema\/logo\/image\/"}}]}},"jetpack_sharing_enabled":true,"_links":{"self":[{"href":"https:\/\/cohea.be\/en\/wp-json\/wp\/v2\/pages\/18603","targetHints":{"allow":["GET"]}}],"collection":[{"href":"https:\/\/cohea.be\/en\/wp-json\/wp\/v2\/pages"}],"about":[{"href":"https:\/\/cohea.be\/en\/wp-json\/wp\/v2\/types\/page"}],"author":[{"embeddable":true,"href":"https:\/\/cohea.be\/en\/wp-json\/wp\/v2\/users\/1"}],"replies":[{"embeddable":true,"href":"https:\/\/cohea.be\/en\/wp-json\/wp\/v2\/comments?post=18603"}],"version-history":[{"count":6,"href":"https:\/\/cohea.be\/en\/wp-json\/wp\/v2\/pages\/18603\/revisions"}],"predecessor-version":[{"id":21802,"href":"https:\/\/cohea.be\/en\/wp-json\/wp\/v2\/pages\/18603\/revisions\/21802"}],"wp:featuredmedia":[{"embeddable":true,"href":"https:\/\/cohea.be\/en\/wp-json\/wp\/v2\/media\/18595"}],"wp:attachment":[{"href":"https:\/\/cohea.be\/en\/wp-json\/wp\/v2\/media?parent=18603"}],"curies":[{"name":"wp","href":"https:\/\/api.w.org\/{rel}","templated":true}]}}